{"id":15875,"date":"2022-10-20T12:07:13","date_gmt":"2022-10-20T12:07:13","guid":{"rendered":"https:\/\/hu.skeyndor.com\/?post_type=product&#038;p=15875"},"modified":"2024-10-04T14:50:38","modified_gmt":"2024-10-04T12:50:38","slug":"megan-tech","status":"publish","type":"product","link":"https:\/\/hu.skeyndor.com\/es\/producto\/megan-tech\/","title":{"rendered":"Megan by Skeyndor"},"content":{"rendered":"<h4>DESCRIPCI\u00d3N<\/h4>\n<p>TRI SYNERGY TECH\u2122 LA EVOLUCION EN LA TECNOLOGIA COSMETICA<br \/>\nTri Synergy Tech\u2122 combina, por primera vez, el potencial de  Hi-Freq, Dermaboost y Deep RGB en un equipo multitratamiento \u00fanico que, junto con Hi-Tech Performing Cosmetics, crea una sinergia con efectos espectaculares. El antes y el despu\u00e9s en tratamientos cosm\u00e9ticos con aparatolog\u00eda.<\/p>\n<h4>TECNOLOGIAS<\/h4>\n<p><strong>LA REGENERACION PROFUNDA EMPIEZA CON HI -FREQ <\/strong><br \/>\nHI-FREQ Reactiva la piel desde el interior. Hi-Freq es el primer paso del sistema MEGAN\u00ae. Una corriente de alta frecuencia capacitiva monopolar que, con el gel conductor de alto rendimiento Hi-Freq Gel, estimula, regenera y remodela los tejidos m\u00e1s profundos de la piel.<\/p>\n<p><strong>MAXIMA PERMEABILIDAD Y EFICACIA CON DERMABOOST DEEP RGB<\/strong><br \/>\nDirecto a las capas m\u00e1s profundas.El segundo paso combina las tecnolog\u00edas Dermaboost y Deep RGB.Dermaboost aumenta la penetraci\u00f3n y mejora la absorci\u00f3n de los principios activos Led Active gracias a corrientes de hidroelectroporaci\u00f3n de \u00faltima generaci\u00f3n, especialmente adaptadas para el sistema MEGAN. A la vez, la t\u00e9cnica Deep RGB activa los concentrados fotoestimulables Led Active formulados con tecnolog\u00eda Dron Cosm\u00e9tico. Cada luz penetra a distintos niveles y se aplica con un concentrado espec\u00edfico para cada necesidad: poros,luminosidad, firmeza, manchas, arrugas y flacidez.<\/p>\n<p>Sinergia tecnol\u00f3gica de doble acci\u00f3n<br \/>\nLas tecnolog\u00edas Dermaboost y Deep RGB se combinan por primera vez de forma innovadora en un solo manipulo que trabaja a media frecuencia con diferentes modulaciones.<\/p>\n<p>&nbsp;<\/p>\n<div style=\"padding:56.25% 0 0 0;position:relative;\"><iframe src=\"https:\/\/player.vimeo.com\/video\/757558732?h=8c95b0d08e&amp;badge=0&amp;autopause=0&amp;player_id=0&amp;app_id=58479\" frameborder=\"0\" allow=\"autoplay; fullscreen; picture-in-picture\" allowfullscreen style=\"position:absolute;top:0;left:0;width:100%;height:100%;\" ><\/iframe><\/div>\n<p><script src=\"https:\/\/player.vimeo.com\/api\/player.js\"><\/script><\/p>\n","protected":false},"excerpt":{"rendered":"<h2>EL FUTURO DE LA EST\u00c9TICA PROFESIONAL YA EST\u00c1 AQU\u00cd <\/h2>\n<p>Conoce la innovaci\u00f3n m\u00e1s avanzada en tecnolog\u00eda y cosm\u00e9tica. MEGAN te acerca el futuro y te acompa\u00f1a para cuidar y mejorar la piel con un sistema que logra una regeneraci\u00f3n celular extraordinaria desde los tejidos m\u00e1s profundos. No es ciencia ficci\u00f3n. MEGAN es una realidad tecnol\u00f3gica, desarrollada por Skeyndor, basada en la ciencia de la belleza m\u00e1s pionera. El fruto del conocimiento y la experiencia de 50 a\u00f1os de investigaci\u00f3n.<\/p>\n","protected":false},"featured_media":17449,"template":"","meta":{"_acf_changed":false},"product_brand":[],"product_cat":[1878],"product_tag":[168,3256,169,3257,3258,3255,3259,1667,2237,2236],"class_list":{"0":"post-15875","1":"product","2":"type-product","3":"status-publish","4":"has-post-thumbnail","6":"product_cat-skeyndor-intech","7":"product_tag-arrugas","8":"product_tag-coemtica","9":"product_tag-flacidez","10":"product_tag-hifreq","11":"product_tag-iluminidaor","12":"product_tag-megan","13":"product_tag-tratamienti-indiba","14":"product_tag-tratamiento","15":"product_tag-tratamiento-corporal","16":"product_tag-tratamiento-facial","17":"no-featured-image-padding","18":"","19":"woocommerce-text-align-center","20":"woocommerce-image-align-center","22":"first","23":"instock","24":"product-type-simple"},"acf":[],"_links":{"self":[{"href":"https:\/\/hu.skeyndor.com\/es\/wp-json\/wp\/v2\/product\/15875","targetHints":{"allow":["GET"]}}],"collection":[{"href":"https:\/\/hu.skeyndor.com\/es\/wp-json\/wp\/v2\/product"}],"about":[{"href":"https:\/\/hu.skeyndor.com\/es\/wp-json\/wp\/v2\/types\/product"}],"version-history":[{"count":0,"href":"https:\/\/hu.skeyndor.com\/es\/wp-json\/wp\/v2\/product\/15875\/revisions"}],"wp:featuredmedia":[{"embeddable":true,"href":"https:\/\/hu.skeyndor.com\/es\/wp-json\/wp\/v2\/media\/17449"}],"wp:attachment":[{"href":"https:\/\/hu.skeyndor.com\/es\/wp-json\/wp\/v2\/media?parent=15875"}],"wp:term":[{"taxonomy":"product_brand","embeddable":true,"href":"https:\/\/hu.skeyndor.com\/es\/wp-json\/wp\/v2\/product_brand?post=15875"},{"taxonomy":"product_cat","embeddable":true,"href":"https:\/\/hu.skeyndor.com\/es\/wp-json\/wp\/v2\/product_cat?post=15875"},{"taxonomy":"product_tag","embeddable":true,"href":"https:\/\/hu.skeyndor.com\/es\/wp-json\/wp\/v2\/product_tag?post=15875"}],"curies":[{"name":"wp","href":"https:\/\/api.w.org\/{rel}","templated":true}]}}