{"id":16854,"date":"2023-01-19T19:12:17","date_gmt":"2023-01-19T19:12:17","guid":{"rendered":"https:\/\/hu.skeyndor.com\/producto\/barro-exfoliante-de-carbon-spa-senses\/"},"modified":"2024-10-04T14:50:36","modified_gmt":"2024-10-04T12:50:36","slug":"barro-exfoliante-de-carbon-profesional-spa-senses","status":"publish","type":"product","link":"https:\/\/hu.skeyndor.com\/es\/producto\/barro-exfoliante-de-carbon-profesional-spa-senses\/","title":{"rendered":"Barro Exfoliante de Carb\u00f3n profesional- Spa Senses"},"content":{"rendered":"<h4>TIPO DE PIEL<\/h4>\n<p>Pieles gruesas y con impurezas.<\/p>\n<h4>PRINCIPIOS ACTIVOS<\/h4>\n<p>Carb\u00f3n vegetal (Charcoal) : Purificante y desintoxicante.<br \/>\nFangos negros org\u00e1nicos: Hidratante.<br \/>\nAgua de manantial de Salies de Bearn: Calmante.<br \/>\nPart\u00edculas de arena volc\u00e1nica: Exfoliante.<\/p>\n<h4>CONSEJOS DE APLICACI\u00d3N<\/h4>\n<p>Aplicar y masajear sobre la piel para permitir que las part\u00edculas de arena volc\u00e1nica se exfolien. La acci\u00f3n exfoliante<br \/>\npuede hacerse m\u00e1s suave mojando las manos. Retirar bajo la ducha o con toallas h\u00famedas<\/p>\n<h4>BENEFICIOS<\/h4>\n<p>Las finas part\u00edculas de arena negra volc\u00e1nica proporcionan una exfoliaci\u00f3n natural e intensa.<br \/>\nEl carb\u00f3n vegetal de bamb\u00fa tiene una acci\u00f3n purificadora y absorbente de impurezas en las capas superficiales de la<br \/>\npiel. Los fangos org\u00e1nicos del este de Europa contienen m\u00e1s del 90% de materia org\u00e1nica y producen un efecto de purificaci\u00f3n<br \/>\ny revitalizaci\u00f3n cut\u00e1nea<\/p>\n","protected":false},"excerpt":{"rendered":"<h2>Peeling de barro org\u00e1nico y carb\u00f3n vegetal para limpiar, alisar y purificar la piel con una intensa acci\u00f3n de renovaci\u00f3n<br \/>\ncut\u00e1nea.<\/h2>\n<p>El fango org\u00e1nico y el carb\u00f3n vegetal limpian, alisan y purifican la piel. El resultado: un efecto remineralizante y detoxificante de la naturaleza, gracias a las part\u00edculas finas de arena negra, que permiten una exfoliaci\u00f3n natural y profunda y a las propiedades purificadoras y absorbentes del carb\u00f3n.<\/p>\n","protected":false},"featured_media":16858,"template":"","meta":{"_acf_changed":false},"product_brand":[],"product_cat":[2279,2278],"product_tag":[1311,383,486,746,3289,3288,2063,3278,3277,1667,2237,2086],"class_list":{"0":"post-16854","1":"product","2":"type-product","3":"status-publish","4":"has-post-thumbnail","6":"product_cat-spa-senses","7":"product_cat-tratamiento-cabina","8":"product_tag-carbon","9":"product_tag-corporal","10":"product_tag-cuerpo","11":"product_tag-exfoliante","12":"product_tag-fuerte","13":"product_tag-masaje","14":"product_tag-profesional","15":"product_tag-spa","16":"product_tag-spa-senses","17":"product_tag-tratamiento","18":"product_tag-tratamiento-corporal","19":"product_tag-tratamiento-profesional","20":"no-featured-image-padding","21":"","22":"woocommerce-text-align-center","23":"woocommerce-image-align-center","25":"first","26":"instock","27":"product-type-simple"},"acf":[],"_links":{"self":[{"href":"https:\/\/hu.skeyndor.com\/es\/wp-json\/wp\/v2\/product\/16854","targetHints":{"allow":["GET"]}}],"collection":[{"href":"https:\/\/hu.skeyndor.com\/es\/wp-json\/wp\/v2\/product"}],"about":[{"href":"https:\/\/hu.skeyndor.com\/es\/wp-json\/wp\/v2\/types\/product"}],"version-history":[{"count":0,"href":"https:\/\/hu.skeyndor.com\/es\/wp-json\/wp\/v2\/product\/16854\/revisions"}],"wp:featuredmedia":[{"embeddable":true,"href":"https:\/\/hu.skeyndor.com\/es\/wp-json\/wp\/v2\/media\/16858"}],"wp:attachment":[{"href":"https:\/\/hu.skeyndor.com\/es\/wp-json\/wp\/v2\/media?parent=16854"}],"wp:term":[{"taxonomy":"product_brand","embeddable":true,"href":"https:\/\/hu.skeyndor.com\/es\/wp-json\/wp\/v2\/product_brand?post=16854"},{"taxonomy":"product_cat","embeddable":true,"href":"https:\/\/hu.skeyndor.com\/es\/wp-json\/wp\/v2\/product_cat?post=16854"},{"taxonomy":"product_tag","embeddable":true,"href":"https:\/\/hu.skeyndor.com\/es\/wp-json\/wp\/v2\/product_tag?post=16854"}],"curies":[{"name":"wp","href":"https:\/\/api.w.org\/{rel}","templated":true}]}}