{"id":16904,"date":"2023-01-19T19:12:57","date_gmt":"2023-01-19T19:12:57","guid":{"rendered":"https:\/\/hu.skeyndor.com\/producto\/manteca-exfoliante-de-sesamo-y-aguacate-spa-senses-2\/"},"modified":"2024-10-04T14:50:35","modified_gmt":"2024-10-04T12:50:35","slug":"manteca-exfoliante-de-sesamo-y-aguacate-spa-senses","status":"publish","type":"product","link":"https:\/\/hu.skeyndor.com\/es\/producto\/manteca-exfoliante-de-sesamo-y-aguacate-spa-senses\/","title":{"rendered":"Manteca Exfoliante de S\u00e9samo y Aguacate &#8211; Spa Senses"},"content":{"rendered":"<h4>TIPO DE PIEL<\/h4>\n<p>Pieles finas y sensibles.<\/p>\n<h4>PRINCIPIOS ACTIVOS<\/h4>\n<p>Masajear suavemente sobre la piel y dejar actuar para que contin\u00fae su efecto nutritivo en las capas superficiales.<br \/>\nEnjuaguar con agua si se desea, aunque en la mayoria de los casos la piel absorve el producto y no es necesario retirarlo.<\/p>\n<h4>CONSEJOS DE APLICACI\u00d3N<\/h4>\n<p>Aplicar directamente sobre la piel y realizar movimientos de fricci\u00f3n. Retirar y enjuagar con agua o con toallas h\u00famedas.<\/p>\n<h4>BENEFICIOS<\/h4>\n<p>Las part\u00edculas exfoliantes, suspendidas en una rica base cremosa, disuelven suavemente las c\u00e9lulas muertas de la piel.<br \/>\nLos aceites de aguacate y de s\u00e9samo forman una fina pel\u00edcula en la superficie de la piel para nutrirla y suavizarla. La<br \/>\npiel lucir\u00e1 sedosa y suave.<\/p>\n","protected":false},"excerpt":{"rendered":"<h2>Exfoliante corporal nutritivo y equilibrante, con aceite de aguacate y s\u00e9samo que alisa y<br \/>\nnutre la piel, dej\u00e1ndola muy suave e hidratada.<\/h2>\n<p>El aceite de aguacate y el s\u00e9samo nutren la piel para dejarla hidratada con una exfoliaci\u00f3n suave y delicada. El poder nutritivo de la naturaleza aportar\u00e1 toda la suavidad que necesita el cuerpo.<\/p>\n","protected":false},"featured_media":16908,"template":"","meta":{"_acf_changed":false},"product_brand":[],"product_cat":[2279],"product_tag":[383,486,746,3291,3288,869,3278,3277,1667,2237],"class_list":{"0":"post-16904","1":"product","2":"type-product","3":"status-publish","4":"has-post-thumbnail","6":"product_cat-spa-senses","7":"product_tag-corporal","8":"product_tag-cuerpo","9":"product_tag-exfoliante","10":"product_tag-manteca","11":"product_tag-masaje","12":"product_tag-naranja","13":"product_tag-spa","14":"product_tag-spa-senses","15":"product_tag-tratamiento","16":"product_tag-tratamiento-corporal","17":"no-featured-image-padding","18":"","19":"woocommerce-text-align-center","20":"woocommerce-image-align-center","22":"first","23":"instock","24":"product-type-simple"},"acf":[],"_links":{"self":[{"href":"https:\/\/hu.skeyndor.com\/es\/wp-json\/wp\/v2\/product\/16904","targetHints":{"allow":["GET"]}}],"collection":[{"href":"https:\/\/hu.skeyndor.com\/es\/wp-json\/wp\/v2\/product"}],"about":[{"href":"https:\/\/hu.skeyndor.com\/es\/wp-json\/wp\/v2\/types\/product"}],"version-history":[{"count":0,"href":"https:\/\/hu.skeyndor.com\/es\/wp-json\/wp\/v2\/product\/16904\/revisions"}],"wp:featuredmedia":[{"embeddable":true,"href":"https:\/\/hu.skeyndor.com\/es\/wp-json\/wp\/v2\/media\/16908"}],"wp:attachment":[{"href":"https:\/\/hu.skeyndor.com\/es\/wp-json\/wp\/v2\/media?parent=16904"}],"wp:term":[{"taxonomy":"product_brand","embeddable":true,"href":"https:\/\/hu.skeyndor.com\/es\/wp-json\/wp\/v2\/product_brand?post=16904"},{"taxonomy":"product_cat","embeddable":true,"href":"https:\/\/hu.skeyndor.com\/es\/wp-json\/wp\/v2\/product_cat?post=16904"},{"taxonomy":"product_tag","embeddable":true,"href":"https:\/\/hu.skeyndor.com\/es\/wp-json\/wp\/v2\/product_tag?post=16904"}],"curies":[{"name":"wp","href":"https:\/\/api.w.org\/{rel}","templated":true}]}}