{"id":16954,"date":"2023-01-19T19:13:36","date_gmt":"2023-01-19T19:13:36","guid":{"rendered":"https:\/\/hu.skeyndor.com\/producto\/concentrado-piel-de-naranja-con-cafeina-y-carnitina-spa-senses\/"},"modified":"2024-10-04T14:50:34","modified_gmt":"2024-10-04T12:50:34","slug":"concentrado-piel-de-naranja-con-cafeina-y-carnitina-profesional-spa-senses","status":"publish","type":"product","link":"https:\/\/hu.skeyndor.com\/es\/producto\/concentrado-piel-de-naranja-con-cafeina-y-carnitina-profesional-spa-senses\/","title":{"rendered":"Concentrado piel de naranja con cafe\u00edna y carnitina profesional  &#8211; Spa Senses"},"content":{"rendered":"<h4>TIPO DE PIEL<\/h4>\n<p>Celulitis duras, fibrosas y adiposidades rebeldes.<\/p>\n<h4>PRINCIPIOS ACTIVOS<\/h4>\n<p>Cafe\u00edna y derivados: Estimula la degradaci\u00f3n de triglic\u00e9ridos y reduce la entrada de \u00e1cidos grasos en el adipocito<br \/>\nCarnitina: Quemagrasas.<br \/>\nEuglena gracilis: Microalga que act\u00faa como una gran fuente de energ\u00eda.<br \/>\nGlaucium flavum: Activa a las prote\u00ednas implicadas en la remodelaci\u00f3n del tejido adiposo y su interacci\u00f3n con el tejido d\u00e9rmico. (fibrol\u00edtico)<\/p>\n<h4>CONSEJOS DE APLICACI\u00d3N<\/h4>\n<p>Aplicar con masaje en las zonas a tratar, despu\u00e9s de haber exfoliado e hidratado la piel.<\/p>\n<h4>BENEFICIOS<\/h4>\n<p>Este concentrado de textura ligera y de f\u00e1cil absorci\u00f3n nos permite tratar las zonas de mayor infiltraci\u00f3n grasa, reduciendo la fibrosis y mejorando el aspecto de la piel de naranja.<br \/>\nSe puede trabajar con hidroelectroforesis o ionizaci\u00f3n con polaridad negativa.<\/p>\n","protected":false},"excerpt":{"rendered":"<h2> Biol\u00f3gico profesional para mejorar el aspecto noduloso de la piel de naranja.<\/h2>\n<p>Las f\u00f3rmulas concentradas de la naturaleza y los activos de alta calidad se funden para cuidar y conectar el cuerpo y la mente.<br \/>\nLos concentrados excepcionales de efecto anticelulitico y reductor cuidan la piel y ayudan a esculpir la silueta.<\/p>\n","protected":false},"featured_media":16958,"template":"","meta":{"_acf_changed":false},"product_brand":[],"product_cat":[2279,2278],"product_tag":[3296,667,959,383,486,3288,517,2063,3278,3277,1667,2237],"class_list":{"0":"post-16954","1":"product","2":"type-product","3":"status-publish","4":"has-post-thumbnail","6":"product_cat-spa-senses","7":"product_cat-tratamiento-cabina","8":"product_tag-cafeina","9":"product_tag-circulacion","10":"product_tag-concentrado","11":"product_tag-corporal","12":"product_tag-cuerpo","13":"product_tag-masaje","14":"product_tag-piel-naranja","15":"product_tag-profesional","16":"product_tag-spa","17":"product_tag-spa-senses","18":"product_tag-tratamiento","19":"product_tag-tratamiento-corporal","20":"no-featured-image-padding","21":"","22":"woocommerce-text-align-center","23":"woocommerce-image-align-center","25":"first","26":"instock","27":"product-type-simple"},"acf":[],"_links":{"self":[{"href":"https:\/\/hu.skeyndor.com\/es\/wp-json\/wp\/v2\/product\/16954","targetHints":{"allow":["GET"]}}],"collection":[{"href":"https:\/\/hu.skeyndor.com\/es\/wp-json\/wp\/v2\/product"}],"about":[{"href":"https:\/\/hu.skeyndor.com\/es\/wp-json\/wp\/v2\/types\/product"}],"version-history":[{"count":0,"href":"https:\/\/hu.skeyndor.com\/es\/wp-json\/wp\/v2\/product\/16954\/revisions"}],"wp:featuredmedia":[{"embeddable":true,"href":"https:\/\/hu.skeyndor.com\/es\/wp-json\/wp\/v2\/media\/16958"}],"wp:attachment":[{"href":"https:\/\/hu.skeyndor.com\/es\/wp-json\/wp\/v2\/media?parent=16954"}],"wp:term":[{"taxonomy":"product_brand","embeddable":true,"href":"https:\/\/hu.skeyndor.com\/es\/wp-json\/wp\/v2\/product_brand?post=16954"},{"taxonomy":"product_cat","embeddable":true,"href":"https:\/\/hu.skeyndor.com\/es\/wp-json\/wp\/v2\/product_cat?post=16954"},{"taxonomy":"product_tag","embeddable":true,"href":"https:\/\/hu.skeyndor.com\/es\/wp-json\/wp\/v2\/product_tag?post=16954"}],"curies":[{"name":"wp","href":"https:\/\/api.w.org\/{rel}","templated":true}]}}