{"id":17020,"date":"2023-01-19T19:14:15","date_gmt":"2023-01-19T19:14:15","guid":{"rendered":"https:\/\/hu.skeyndor.com\/producto\/crema-de-masaje-de-cannabis-spa-senses\/"},"modified":"2024-10-04T14:50:33","modified_gmt":"2024-10-04T12:50:33","slug":"crema-de-masaje-de-cannabis-profesional-spa-senses","status":"publish","type":"product","link":"https:\/\/hu.skeyndor.com\/es\/producto\/crema-de-masaje-de-cannabis-profesional-spa-senses\/","title":{"rendered":"Crema de Masaje de Cannabis profesional- Spa Senses"},"content":{"rendered":"<h4>TIPO DE PIEL<\/h4>\n<p>Todo tipo de pieles.<\/p>\n<h4>PRINCIPIOS ACTIVOS<\/h4>\n<p>Aceite de semilla de Cannabis sativa: Efecto calmante y antiinflamatorio sobre la piel. Tambi\u00e9n tiene una acci\u00f3n<br \/>\nreequilibrante de la barrera protectora lip\u00eddica cut\u00e1nea.<br \/>\nC\u00e1psulas de Vit E.: Acci\u00f3n antioxidante.<\/p>\n<h4>CONSEJOS DE APLICACI\u00d3N<\/h4>\n<p>Aplicar la cantidad necesaria de crema en la zona a masajear. La textura de la crema permite realizar cualquier tipo de<br \/>\nmasaje.<\/p>\n<h4>BENEFICIOS<\/h4>\n<p>Esta crema es excelente para la salud y el equilibrio de la piel gracias a la proporci\u00f3n de aceites Omega 6 y Omega 3.<br \/>\nEstimula la circulaci\u00f3n sangu\u00ednea, aumenta la elasticidad de la piel y mejora sus niveles de hidrataci\u00f3n.<br \/>\nEl aceite de semilla de Cannabis aporta un efecto antiinflamatorio y reafirmante cut\u00e1neo. Adem\u00e1s, gracias a las c\u00e1psulas<br \/>\nde vitamina E tiene una intensa acci\u00f3n antioxidante<\/p>\n","protected":false},"excerpt":{"rendered":"<h2> Crema de masaje corporal calmante con extracto de aceite de cannabis y enriquecida con c\u00e1psulas de Vitamina E.<\/h2>\n<p>Crema de masaje corporal con extracto de cannabis, karit\u00e9 y enriquecida con c\u00e1psulas de vitamina E, que se disuelven para aportar antioxidantes. El aceite de cannabis tiene un efecto calmante y antinflamatorio en la piel.<\/p>\n","protected":false},"featured_media":17027,"template":"","meta":{"_acf_changed":false},"product_brand":[],"product_cat":[2279,2278],"product_tag":[71,3303,383,354,486,3288,2063,3278,3277,1667,2237],"class_list":{"0":"post-17020","1":"product","2":"type-product","3":"status-publish","4":"has-post-thumbnail","6":"product_cat-spa-senses","7":"product_cat-tratamiento-cabina","8":"product_tag-calmante","9":"product_tag-cannabis","10":"product_tag-corporal","11":"product_tag-crema","12":"product_tag-cuerpo","13":"product_tag-masaje","14":"product_tag-profesional","15":"product_tag-spa","16":"product_tag-spa-senses","17":"product_tag-tratamiento","18":"product_tag-tratamiento-corporal","19":"no-featured-image-padding","20":"","21":"woocommerce-text-align-center","22":"woocommerce-image-align-center","24":"first","25":"instock","26":"product-type-simple"},"acf":[],"_links":{"self":[{"href":"https:\/\/hu.skeyndor.com\/es\/wp-json\/wp\/v2\/product\/17020","targetHints":{"allow":["GET"]}}],"collection":[{"href":"https:\/\/hu.skeyndor.com\/es\/wp-json\/wp\/v2\/product"}],"about":[{"href":"https:\/\/hu.skeyndor.com\/es\/wp-json\/wp\/v2\/types\/product"}],"version-history":[{"count":0,"href":"https:\/\/hu.skeyndor.com\/es\/wp-json\/wp\/v2\/product\/17020\/revisions"}],"wp:featuredmedia":[{"embeddable":true,"href":"https:\/\/hu.skeyndor.com\/es\/wp-json\/wp\/v2\/media\/17027"}],"wp:attachment":[{"href":"https:\/\/hu.skeyndor.com\/es\/wp-json\/wp\/v2\/media?parent=17020"}],"wp:term":[{"taxonomy":"product_brand","embeddable":true,"href":"https:\/\/hu.skeyndor.com\/es\/wp-json\/wp\/v2\/product_brand?post=17020"},{"taxonomy":"product_cat","embeddable":true,"href":"https:\/\/hu.skeyndor.com\/es\/wp-json\/wp\/v2\/product_cat?post=17020"},{"taxonomy":"product_tag","embeddable":true,"href":"https:\/\/hu.skeyndor.com\/es\/wp-json\/wp\/v2\/product_tag?post=17020"}],"curies":[{"name":"wp","href":"https:\/\/api.w.org\/{rel}","templated":true}]}}