{"id":17064,"date":"2023-01-19T19:14:54","date_gmt":"2023-01-19T19:14:54","guid":{"rendered":"https:\/\/hu.skeyndor.com\/producto\/esencia-de-jengibre-y-naranja-amarga-spa-senses\/"},"modified":"2024-10-04T14:50:33","modified_gmt":"2024-10-04T12:50:33","slug":"esencia-de-jengibre-y-naranja-amarga-profesional-spa-senses","status":"publish","type":"product","link":"https:\/\/hu.skeyndor.com\/es\/producto\/esencia-de-jengibre-y-naranja-amarga-profesional-spa-senses\/","title":{"rendered":"Esencia de jengibre y naranja amarga profesional- Spa Senses"},"content":{"rendered":"<h4>TIPO DE PIEL<\/h4>\n<p>Todo tipo de pieles.<\/p>\n<h4>PRINCIPIOS ACTIVOS<\/h4>\n<p>Aceite esencial de hoja de naranjo amargo:<br \/>\nLa naranja amarga contiene sustancias qu\u00edmicas que influyen en el sistema nervioso. Adem\u00e1s, estimulan la<br \/>\nvasoconstricci\u00f3n de los vasos sangu\u00edneos, aumenta ligeramente la presi\u00f3n arterial y en consecuencia acelera las<br \/>\npulsaciones, lo que ayuda a energizar. La naranja amarga tambi\u00e9n aporta un gran antioxidante gracias a los flavonoides,<br \/>\nvitamina B3 y C. Estimula la s\u00edntesis de col\u00e1geno, que le confiere propiedades cicatrizantes y regeneradoras antiedad.<br \/>\nLos flavonoides a su vez proporcionan propiedades circulatorias, detoxificantes y tonificantes.<br \/>\nAceite esencial de ra\u00edz de jengibre:<br \/>\nEl jengibre es un fuerte antioxidante con propiedades estimulantes y antis\u00e9pticas. Es beneficioso para la circulaci\u00f3n y<br \/>\nreactivar el tono muscular. El jengibre puede influir en los niveles de serotonina y puede tratar y reducir la ansiedad<br \/>\nhaciendo que las personas se sientan m\u00e1s tranquilas, pero con energ\u00eda.<\/p>\n<h4>CONSEJOS DE APLICACI\u00d3N<\/h4>\n<p>Puede aplicarse directamente sobre la piel o diluida en la crema de masaje o ponerse en el ba\u00f1o. Se aplica preferentemente<br \/>\nen las zonas que necesite activaci\u00f3n y energ\u00eda, siendo recomendable en zonas de dorsales, plexo solar, piernas y pies.<br \/>\nEstos puntos del tronco inferior predisponen dentro del masaje a una mayor vitalitalidad y energ\u00eda.<\/p>\n<h4>BENEFICIOS<\/h4>\n<p>Ayuda a aliviar el estr\u00e9s y aporta una acci\u00f3n energizante. Puede aplicarse directamente sobre la piel, diluirse en cremas<br \/>\no a\u00f1adir en el ba\u00f1o.<br \/>\nEs ideal para clientes cansados y agotados que necesitan recargar las pilas.<\/p>\n","protected":false},"excerpt":{"rendered":"<h2>Esencia estimulante con aceites esenciales de jengibre y naranja amarga que nutre y perfuma la piel. <\/h2>\n<p>Esta combinaci\u00f3n de dos aceites esenciales estimula y reactiva los sentidos para abrir la puerta al mundo de sensaciones de los tratamientos Spa Senses. Id\u00f3nea tambi\u00e9n para aromatizar el agua.<\/p>\n","protected":false},"featured_media":17068,"template":"","meta":{"_acf_changed":false},"product_brand":[],"product_cat":[2279,2278],"product_tag":[383,486,1730,1738,3288,869,2063,3278,3277,1667,2237,2086],"class_list":{"0":"post-17064","1":"product","2":"type-product","3":"status-publish","4":"has-post-thumbnail","6":"product_cat-spa-senses","7":"product_cat-tratamiento-cabina","8":"product_tag-corporal","9":"product_tag-cuerpo","10":"product_tag-esencia","11":"product_tag-jengibre","12":"product_tag-masaje","13":"product_tag-naranja","14":"product_tag-profesional","15":"product_tag-spa","16":"product_tag-spa-senses","17":"product_tag-tratamiento","18":"product_tag-tratamiento-corporal","19":"product_tag-tratamiento-profesional","20":"no-featured-image-padding","21":"","22":"woocommerce-text-align-center","23":"woocommerce-image-align-center","25":"first","26":"instock","27":"product-type-simple"},"acf":[],"_links":{"self":[{"href":"https:\/\/hu.skeyndor.com\/es\/wp-json\/wp\/v2\/product\/17064","targetHints":{"allow":["GET"]}}],"collection":[{"href":"https:\/\/hu.skeyndor.com\/es\/wp-json\/wp\/v2\/product"}],"about":[{"href":"https:\/\/hu.skeyndor.com\/es\/wp-json\/wp\/v2\/types\/product"}],"version-history":[{"count":0,"href":"https:\/\/hu.skeyndor.com\/es\/wp-json\/wp\/v2\/product\/17064\/revisions"}],"wp:featuredmedia":[{"embeddable":true,"href":"https:\/\/hu.skeyndor.com\/es\/wp-json\/wp\/v2\/media\/17068"}],"wp:attachment":[{"href":"https:\/\/hu.skeyndor.com\/es\/wp-json\/wp\/v2\/media?parent=17064"}],"wp:term":[{"taxonomy":"product_brand","embeddable":true,"href":"https:\/\/hu.skeyndor.com\/es\/wp-json\/wp\/v2\/product_brand?post=17064"},{"taxonomy":"product_cat","embeddable":true,"href":"https:\/\/hu.skeyndor.com\/es\/wp-json\/wp\/v2\/product_cat?post=17064"},{"taxonomy":"product_tag","embeddable":true,"href":"https:\/\/hu.skeyndor.com\/es\/wp-json\/wp\/v2\/product_tag?post=17064"}],"curies":[{"name":"wp","href":"https:\/\/api.w.org\/{rel}","templated":true}]}}