{"id":17084,"date":"2023-01-19T19:14:54","date_gmt":"2023-01-19T19:14:54","guid":{"rendered":"https:\/\/hu.skeyndor.com\/producto\/leche-fluida-corporal-de-orquideas-y-rosas-silvestres-spa-senses\/"},"modified":"2024-10-04T14:50:33","modified_gmt":"2024-10-04T12:50:33","slug":"leche-fluida-corporal-de-orquideas-y-rosas-silvestres-spa-senses","status":"publish","type":"product","link":"https:\/\/hu.skeyndor.com\/es\/producto\/leche-fluida-corporal-de-orquideas-y-rosas-silvestres-spa-senses\/","title":{"rendered":"Leche fluida corporal de Orqu\u00eddeas y Rosas silvestres &#8211; Spa Senses"},"content":{"rendered":"<h4>TIPO DE PIEL<\/h4>\n<p>Todo tipo de pieles.<\/p>\n<h4>PRINCIPIOS ACTIVOS<\/h4>\n<p>Extracto de p\u00e9talos de amapola: Suaviza y calma la piel.<br \/>\nExtracto de la flor de la rosa silvestre: Hidrata y calma la piel.<br \/>\nExtracto de flor de Ylang-ylang: Revitaliza y equilibra la piel. Tiene propiedades antimicrobianas y purificantes.<br \/>\nExtracto de la flor de la orqu\u00eddea: Acci\u00f3n antioxidante y rejuvenecedora para la piel.<\/p>\n<h4>CONSEJOS DE APLICACI\u00d3N<\/h4>\n<p>Aplicar la cantidad necesaria de leche fluida en el cuerpo y realizar un masaje manual hasta su penetraci\u00f3n. Su exclusiva<br \/>\ntextura SWOP provocar\u00e1 una absorci\u00f3n f\u00e1cil y r\u00e1pida sobre la piel.<\/p>\n<h4>BENEFICIOS<\/h4>\n<p>La agradable textura SWOP (switch oil phase) combina la ligereza y el confort de los s\u00e9rums con la hidrataci\u00f3n y el<br \/>\nm\u00e1ximo confort de las cremas. Se adapta a las necesidades de las condiciones individuales de la piel y proporciona una<br \/>\nhidrataci\u00f3n y protecci\u00f3n de larga duraci\u00f3n.<br \/>\nTiene propiedades antioxidantes, rejuvenecedoras y revitalizantes.<\/p>\n","protected":false},"excerpt":{"rendered":"<h2>Leche corporal que hidrata, reequilibra y perfuma delicadamente la piel. Tiene una textura \u00fanica que combina ligereza y m\u00e1xima comodidad.<\/h2>\n<p>La naturaleza nos da joyas de incalculable valor como la orqu\u00eddea, la amapola, el ylang-ylang y la rosa silvestre que purifican con delicadeza, reequilibran e hidratan la piel. Esta agradable textura combina la ligereza y comodidad de los s\u00e9rums corporales con la hidrataci\u00f3n y el m\u00e1ximo cuidado de las cremas de tratamiento.<\/p>\n","protected":false},"featured_media":17088,"template":"","meta":{"_acf_changed":false},"product_brand":[],"product_cat":[2279],"product_tag":[383,486,3309,140,77,3288,3310,3278,3277,1667,2237],"class_list":{"0":"post-17084","1":"product","2":"type-product","3":"status-publish","4":"has-post-thumbnail","6":"product_cat-spa-senses","7":"product_tag-corporal","8":"product_tag-cuerpo","9":"product_tag-fluida","10":"product_tag-hidratante","11":"product_tag-leche","12":"product_tag-masaje","13":"product_tag-orquideas","14":"product_tag-spa","15":"product_tag-spa-senses","16":"product_tag-tratamiento","17":"product_tag-tratamiento-corporal","18":"no-featured-image-padding","19":"","20":"woocommerce-text-align-center","21":"woocommerce-image-align-center","23":"first","24":"instock","25":"product-type-simple"},"acf":[],"_links":{"self":[{"href":"https:\/\/hu.skeyndor.com\/es\/wp-json\/wp\/v2\/product\/17084","targetHints":{"allow":["GET"]}}],"collection":[{"href":"https:\/\/hu.skeyndor.com\/es\/wp-json\/wp\/v2\/product"}],"about":[{"href":"https:\/\/hu.skeyndor.com\/es\/wp-json\/wp\/v2\/types\/product"}],"version-history":[{"count":0,"href":"https:\/\/hu.skeyndor.com\/es\/wp-json\/wp\/v2\/product\/17084\/revisions"}],"wp:featuredmedia":[{"embeddable":true,"href":"https:\/\/hu.skeyndor.com\/es\/wp-json\/wp\/v2\/media\/17088"}],"wp:attachment":[{"href":"https:\/\/hu.skeyndor.com\/es\/wp-json\/wp\/v2\/media?parent=17084"}],"wp:term":[{"taxonomy":"product_brand","embeddable":true,"href":"https:\/\/hu.skeyndor.com\/es\/wp-json\/wp\/v2\/product_brand?post=17084"},{"taxonomy":"product_cat","embeddable":true,"href":"https:\/\/hu.skeyndor.com\/es\/wp-json\/wp\/v2\/product_cat?post=17084"},{"taxonomy":"product_tag","embeddable":true,"href":"https:\/\/hu.skeyndor.com\/es\/wp-json\/wp\/v2\/product_tag?post=17084"}],"curies":[{"name":"wp","href":"https:\/\/api.w.org\/{rel}","templated":true}]}}