{"id":17514,"date":"2023-01-26T13:47:01","date_gmt":"2023-01-26T12:47:01","guid":{"rendered":"https:\/\/hu.skeyndor.com\/?post_type=product&#038;p=17514"},"modified":"2024-10-04T14:50:32","modified_gmt":"2024-10-04T12:50:32","slug":"ritual-relajante-spa-senses","status":"publish","type":"product","link":"https:\/\/hu.skeyndor.com\/es\/producto\/ritual-relajante-spa-senses\/","title":{"rendered":"Ritual relajante &#8211; Spa Senses"},"content":{"rendered":"<h4>CONTENIDO DEL KIT<\/h4>\n<p><a href=\"https:\/\/hu.skeyndor.com\/producto\/crema-de-masaje-de-cannabis-spa-senses-3-2\/\">La crema calmante de Cannabis <\/a> con efecto antinflamatorio en la piel, es uno de los productos top de la l\u00ednea Spa senses.<br \/>\nLas semillas de c\u00e1\u00f1amo contienen aceites muy similares a los l\u00edpidos de nuestra piel, especialmente el omega 3 y 6 que ayudan a hidratar, nutrir y mantener equilibrada la epidermis.<br \/>\nLa crema tiene una textura con c\u00e1psulas de vitamina E, estas se disuelven una vez que la crema se aplica y tienen una fuerte acci\u00f3n antioxidante.<br \/>\nLa manteca de karit\u00e9, que tambi\u00e9n contiene la f\u00f3rmula, ayuda a calmar y tambi\u00e9n tiene efectos antiinflamatorios.<\/p>\n<p>Tambi\u00e9n incluye la <a href=\"https:\/\/hu.skeyndor.com\/producto\/esencia-de-lavanda-y-canela-profesional-spa-senses\/\">esencia de lavanda y canela,<\/a> que es ideal como cura anti estr\u00e9s.<br \/>\nLa lavanda es conocida por su capacidad de crear una atm\u00f3sfera relajante. De entre sus m\u00faltiples beneficios destacamos que ayudan a reducir la ansiedad, regula los niveles de adrenalina (hormona de la felicidad) y ralentiza la respiraci\u00f3n.<br \/>\nLa canela se ha relacionado con muchos beneficios, como la reducci\u00f3n de la depresi\u00f3n y la ansiedad, y ayuda a un mejor sue\u00f1o.<\/p>\n<h4>TIPO DE PIEL<\/h4>\n<p>Indicado para todo tipo de pieles.<\/p>\n<h4>MODO DE APLICACI\u00d3N<\/h4>\n<p>Usa estos tips o consejos de aplicaci\u00f3n con la esencia de canela siguiento estos puntos y viendo el video a acontinuaci\u00f3n:<\/p>\n<div style=\"padding: 56.25% 0 0 0; position: relative;\"><iframe style=\"position: absolute; top: 0; left: 0; width: 100%; height: 100%;\"  src=\"https:\/\/player.vimeo.com\/video\/906729014?badge=0&amp;autopause=0&amp;player_id=0&amp;app_id=58479\" frameborder=\"0\"><\/iframe><\/div>\n<p><script src=\"https:\/\/player.vimeo.com\/api\/player.js\"><\/script><br \/>\nPon en marcha la playlist de m\u00fasica relajante, para que disfrutes de un RITUAL DE RELAJACION completo en casa mientras te lo aplicas.<\/p>\n<p><iframe style=\"border-radius: 12px;\" src=\"https:\/\/open.spotify.com\/embed\/playlist\/0Wcd2rpCNLP1jsco7yHUd7?utm_source=generator\" width=\"100%\" height=\"352\" frameborder=\"0\" allowfullscreen=\"allowfullscreen\"><\/iframe><\/p>\n<p>Descubre tambi\u00e9n el <a href=\"https:\/\/hu.skeyndor.com\/producto\/ritual-reductor-slim-drone\/\" target=\"_blank\" rel=\"noopener\">Ritual reductor<\/a> de la campa\u00f1a corporal Soul &amp; Body<br \/>\n<a href=\"https:\/\/hu.skeyndor.com\/producto\/ritual-reductor-slim-drone\/\" target=\"_blank\" rel=\"noopener\"><img fetchpriority=\"high\" decoding=\"async\" class=\"aligncenter size-full wp-image-29283\" src=\"https:\/\/hu.skeyndor.com\/wp-content\/uploads\/sites\/2\/2023\/01\/410_2S4A2118-scaled.jpg\" alt=\"\" width=\"2560\" height=\"1707\" srcset=\"https:\/\/hu.skeyndor.com\/wp-content\/uploads\/sites\/2\/2023\/01\/410_2S4A2118-scaled.jpg 2560w, https:\/\/hu.skeyndor.com\/wp-content\/uploads\/sites\/2\/2023\/01\/410_2S4A2118-300x200.jpg 300w, https:\/\/hu.skeyndor.com\/wp-content\/uploads\/sites\/2\/2023\/01\/410_2S4A2118-1024x683.jpg 1024w, https:\/\/hu.skeyndor.com\/wp-content\/uploads\/sites\/2\/2023\/01\/410_2S4A2118-768x512.jpg 768w, https:\/\/hu.skeyndor.com\/wp-content\/uploads\/sites\/2\/2023\/01\/410_2S4A2118-1536x1024.jpg 1536w, https:\/\/hu.skeyndor.com\/wp-content\/uploads\/sites\/2\/2023\/01\/410_2S4A2118-2048x1365.jpg 2048w, https:\/\/hu.skeyndor.com\/wp-content\/uploads\/sites\/2\/2023\/01\/410_2S4A2118-600x400.jpg 600w, https:\/\/hu.skeyndor.com\/wp-content\/uploads\/sites\/2\/2023\/01\/410_2S4A2118-64x43.jpg 64w\" sizes=\"(max-width: 2560px) 100vw, 2560px\" \/><\/a><\/p>\n","protected":false},"excerpt":{"rendered":"<h2>Ritual relajante Spa Senses. Despierta todos los sentidos con texturas \u00fanicas que se funden en la piel y una variedad de fragancias exquisitas inspiradas en la aromaterapia.<\/h2>\n<p>Conectar y cuidar todo tu cuerpo, el alma y la mente para sacar lo mejor de ti. Descubre este kit coporal que nos lleva a ese ritual de relajaci\u00f3n, calma y bienestar interior.<\/p>\n","protected":false},"featured_media":29188,"template":"","meta":{"_acf_changed":false},"product_brand":[],"product_cat":[1874],"product_tag":[1787,2030,2039,3303,383,492,422,822,77,869,3310,3305,2033,3278,3277],"class_list":{"0":"post-17514","1":"product","2":"type-product","3":"status-publish","4":"has-post-thumbnail","6":"product_cat-regala-belleza","7":"product_tag-body","8":"product_tag-body-kit","9":"product_tag-bodyplan","10":"product_tag-cannabis","11":"product_tag-corporal","12":"product_tag-crema-corporal","13":"product_tag-hidratacion","14":"product_tag-kit","15":"product_tag-leche","16":"product_tag-naranja","17":"product_tag-orquideas","18":"product_tag-relajante","19":"product_tag-remodelling","20":"product_tag-spa","21":"product_tag-spa-senses","22":"no-featured-image-padding","23":"","24":"woocommerce-text-align-center","25":"woocommerce-image-align-center","27":"first","28":"instock","29":"purchasable","30":"product-type-simple"},"acf":[],"_links":{"self":[{"href":"https:\/\/hu.skeyndor.com\/es\/wp-json\/wp\/v2\/product\/17514","targetHints":{"allow":["GET"]}}],"collection":[{"href":"https:\/\/hu.skeyndor.com\/es\/wp-json\/wp\/v2\/product"}],"about":[{"href":"https:\/\/hu.skeyndor.com\/es\/wp-json\/wp\/v2\/types\/product"}],"version-history":[{"count":0,"href":"https:\/\/hu.skeyndor.com\/es\/wp-json\/wp\/v2\/product\/17514\/revisions"}],"wp:featuredmedia":[{"embeddable":true,"href":"https:\/\/hu.skeyndor.com\/es\/wp-json\/wp\/v2\/media\/29188"}],"wp:attachment":[{"href":"https:\/\/hu.skeyndor.com\/es\/wp-json\/wp\/v2\/media?parent=17514"}],"wp:term":[{"taxonomy":"product_brand","embeddable":true,"href":"https:\/\/hu.skeyndor.com\/es\/wp-json\/wp\/v2\/product_brand?post=17514"},{"taxonomy":"product_cat","embeddable":true,"href":"https:\/\/hu.skeyndor.com\/es\/wp-json\/wp\/v2\/product_cat?post=17514"},{"taxonomy":"product_tag","embeddable":true,"href":"https:\/\/hu.skeyndor.com\/es\/wp-json\/wp\/v2\/product_tag?post=17514"}],"curies":[{"name":"wp","href":"https:\/\/api.w.org\/{rel}","templated":true}]}}