{"id":24573,"date":"2023-06-02T09:12:40","date_gmt":"2023-06-02T07:12:40","guid":{"rendered":"https:\/\/hu.skeyndor.com\/?post_type=product&#038;p=24573"},"modified":"2024-10-04T14:50:30","modified_gmt":"2024-10-04T12:50:30","slug":"power-c-mask","status":"publish","type":"product","link":"https:\/\/hu.skeyndor.com\/es\/producto\/power-c-mask\/","title":{"rendered":"Mascarilla iluminadora instant\u00e1nea &#8211; Power C+ Mask"},"content":{"rendered":"<h4>TIPO DE PIEL<\/h4>\n<p>Est\u00e1 indicada para pieles con peque\u00f1as arrugas y manchas y para pieles apagadas por falta de luminosidad<\/p>\n<h4>PRINCIPIOS ACTIVOS<\/h4>\n<p>C\u00f3ctel de extractos vegetales ricos en AHA que renuevan e iluminan la piel ( ar\u00e1ndano, ca\u00f1a de az\u00facar, naranja, lim\u00f3n y arcel). Semillas de fresa ( 1000 micras) con efecto peeling suave. \u00c1cido glic\u00f3lico con gran poder exfoliante e iluminador. Vitamin C derivado, Ext Granada i a\u00e7a\u00ed con gran poder oxidante y fotoreparador.<\/p>\n<h4>CONSEJOS DE APLICACI\u00d3N<\/h4>\n<p>Despu\u00e9s de la limpieza habitual, extender por el rostro y cuello una cantidad generosa de Power C+ mask, dejando actuar tan s\u00f3lo 5 minutos, lo que lo hace ideal para tener resultados inmediatos en casa. Retirar el producto, aclar\u00e1ndolo con agua. Y para complementar si la piel lo necesita aplicar un serum o crema.<\/p>\n","protected":false},"excerpt":{"rendered":"<h2>Mascarilla iluminadora instant\u00e1nea Power C+ Mask<br \/>\nEl poder de iluminar la piel. <\/h2>\n<p> Disfruta la nueva gama de Power Masks formulada para revitalizar la piel. Mascarilla renovadora de textura mermelada con efecto iluminador immediato.Textura f\u00e1cil de aplicar, act\u00faa s\u00f3lo en 5 minutos, indicadas para las necesidades b\u00e1sicas de la piel, incluyendola en la rutina de belleza diaria.<\/p>\n","protected":false},"featured_media":24748,"template":"","meta":{"_acf_changed":false},"product_brand":[],"product_cat":[1825],"product_tag":[227,1842,1840,2073,1838,68,2076,409,836,2080,1282,92,91,139,1469,2081,911],"class_list":{"0":"post-24573","1":"product","2":"type-product","3":"status-publish","4":"has-post-thumbnail","6":"product_cat-power-c","7":"product_tag-antioxidante","8":"product_tag-cosmeceutica","9":"product_tag-cremas-de-noche","10":"product_tag-cuidado-del-rostro","11":"product_tag-cuidados-faciales","12":"product_tag-emulsion","13":"product_tag-exfoliantes-y-mascarillas","14":"product_tag-hombre","15":"product_tag-luminosidad","16":"product_tag-manchas-y-proteccion-facial","17":"product_tag-mascarilla","18":"product_tag-piel-grasa","19":"product_tag-pieles-grasas","20":"product_tag-pieles-mixtas","21":"product_tag-power-c","22":"product_tag-proteccion-facial","23":"product_tag-vitamina-c","24":"no-featured-image-padding","25":"","26":"woocommerce-text-align-center","27":"woocommerce-image-align-center","29":"first","30":"instock","31":"product-type-simple"},"acf":[],"_links":{"self":[{"href":"https:\/\/hu.skeyndor.com\/es\/wp-json\/wp\/v2\/product\/24573","targetHints":{"allow":["GET"]}}],"collection":[{"href":"https:\/\/hu.skeyndor.com\/es\/wp-json\/wp\/v2\/product"}],"about":[{"href":"https:\/\/hu.skeyndor.com\/es\/wp-json\/wp\/v2\/types\/product"}],"version-history":[{"count":0,"href":"https:\/\/hu.skeyndor.com\/es\/wp-json\/wp\/v2\/product\/24573\/revisions"}],"wp:featuredmedia":[{"embeddable":true,"href":"https:\/\/hu.skeyndor.com\/es\/wp-json\/wp\/v2\/media\/24748"}],"wp:attachment":[{"href":"https:\/\/hu.skeyndor.com\/es\/wp-json\/wp\/v2\/media?parent=24573"}],"wp:term":[{"taxonomy":"product_brand","embeddable":true,"href":"https:\/\/hu.skeyndor.com\/es\/wp-json\/wp\/v2\/product_brand?post=24573"},{"taxonomy":"product_cat","embeddable":true,"href":"https:\/\/hu.skeyndor.com\/es\/wp-json\/wp\/v2\/product_cat?post=24573"},{"taxonomy":"product_tag","embeddable":true,"href":"https:\/\/hu.skeyndor.com\/es\/wp-json\/wp\/v2\/product_tag?post=24573"}],"curies":[{"name":"wp","href":"https:\/\/api.w.org\/{rel}","templated":true}]}}