{"id":24679,"date":"2023-06-02T12:29:54","date_gmt":"2023-06-02T10:29:54","guid":{"rendered":"https:\/\/hu.skeyndor.com\/?post_type=product&#038;p=24679"},"modified":"2024-10-04T14:50:30","modified_gmt":"2024-10-04T12:50:30","slug":"power-hyaluronic-mask","status":"publish","type":"product","link":"https:\/\/hu.skeyndor.com\/es\/producto\/power-hyaluronic-mask\/","title":{"rendered":"Mascarilla hidratante intensiva- Power Hyaluronic Mask"},"content":{"rendered":"<h4>TIPO DE PIEL<\/h4>\n<p>Es ideal para pieles deshidratadas y con sensaci\u00f3n de tirantez.Su especial f\u00f3rmula incluye activos que hidratan en profundidad aportando a la piel un aspecto m\u00e1s hidratado, fresco y suave.<\/p>\n<h4>PRINCIPIOS ACTIVOS<\/h4>\n<p>\n\u2022 Con \u00e1cido hialur\u00f3nico de muy bajo y alto peso molecular.<br \/>\n\u2022 Beta\u00edna hidratante osmoreguladora.<br \/>\n\u2022 Agua de glaciar noruego de acci\u00f3n remineralizante y refrescante.<br \/>\n\u2022 Aspartato de magnesio, gluconato de zinc y cobre con gran poder remineralizante y energizante.<br \/>\n\u2022 Factor natural de humectaci\u00f3n.<br \/>\n\u2022 Extracto de malaquita con efecto antioxidante.<\/p>\n<h4>CONSEJOS DE APLICACI\u00d3N<\/h4>\n<p>Despu\u00e9s de la limpieza habitual, extender por el rostro y cuello una cantidad generosa de Power Hyaluronic mask, dejando actuar tan s\u00f3lo 5 minutos, lo que lo hace ideal para tener resultados inmediatos en casa. Retirar el producto, aclar\u00e1ndolo con agua. Y para complementar si la piel lo necesita aplicar un serum o crema.<\/p>\n","protected":false},"excerpt":{"rendered":"<h2>Mascarilla hidratante intensiva Power Hyaluronic Mask &#8211; Poder hidratante para tu piel. <\/h2>\n<p> Disfruta la nueva gama de Power Masks formulada para revitalizar la piel. Mascarilla de textura sorbete con un gran efecto hidratante y remineralizante.Textura f\u00e1cil de aplicar, act\u00faa s\u00f3lo en 5 minutos, indicadas para las necesidades b\u00e1sicas de la piel, incluyendola en la rutina de belleza diaria.<\/p>\n","protected":false},"featured_media":24751,"template":"","meta":{"_acf_changed":false},"product_brand":[],"product_cat":[1824],"product_tag":[1842,1839,1838,421,68,2076,422,140,409,1282,139,1841,896],"class_list":{"0":"post-24679","1":"product","2":"type-product","3":"status-publish","4":"has-post-thumbnail","6":"product_cat-power-hyaluronic","7":"product_tag-cosmeceutica","8":"product_tag-cremas-de-dia","9":"product_tag-cuidados-faciales","10":"product_tag-deshidratacion","11":"product_tag-emulsion","12":"product_tag-exfoliantes-y-mascarillas","13":"product_tag-hidratacion","14":"product_tag-hidratante","15":"product_tag-hombre","16":"product_tag-mascarilla","17":"product_tag-pieles-mixtas","18":"product_tag-poros-visibles","19":"product_tag-power-hyaluronic","20":"no-featured-image-padding","21":"","22":"woocommerce-text-align-center","23":"woocommerce-image-align-center","25":"first","26":"instock","27":"product-type-simple"},"acf":[],"_links":{"self":[{"href":"https:\/\/hu.skeyndor.com\/es\/wp-json\/wp\/v2\/product\/24679","targetHints":{"allow":["GET"]}}],"collection":[{"href":"https:\/\/hu.skeyndor.com\/es\/wp-json\/wp\/v2\/product"}],"about":[{"href":"https:\/\/hu.skeyndor.com\/es\/wp-json\/wp\/v2\/types\/product"}],"version-history":[{"count":0,"href":"https:\/\/hu.skeyndor.com\/es\/wp-json\/wp\/v2\/product\/24679\/revisions"}],"wp:featuredmedia":[{"embeddable":true,"href":"https:\/\/hu.skeyndor.com\/es\/wp-json\/wp\/v2\/media\/24751"}],"wp:attachment":[{"href":"https:\/\/hu.skeyndor.com\/es\/wp-json\/wp\/v2\/media?parent=24679"}],"wp:term":[{"taxonomy":"product_brand","embeddable":true,"href":"https:\/\/hu.skeyndor.com\/es\/wp-json\/wp\/v2\/product_brand?post=24679"},{"taxonomy":"product_cat","embeddable":true,"href":"https:\/\/hu.skeyndor.com\/es\/wp-json\/wp\/v2\/product_cat?post=24679"},{"taxonomy":"product_tag","embeddable":true,"href":"https:\/\/hu.skeyndor.com\/es\/wp-json\/wp\/v2\/product_tag?post=24679"}],"curies":[{"name":"wp","href":"https:\/\/api.w.org\/{rel}","templated":true}]}}