{"id":24761,"date":"2023-06-05T13:03:21","date_gmt":"2023-06-05T11:03:21","guid":{"rendered":"https:\/\/hu.skeyndor.com\/?post_type=product&#038;p=24761"},"modified":"2024-10-04T14:50:30","modified_gmt":"2024-10-04T12:50:30","slug":"power-oxygen-mask","status":"publish","type":"product","link":"https:\/\/hu.skeyndor.com\/es\/producto\/power-oxygen-mask\/","title":{"rendered":"Mascarilla purificante intensa &#8211; Power Oxygen Mask"},"content":{"rendered":"<h4>TIPO DE PIEL<\/h4>\n<p>Para todo tipo de pieles. Ideal para pieles expuestas a la contaminaci\u00f3n, con poros abiertos y impurezas.<\/p>\n<h4>PRINCIPIOS ACTIVOS<\/h4>\n<p>Charcoal (carb\u00f3n activo vegetal), arena volc\u00e0nica de Isl\u00e0ndia (peeling), perfluordecalina y extracto de Tropaeolum, Majus que aportan y transportan oxigeno a la piel, Agua termal del sur de Francia, con acci\u00f3n remimeralizante y calmante. Agua hamamelis con efecto astringente que cierra el poro.<\/p>\n<h4>CONSEJOS DE APLICACI\u00d3N<\/h4>\n<p>Despu\u00e9s de la limpieza habitual, extender por el rostro y cuello una cantidad generosa de Power Oxygen mask, dejando actuar tan s\u00f3lo 5 minutos, lo que lo hace ideal para tener resultados inmediatos en casa. Retirar el producto, aclar\u00e1ndolo con agua. Y para complementar si la piel lo necesita aplicar un serum o crema.<\/p>\n","protected":false},"excerpt":{"rendered":"<h2>Mascarilla purificante intensa de efecto scrub Power Oxygen Mask &#8211; El poder purificante para tu piel. <\/h2>\n<p> Disfruta la nueva gama de Power Masks formulada para revitalizar la piel. Mascarilla purificante intensa de efecto scrub, concremosa textura de arcilla con part\u00edculas exfoliantes, con activos de efecto antipoluci\u00f3n y oxigenante. Textura f\u00e1cil de aplicar, act\u00faa s\u00f3lo en 5 minutos, indicadas para las necesidades b\u00e1sicas de la piel, incluyendola en la rutina de belleza diaria.<\/p>\n","protected":false},"featured_media":24754,"template":"","meta":{"_acf_changed":false},"product_brand":[],"product_cat":[1826],"product_tag":[1053,1842,2073,1838,1052,2076,1038,2089,1282,1313,1354,1471,92,1051,91,2096,829,2092,976],"class_list":{"0":"post-24761","1":"product","2":"type-product","3":"status-publish","4":"has-post-thumbnail","6":"product_cat-power-oxygen","7":"product_tag-ciudad","8":"product_tag-cosmeceutica","9":"product_tag-cuidado-del-rostro","10":"product_tag-cuidados-faciales","11":"product_tag-efecto-oxigenante","12":"product_tag-exfoliantes-y-mascarillas","13":"product_tag-facial","14":"product_tag-fatiga","15":"product_tag-mascarilla","16":"product_tag-mascarilla-purificante","17":"product_tag-oxigeno","18":"product_tag-piel-estresada","19":"product_tag-piel-grasa","20":"product_tag-pieles-asfixiadas","21":"product_tag-pieles-grasas","22":"product_tag-pollution-barrier","23":"product_tag-polucion","24":"product_tag-power-oxygen","25":"product_tag-revitalizante","26":"no-featured-image-padding","27":"","28":"woocommerce-text-align-center","29":"woocommerce-image-align-center","31":"first","32":"instock","33":"product-type-simple"},"acf":[],"_links":{"self":[{"href":"https:\/\/hu.skeyndor.com\/es\/wp-json\/wp\/v2\/product\/24761","targetHints":{"allow":["GET"]}}],"collection":[{"href":"https:\/\/hu.skeyndor.com\/es\/wp-json\/wp\/v2\/product"}],"about":[{"href":"https:\/\/hu.skeyndor.com\/es\/wp-json\/wp\/v2\/types\/product"}],"version-history":[{"count":0,"href":"https:\/\/hu.skeyndor.com\/es\/wp-json\/wp\/v2\/product\/24761\/revisions"}],"wp:featuredmedia":[{"embeddable":true,"href":"https:\/\/hu.skeyndor.com\/es\/wp-json\/wp\/v2\/media\/24754"}],"wp:attachment":[{"href":"https:\/\/hu.skeyndor.com\/es\/wp-json\/wp\/v2\/media?parent=24761"}],"wp:term":[{"taxonomy":"product_brand","embeddable":true,"href":"https:\/\/hu.skeyndor.com\/es\/wp-json\/wp\/v2\/product_brand?post=24761"},{"taxonomy":"product_cat","embeddable":true,"href":"https:\/\/hu.skeyndor.com\/es\/wp-json\/wp\/v2\/product_cat?post=24761"},{"taxonomy":"product_tag","embeddable":true,"href":"https:\/\/hu.skeyndor.com\/es\/wp-json\/wp\/v2\/product_tag?post=24761"}],"curies":[{"name":"wp","href":"https:\/\/api.w.org\/{rel}","templated":true}]}}