{"id":6320,"date":"2022-03-16T23:16:23","date_gmt":"2022-03-16T23:16:23","guid":{"rendered":"https:\/\/www2.hu.skeyndor.com\/producto\/aceite-micelar-expert-cleanse-pro\/"},"modified":"2022-11-15T14:17:20","modified_gmt":"2022-11-15T14:17:20","slug":"aceite-micelar-expert-cleanse-pro","status":"publish","type":"product","link":"https:\/\/hu.skeyndor.com\/es\/producto\/aceite-micelar-expert-cleanse-pro\/","title":{"rendered":"Aceite micelar- Expert Cleanse Pro"},"content":{"rendered":"<h4>TIPO DE PIEL<\/h4>\n<p>Para todo de piel<\/p>\n<p>&nbsp;<\/p>\n<h4>PRINCIPIOS ACTIVOS<\/h4>\n<p>Emolientes naturales de fuentes eco-sostenibles.<br \/>\nTensioactivo microemulsionador, potencia el efecto limpiador y antipoluci\u00f3n del aceite.<br \/>\nExtracto de Gengibre, antioxidante con efecto antipoluci\u00f3n<\/p>\n<p>&amp;nbsp;<\/p>\n<p>&nbsp;<\/p>\n<h4>CONSEJOS DE APLICACI\u00d3N<\/h4>\n<p>Aplicar directamente sobre la palma de la mano seca. Masajear sobre la piel seca con movimientos circulares. Centrarse en las \u00e1reas con suciedad, aceite y maquillaje. Mojarse las manos y continuar masajeando hasta crear una emulsi\u00f3n ligera y lechosa. Enjuagar bien con agua tibia.<\/p>\n<p>&amp;nbsp;<\/p>\n<p>&nbsp;<\/p>\n<h4>BENEFICIOS DEL PRODUCTO<\/h4>\n<p>Atrapa la suciedad<\/p>\n<p>Efecto antipoluci\u00f3n<\/p>\n<p>Efecto Bloom<\/p>\n<p>&nbsp;<\/p>\n<p>&nbsp;<\/p>\n<p><iframe src=\"https:\/\/www.youtube.com\/embed\/b1nymguUIjM\" width=\"560\" height=\"315\" frameborder=\"0\"><\/iframe><\/p>\n","protected":false},"excerpt":{"rendered":"<h2>Aceite de limpieza creado para conseguir un nivel superior de higiene.<\/h2>\n<p>Aceite con emolientes naturales eco-certificables, con un tensoactivo y un extracto de jengibre con efecto anti-poluci\u00f3n. Producto para la limpieza superficial, dentro de la fase 1 del m\u00e9todo de doble limpieza de EXPERT CLEANSE PRO, d\u00f3nde se retira maquillaje y poluci\u00f3n acumulada en la superficie de la piel. Su textura es fluida, muy agradable al aplicar y que se transforma en leche al retirar con agua.<\/p>\n","protected":false},"featured_media":6323,"template":"","meta":{"_acf_changed":false},"product_brand":[],"product_cat":[1823],"product_tag":[766,491,1851,1853,1286,1738,1732,226,829,1852],"class_list":{"0":"post-6320","1":"product","2":"type-product","3":"status-publish","4":"has-post-thumbnail","6":"product_cat-expert-cleanse-pro","7":"product_tag-aceite","8":"product_tag-cuidado","9":"product_tag-desmaquillantes","10":"product_tag-expert-cleanse-pro","11":"product_tag-higiene","12":"product_tag-jengibre","13":"product_tag-limpieza","14":"product_tag-maquillaje","15":"product_tag-polucion","16":"product_tag-tonicos","17":"no-featured-image-padding","18":"","19":"woocommerce-text-align-center","20":"woocommerce-image-align-center","22":"first","23":"instock","24":"product-type-simple"},"acf":[],"_links":{"self":[{"href":"https:\/\/hu.skeyndor.com\/es\/wp-json\/wp\/v2\/product\/6320","targetHints":{"allow":["GET"]}}],"collection":[{"href":"https:\/\/hu.skeyndor.com\/es\/wp-json\/wp\/v2\/product"}],"about":[{"href":"https:\/\/hu.skeyndor.com\/es\/wp-json\/wp\/v2\/types\/product"}],"version-history":[{"count":0,"href":"https:\/\/hu.skeyndor.com\/es\/wp-json\/wp\/v2\/product\/6320\/revisions"}],"wp:featuredmedia":[{"embeddable":true,"href":"https:\/\/hu.skeyndor.com\/es\/wp-json\/wp\/v2\/media\/6323"}],"wp:attachment":[{"href":"https:\/\/hu.skeyndor.com\/es\/wp-json\/wp\/v2\/media?parent=6320"}],"wp:term":[{"taxonomy":"product_brand","embeddable":true,"href":"https:\/\/hu.skeyndor.com\/es\/wp-json\/wp\/v2\/product_brand?post=6320"},{"taxonomy":"product_cat","embeddable":true,"href":"https:\/\/hu.skeyndor.com\/es\/wp-json\/wp\/v2\/product_cat?post=6320"},{"taxonomy":"product_tag","embeddable":true,"href":"https:\/\/hu.skeyndor.com\/es\/wp-json\/wp\/v2\/product_tag?post=6320"}],"curies":[{"name":"wp","href":"https:\/\/api.w.org\/{rel}","templated":true}]}}