{"id":6335,"date":"2022-03-16T23:16:23","date_gmt":"2022-03-16T23:16:23","guid":{"rendered":"https:\/\/www2.hu.skeyndor.com\/producto\/bifasico-micelar-expert-cleanse-pro\/"},"modified":"2024-10-04T14:50:48","modified_gmt":"2024-10-04T12:50:48","slug":"bifasico-micelar-expert-cleanse-pro","status":"publish","type":"product","link":"https:\/\/hu.skeyndor.com\/es\/producto\/bifasico-micelar-expert-cleanse-pro\/","title":{"rendered":"Bif\u00e1sico micelar- Expert Cleanse Pro"},"content":{"rendered":"<h4>TIPO DE PIEL<\/h4>\n<p>Tiene una textura ligera que se adapta a todo tipo de pieles. Testado oftalmol\u00f3gicamente.<\/p>\n<p> &nbsp;                                                                                                                                                                                                                        <\/p>\n<h4>PRINCIPIOS ACTIVOS <\/h4>\n<p>Emolientes naturales de fuentes eco-sostenibles.<br \/>\nExtracto de \u00c1rbol de la Seda con Darutosido:<br \/>\nreparador tisular con actividad anti-poluci\u00f3n.<br \/>\nPantenol, hidrata en profundidad<\/p>\n<p> &nbsp;<\/p>\n<h4>CONSEJOS DE APLICACI\u00d3N<\/h4>\n<p> Agitar para mezclar las dos fases. Aplicar con un disco de algod\u00f3n sobre ojos y labios hasta retirar el maquillaje. No es necesario enjuagar.<br \/>\n &nbsp;<\/p>\n<h4>BENEFICIOS DEL PRODUCTO<\/h4>\n<p> Elimina el maquillaje (incluso Waterproof).<br \/>\n &nbsp;<\/p>\n<p><iframe width=\"560\" height=\"315\" src=\"https:\/\/www.youtube.com\/embed\/b1nymguUIjM\" frameborder=\"0\"><\/iframe><\/p>\n","protected":false},"excerpt":{"rendered":"<h2>Desmaquillante de ojos y labios que elimina el maquillaje de las zonas m\u00e1s sensibles del rostro, contorno de ojos, p\u00e1rpados, pesta\u00f1as y labios.<\/h2>\n<p> Es un bif\u00e1sico cristalino bicolor,formulado con emolientes vegetales eco-certificados que forman micelas &#8220;atrapa suciedad&#8221;, y un extracto natural que contrarresta el da\u00f1o mediambiental. <\/p>\n","protected":false},"featured_media":6337,"template":"","meta":{"_acf_changed":false},"product_brand":[],"product_cat":[1823],"product_tag":[981,414,99,101,1854,107,1853,1286,729,1749,226,1514,375,1750,859,92,91,1443],"class_list":{"0":"post-6335","1":"product","2":"type-product","3":"status-publish","4":"has-post-thumbnail","6":"product_cat-expert-cleanse-pro","7":"product_tag-bifasico","8":"product_tag-bolsas","9":"product_tag-contorno-de-ojos","10":"product_tag-desmaquillante","11":"product_tag-desmaquillantes-y-tonicos","12":"product_tag-desmaquillar","13":"product_tag-expert-cleanse-pro","14":"product_tag-higiene","15":"product_tag-labios","16":"product_tag-ligero","17":"product_tag-maquillaje","18":"product_tag-ojeras","19":"product_tag-ojos","20":"product_tag-parpados","21":"product_tag-pestanas","22":"product_tag-piel-grasa","23":"product_tag-pieles-grasas","24":"product_tag-waterproof","25":"no-featured-image-padding","26":"","27":"woocommerce-text-align-center","28":"woocommerce-image-align-center","30":"first","31":"instock","32":"product-type-simple"},"acf":[],"_links":{"self":[{"href":"https:\/\/hu.skeyndor.com\/es\/wp-json\/wp\/v2\/product\/6335","targetHints":{"allow":["GET"]}}],"collection":[{"href":"https:\/\/hu.skeyndor.com\/es\/wp-json\/wp\/v2\/product"}],"about":[{"href":"https:\/\/hu.skeyndor.com\/es\/wp-json\/wp\/v2\/types\/product"}],"version-history":[{"count":0,"href":"https:\/\/hu.skeyndor.com\/es\/wp-json\/wp\/v2\/product\/6335\/revisions"}],"wp:featuredmedia":[{"embeddable":true,"href":"https:\/\/hu.skeyndor.com\/es\/wp-json\/wp\/v2\/media\/6337"}],"wp:attachment":[{"href":"https:\/\/hu.skeyndor.com\/es\/wp-json\/wp\/v2\/media?parent=6335"}],"wp:term":[{"taxonomy":"product_brand","embeddable":true,"href":"https:\/\/hu.skeyndor.com\/es\/wp-json\/wp\/v2\/product_brand?post=6335"},{"taxonomy":"product_cat","embeddable":true,"href":"https:\/\/hu.skeyndor.com\/es\/wp-json\/wp\/v2\/product_cat?post=6335"},{"taxonomy":"product_tag","embeddable":true,"href":"https:\/\/hu.skeyndor.com\/es\/wp-json\/wp\/v2\/product_tag?post=6335"}],"curies":[{"name":"wp","href":"https:\/\/api.w.org\/{rel}","templated":true}]}}