{"id":6344,"date":"2022-03-16T23:16:23","date_gmt":"2022-03-16T23:16:23","guid":{"rendered":"https:\/\/www2.hu.skeyndor.com\/producto\/gel-limpiador-termal-aquatherm\/"},"modified":"2022-05-26T09:43:05","modified_gmt":"2022-05-26T09:43:05","slug":"gel-limpiador-termal-aquatherm","status":"publish","type":"product","link":"https:\/\/hu.skeyndor.com\/es\/producto\/gel-limpiador-termal-aquatherm\/","title":{"rendered":"Gel limpiador termal &#8211; Aquatherm"},"content":{"rendered":"<h4>TIPO DE PIEL<\/h4>\n<p>Gel indicado para todo tipo de pieles, en especial para las sensibles y las muy sensibles.<\/p>\n<h4>PRINCIPIOS ACTIVOS<\/h4>\n<p>Agua termal, Oligosacaridos pro-bi\u00f3ticos, Agua de Hamamelis.<\/p>\n<h4>CONSEJOS DE APLICACI\u00d3N<\/h4>\n<p>Extender una peque\u00f1a capa de gel limpiador termal sobre rostro, cuello y escote, realizando un suave masaje hasta que se disperse la suciedad y el maquillaje. Retirar con un algod\u00f3n humectado con Concentrado de Agua Termal.<\/p>\n","protected":false},"excerpt":{"rendered":"<h2>Gel limpiador de excepcional tolerancia, especialmente formulado para el cuidado y limpieza diarias de las pieles sensibles y con tendencia a grasas.<\/h2>\n<p>Refuerza el equilibrio biol\u00f3gico de la piel defendi\u00e9ndola de las agresiones externas y creando un sistema ecol\u00f3gico natural que devuelve a la piel su pureza y bienestar.<\/p>\n","protected":false},"featured_media":6347,"template":"","meta":{"_acf_changed":false},"product_brand":[],"product_cat":[1832],"product_tag":[70,112,1838,1854,68,2070,409,93,1732,92,72,69,2069],"class_list":{"0":"post-6344","1":"product","2":"type-product","3":"status-publish","4":"has-post-thumbnail","6":"product_cat-aquatherm","7":"product_tag-agua-termal","8":"product_tag-aquatherm","9":"product_tag-cuidados-faciales","10":"product_tag-desmaquillantes-y-tonicos","11":"product_tag-emulsion","12":"product_tag-higiene-y-cuidado","13":"product_tag-hombre","14":"product_tag-limpiador","15":"product_tag-limpieza","16":"product_tag-piel-grasa","17":"product_tag-piel-sensible","18":"product_tag-pieles-sensibles","19":"product_tag-pieles-sensibles-y-reactivas","20":"no-featured-image-padding","21":"","22":"woocommerce-text-align-center","23":"woocommerce-image-align-center","25":"first","26":"instock","27":"product-type-simple"},"acf":[],"_links":{"self":[{"href":"https:\/\/hu.skeyndor.com\/es\/wp-json\/wp\/v2\/product\/6344","targetHints":{"allow":["GET"]}}],"collection":[{"href":"https:\/\/hu.skeyndor.com\/es\/wp-json\/wp\/v2\/product"}],"about":[{"href":"https:\/\/hu.skeyndor.com\/es\/wp-json\/wp\/v2\/types\/product"}],"version-history":[{"count":0,"href":"https:\/\/hu.skeyndor.com\/es\/wp-json\/wp\/v2\/product\/6344\/revisions"}],"wp:featuredmedia":[{"embeddable":true,"href":"https:\/\/hu.skeyndor.com\/es\/wp-json\/wp\/v2\/media\/6347"}],"wp:attachment":[{"href":"https:\/\/hu.skeyndor.com\/es\/wp-json\/wp\/v2\/media?parent=6344"}],"wp:term":[{"taxonomy":"product_brand","embeddable":true,"href":"https:\/\/hu.skeyndor.com\/es\/wp-json\/wp\/v2\/product_brand?post=6344"},{"taxonomy":"product_cat","embeddable":true,"href":"https:\/\/hu.skeyndor.com\/es\/wp-json\/wp\/v2\/product_cat?post=6344"},{"taxonomy":"product_tag","embeddable":true,"href":"https:\/\/hu.skeyndor.com\/es\/wp-json\/wp\/v2\/product_tag?post=6344"}],"curies":[{"name":"wp","href":"https:\/\/api.w.org\/{rel}","templated":true}]}}