{"id":6373,"date":"2022-03-16T23:16:23","date_gmt":"2022-03-16T23:16:23","guid":{"rendered":"https:\/\/www2.hu.skeyndor.com\/producto\/crema-contorno-de-ojos-aquatherm\/"},"modified":"2022-05-26T10:33:53","modified_gmt":"2022-05-26T10:33:53","slug":"crema-contorno-de-ojos-aquatherm","status":"publish","type":"product","link":"https:\/\/hu.skeyndor.com\/es\/producto\/crema-contorno-de-ojos-aquatherm\/","title":{"rendered":"Crema contorno de ojos Aquatherm"},"content":{"rendered":"<h4>TIPO DE PIEL<\/h4>\n<p>Indicada para todo tipo de pieles, pero especialmente indicado para piel sensible.<\/p>\n<h4>PRINCIPIOS ACTIVOS<\/h4>\n<p>Agua termal, Oligosac\u00e1ridos pro-bi\u00f3ticos, Ceramidas, Extracto de Calabaza, Extracto de Clorela Vulgaris y Trigo sarraceno.<\/p>\n<h4>CONSEJOS DE APLICACI\u00d3N<\/h4>\n<p>Aplicar por la ma\u00f1ana y por la noche una ligera capa de crema de contorno de ojos realizando un suave masaje de dentro hacia fuera de esta sensible zona, insistiendo en las patas de gallo.<\/p>\n","protected":false},"excerpt":{"rendered":"<h2>Crema nutritiva para el contorno de los ojos, con f\u00f3rmula antiedad para tratar la delicada zona del contorno de ojos especialmente en las pieles sensibles.<\/h2>\n<p> Su uso diario suaviza el contorno de ojos y rejuvenece el aspecto de los p\u00e1rpados, para cuidar al m\u00e1ximo una de las zonas m\u00e1s sensibles del rostro.<\/p>\n","protected":false},"featured_media":6376,"template":"","meta":{"_acf_changed":false},"product_brand":[],"product_cat":[1832],"product_tag":[112,414,1862,99,2073,1838,409,1514,1750,72,2069],"class_list":{"0":"post-6373","1":"product","2":"type-product","3":"status-publish","4":"has-post-thumbnail","6":"product_cat-aquatherm","7":"product_tag-aquatherm","8":"product_tag-bolsas","9":"product_tag-bolsas-y-ojeras","10":"product_tag-contorno-de-ojos","11":"product_tag-cuidado-del-rostro","12":"product_tag-cuidados-faciales","13":"product_tag-hombre","14":"product_tag-ojeras","15":"product_tag-parpados","16":"product_tag-piel-sensible","17":"product_tag-pieles-sensibles-y-reactivas","18":"no-featured-image-padding","19":"","20":"woocommerce-text-align-center","21":"woocommerce-image-align-center","23":"first","24":"instock","25":"product-type-simple"},"acf":[],"_links":{"self":[{"href":"https:\/\/hu.skeyndor.com\/es\/wp-json\/wp\/v2\/product\/6373","targetHints":{"allow":["GET"]}}],"collection":[{"href":"https:\/\/hu.skeyndor.com\/es\/wp-json\/wp\/v2\/product"}],"about":[{"href":"https:\/\/hu.skeyndor.com\/es\/wp-json\/wp\/v2\/types\/product"}],"version-history":[{"count":0,"href":"https:\/\/hu.skeyndor.com\/es\/wp-json\/wp\/v2\/product\/6373\/revisions"}],"wp:featuredmedia":[{"embeddable":true,"href":"https:\/\/hu.skeyndor.com\/es\/wp-json\/wp\/v2\/media\/6376"}],"wp:attachment":[{"href":"https:\/\/hu.skeyndor.com\/es\/wp-json\/wp\/v2\/media?parent=6373"}],"wp:term":[{"taxonomy":"product_brand","embeddable":true,"href":"https:\/\/hu.skeyndor.com\/es\/wp-json\/wp\/v2\/product_brand?post=6373"},{"taxonomy":"product_cat","embeddable":true,"href":"https:\/\/hu.skeyndor.com\/es\/wp-json\/wp\/v2\/product_cat?post=6373"},{"taxonomy":"product_tag","embeddable":true,"href":"https:\/\/hu.skeyndor.com\/es\/wp-json\/wp\/v2\/product_tag?post=6373"}],"curies":[{"name":"wp","href":"https:\/\/api.w.org\/{rel}","templated":true}]}}