{"id":6389,"date":"2022-03-16T23:16:23","date_gmt":"2022-03-16T23:16:23","guid":{"rendered":"https:\/\/www2.hu.skeyndor.com\/producto\/crema-energizante-spf15-power-c\/"},"modified":"2024-10-04T14:50:49","modified_gmt":"2024-10-04T12:50:49","slug":"crema-energizante-spf15-power-c","status":"publish","type":"product","link":"https:\/\/hu.skeyndor.com\/es\/producto\/crema-energizante-spf15-power-c\/","title":{"rendered":"Crema Energizante SPF15- Power C+"},"content":{"rendered":"<h4>TIPO DE PIEL<\/h4>\n<p>Esta crema antioxidante est\u00e1 indicada para pieles normales a secas.<\/p>\n<h4>PRINCIPIOS ACTIVOS<\/h4>\n<p>3% Vitamina C deriv., 3% extracto HG granada. Incluye filtro SPF15.<\/p>\n<h4>CONSEJOS DE APLICACI\u00d3N<\/h4>\n<p>Despu\u00e9s de la limpieza habitual, extender una peque\u00f1a cantidad de crema energizante mediante suaves movimientos circulares. No aplicar en ojos ni mucosas.<\/p>\n<p><iframe width=\"560\" height=\"315\" src=\"https:\/\/www.youtube.com\/embed\/gZCQsbMUBio\" frameborder=\"0\" allowfullscreen><\/iframe><\/p>\n","protected":false},"excerpt":{"rendered":"<h2>Crema antioxidante de d\u00eda que aporta un efecto luz sobre la piel. Formulada con vitamina C de alta absorci\u00f3n y extracto de granada, una combinaci\u00f3n antioxidante para un efecto luz m\u00e1s radiante.<\/h2>\n<p>  Gran poder antioxidante, Efecto luz sobre la piel, Potente acci\u00f3n antiradicales libres que act\u00faa de escudo contra el da\u00f1o solar, Aumenta la producci\u00f3n de col\u00e1geno, Efecto inhibidor de la melanog\u00e9nesis con suave efecto aclarante sobre manchas y peque\u00f1as discrom\u00edas.<\/p>\n","protected":false},"featured_media":6392,"template":"","meta":{"_acf_changed":false},"product_brand":[],"product_cat":[1825],"product_tag":[227,1842,354,153,1839,1840,3241,2073,1838,421,422,140,409,836,2080,152,469,1469,2081,911],"class_list":{"0":"post-6389","1":"product","2":"type-product","3":"status-publish","4":"has-post-thumbnail","6":"product_cat-power-c","7":"product_tag-antioxidante","8":"product_tag-cosmeceutica","9":"product_tag-crema","10":"product_tag-crema-hidratante","11":"product_tag-cremas-de-dia","12":"product_tag-cremas-de-noche","13":"product_tag-cremas-hidratantes","14":"product_tag-cuidado-del-rostro","15":"product_tag-cuidados-faciales","16":"product_tag-deshidratacion","17":"product_tag-hidratacion","18":"product_tag-hidratante","19":"product_tag-hombre","20":"product_tag-luminosidad","21":"product_tag-manchas-y-proteccion-facial","22":"product_tag-piel-seca","23":"product_tag-pieles-secas","24":"product_tag-power-c","25":"product_tag-proteccion-facial","26":"product_tag-vitamina-c","27":"no-featured-image-padding","28":"","29":"woocommerce-text-align-center","30":"woocommerce-image-align-center","32":"first","33":"instock","34":"product-type-simple"},"acf":[],"_links":{"self":[{"href":"https:\/\/hu.skeyndor.com\/es\/wp-json\/wp\/v2\/product\/6389","targetHints":{"allow":["GET"]}}],"collection":[{"href":"https:\/\/hu.skeyndor.com\/es\/wp-json\/wp\/v2\/product"}],"about":[{"href":"https:\/\/hu.skeyndor.com\/es\/wp-json\/wp\/v2\/types\/product"}],"version-history":[{"count":0,"href":"https:\/\/hu.skeyndor.com\/es\/wp-json\/wp\/v2\/product\/6389\/revisions"}],"wp:featuredmedia":[{"embeddable":true,"href":"https:\/\/hu.skeyndor.com\/es\/wp-json\/wp\/v2\/media\/6392"}],"wp:attachment":[{"href":"https:\/\/hu.skeyndor.com\/es\/wp-json\/wp\/v2\/media?parent=6389"}],"wp:term":[{"taxonomy":"product_brand","embeddable":true,"href":"https:\/\/hu.skeyndor.com\/es\/wp-json\/wp\/v2\/product_brand?post=6389"},{"taxonomy":"product_cat","embeddable":true,"href":"https:\/\/hu.skeyndor.com\/es\/wp-json\/wp\/v2\/product_cat?post=6389"},{"taxonomy":"product_tag","embeddable":true,"href":"https:\/\/hu.skeyndor.com\/es\/wp-json\/wp\/v2\/product_tag?post=6389"}],"curies":[{"name":"wp","href":"https:\/\/api.w.org\/{rel}","templated":true}]}}