{"id":6395,"date":"2022-03-16T23:16:37","date_gmt":"2022-03-16T23:16:37","guid":{"rendered":"https:\/\/www2.hu.skeyndor.com\/producto\/contorno-de-ojos-power-c\/"},"modified":"2024-10-04T14:50:46","modified_gmt":"2024-10-04T12:50:46","slug":"contorno-de-ojos-power-c","status":"publish","type":"product","link":"https:\/\/hu.skeyndor.com\/es\/producto\/contorno-de-ojos-power-c\/","title":{"rendered":"Contorno de ojos- Power C+"},"content":{"rendered":"<h4>TIPO DE PIEL<\/h4>\n<p>Este contorno de ojos est\u00e1 indicado para todo tipo de piel.<\/p>\n<h4>PRINCIPIOS ACTIVOS<\/h4>\n<p>Vitamin C derivado (1,5%), Ext Granada.<\/p>\n<h4>CONSEJOS DE APLICACI\u00d3N<\/h4>\n<p>Aplicar una peque\u00f1a cantidad de producto alrededor de los ojos realizando un suave masaje de dentro hacia fuera.<\/p>\n<p><iframe width=\"560\" height=\"315\" src=\"https:\/\/www.youtube.com\/embed\/gZCQsbMUBio\" frameborder=\"0\" allowfullscreen><\/iframe><\/p>\n","protected":false},"excerpt":{"rendered":"<h2>Gel cremoso para el contorno de ojos con vitamina C de alta absorci\u00f3n y extracto de granada. Tratamiento descongestivo con una combinaci\u00f3n antioxidante para un efecto luz m\u00e1s radiante.<\/h2>\n<p>  Gran poder antioxidante, efecto luz sobre el contorno, suaviza las ojeras y las peque\u00f1as arruguitas, descongestiona p\u00e1rpados y bolsas.<\/p>\n","protected":false},"featured_media":6398,"template":"","meta":{"_acf_changed":false},"product_brand":[],"product_cat":[1825],"product_tag":[227,99,1842,354,2073,1838,421,422,140,409,836,2080,1469,2081,783,911],"class_list":{"0":"post-6395","1":"product","2":"type-product","3":"status-publish","4":"has-post-thumbnail","6":"product_cat-power-c","7":"product_tag-antioxidante","8":"product_tag-contorno-de-ojos","9":"product_tag-cosmeceutica","10":"product_tag-crema","11":"product_tag-cuidado-del-rostro","12":"product_tag-cuidados-faciales","13":"product_tag-deshidratacion","14":"product_tag-hidratacion","15":"product_tag-hidratante","16":"product_tag-hombre","17":"product_tag-luminosidad","18":"product_tag-manchas-y-proteccion-facial","19":"product_tag-power-c","20":"product_tag-proteccion-facial","21":"product_tag-proteccion-solar","22":"product_tag-vitamina-c","23":"no-featured-image-padding","24":"","25":"woocommerce-text-align-center","26":"woocommerce-image-align-center","28":"first","29":"instock","30":"product-type-simple"},"acf":[],"_links":{"self":[{"href":"https:\/\/hu.skeyndor.com\/es\/wp-json\/wp\/v2\/product\/6395","targetHints":{"allow":["GET"]}}],"collection":[{"href":"https:\/\/hu.skeyndor.com\/es\/wp-json\/wp\/v2\/product"}],"about":[{"href":"https:\/\/hu.skeyndor.com\/es\/wp-json\/wp\/v2\/types\/product"}],"version-history":[{"count":0,"href":"https:\/\/hu.skeyndor.com\/es\/wp-json\/wp\/v2\/product\/6395\/revisions"}],"wp:featuredmedia":[{"embeddable":true,"href":"https:\/\/hu.skeyndor.com\/es\/wp-json\/wp\/v2\/media\/6398"}],"wp:attachment":[{"href":"https:\/\/hu.skeyndor.com\/es\/wp-json\/wp\/v2\/media?parent=6395"}],"wp:term":[{"taxonomy":"product_brand","embeddable":true,"href":"https:\/\/hu.skeyndor.com\/es\/wp-json\/wp\/v2\/product_brand?post=6395"},{"taxonomy":"product_cat","embeddable":true,"href":"https:\/\/hu.skeyndor.com\/es\/wp-json\/wp\/v2\/product_cat?post=6395"},{"taxonomy":"product_tag","embeddable":true,"href":"https:\/\/hu.skeyndor.com\/es\/wp-json\/wp\/v2\/product_tag?post=6395"}],"curies":[{"name":"wp","href":"https:\/\/api.w.org\/{rel}","templated":true}]}}