{"id":6413,"date":"2022-03-16T23:16:37","date_gmt":"2022-03-16T23:16:37","guid":{"rendered":"https:\/\/www2.hu.skeyndor.com\/producto\/tratamiento-en-cabina-power-c\/"},"modified":"2024-10-04T14:50:47","modified_gmt":"2024-10-04T12:50:47","slug":"tratamiento-en-cabina-power-c","status":"publish","type":"product","link":"https:\/\/hu.skeyndor.com\/es\/producto\/tratamiento-en-cabina-power-c\/","title":{"rendered":"Tratamiento en cabina Power C+"},"content":{"rendered":"<h4>DESCRIPCI\u00d3N<\/h4>\n<p>Tratamiento en cabina Power C+<br \/>\nPrograma antioxidante Iluminador<br \/>\nANTIOX-ILUMINADOR 35%. Contiene Booster preparador de vitamina C, Concentrado<br \/>\nVitamina C 25%, Booster Antioxidante Iluminador 10%, Mascarilla Calmante Aloe Vera y Crema protectora luz de luna<\/p>\n<h4>TIPO DE PIEL<\/h4>\n<p>Para todo tipo de pieles.Pieles desvitalizadas con falta de<br \/>\nluminosidad y fotoenvejecidas.<\/p>\n<h4>BENEFICIOS DEL TRATAMIENTO<\/h4>\n<p> Unifica el color de la piel, piel m\u00e1s uniforme, suave, lisa, luminosa, Efecto energizante. Piel m\u00e1s vital, contorno del ojo rejuvenecido, efecto antioxidante y piel m\u00e1s fortalecida<\/p>\n<p><iframe width=\"560\" height=\"315\" src=\"https:\/\/www.youtube.com\/embed\/EPPdqgorJiw\" frameborder=\"0\" allowfullscreen><\/iframe><\/p>\n","protected":false},"excerpt":{"rendered":"<h2>Tratamiento en cabina Power C+<br \/>\nPrograma antioxidante Iluminador<br \/>\nANTIOX-ILUMINADOR 35%<br \/>\n<\/h2>\n<p> Tratamiento Energizante, Antioxidante  y Efecto luz 25% VIT.C DERIV<br \/>\n+ 10% Granada + A\u00e7a\u00ed Ext HG<\/p>\n","protected":false},"featured_media":7215,"template":"","meta":{"_acf_changed":false},"product_brand":[],"product_cat":[1825,2278],"product_tag":[227,2073,1355,1046,2083,409,664,836,923,1469,937,951,1844,1667,2086,2085,2084,911],"class_list":{"0":"post-6413","1":"product","2":"type-product","3":"status-publish","4":"has-post-thumbnail","6":"product_cat-power-c","7":"product_cat-tratamiento-cabina","8":"product_tag-antioxidante","9":"product_tag-cuidado-del-rostro","10":"product_tag-escudo","11":"product_tag-fotoenvejecimiento","12":"product_tag-fruta","13":"product_tag-hombre","14":"product_tag-iluminador","15":"product_tag-luminosidad","16":"product_tag-manchas","17":"product_tag-power-c","18":"product_tag-rostro","19":"product_tag-serum","20":"product_tag-serum-concentrado","21":"product_tag-tratamiento","22":"product_tag-tratamiento-profesional","23":"product_tag-tratamientocabina","24":"product_tag-unificador","25":"product_tag-vitamina-c","26":"no-featured-image-padding","27":"","28":"woocommerce-text-align-center","29":"woocommerce-image-align-center","31":"first","32":"instock","33":"product-type-simple"},"acf":[],"_links":{"self":[{"href":"https:\/\/hu.skeyndor.com\/es\/wp-json\/wp\/v2\/product\/6413","targetHints":{"allow":["GET"]}}],"collection":[{"href":"https:\/\/hu.skeyndor.com\/es\/wp-json\/wp\/v2\/product"}],"about":[{"href":"https:\/\/hu.skeyndor.com\/es\/wp-json\/wp\/v2\/types\/product"}],"version-history":[{"count":0,"href":"https:\/\/hu.skeyndor.com\/es\/wp-json\/wp\/v2\/product\/6413\/revisions"}],"wp:featuredmedia":[{"embeddable":true,"href":"https:\/\/hu.skeyndor.com\/es\/wp-json\/wp\/v2\/media\/7215"}],"wp:attachment":[{"href":"https:\/\/hu.skeyndor.com\/es\/wp-json\/wp\/v2\/media?parent=6413"}],"wp:term":[{"taxonomy":"product_brand","embeddable":true,"href":"https:\/\/hu.skeyndor.com\/es\/wp-json\/wp\/v2\/product_brand?post=6413"},{"taxonomy":"product_cat","embeddable":true,"href":"https:\/\/hu.skeyndor.com\/es\/wp-json\/wp\/v2\/product_cat?post=6413"},{"taxonomy":"product_tag","embeddable":true,"href":"https:\/\/hu.skeyndor.com\/es\/wp-json\/wp\/v2\/product_tag?post=6413"}],"curies":[{"name":"wp","href":"https:\/\/api.w.org\/{rel}","templated":true}]}}