{"id":6415,"date":"2022-03-16T23:16:37","date_gmt":"2022-03-16T23:16:37","guid":{"rendered":"https:\/\/www2.hu.skeyndor.com\/producto\/emulsion-hidratante-intensiva-power-hyaluronic\/"},"modified":"2022-04-16T14:50:39","modified_gmt":"2022-04-16T14:50:39","slug":"emulsion-hidratante-intensiva-power-hyaluronic","status":"publish","type":"product","link":"https:\/\/hu.skeyndor.com\/es\/producto\/emulsion-hidratante-intensiva-power-hyaluronic\/","title":{"rendered":"Emulsi\u00f3n hidratante intensiva- Power Hyaluronic"},"content":{"rendered":"<h4>TIPO DE PIEL<\/h4>\n<p>Recomendada para pieles normales a mixtas.<\/p>\n<h4>PRINCIPIOS ACTIVOS<\/h4>\n<p>\u00c1cido hialur\u00f3nico (0.25%), Extracto de girasol, Xilitol y derivados.<\/p>\n<h4>CONSEJOS DE APLICACI\u00d3N<\/h4>\n<p>Despu\u00e9s de la limpieza habitual, extender una peque\u00f1a cantidad de emulsi\u00f3n hidratante por el rostro y hacerla penetrar suavemente. No aplicar en ojos ni mucosas.<\/p>\n","protected":false},"excerpt":{"rendered":"<h2>Emulsi\u00f3n 100% ultrahidratante para el rostro. Proporciona 24h de hidrataci\u00f3n continuada. Para pieles normales a mixtas por su textura ligera.<\/h2>\n<p>F\u00f3rmula con un elevado contenido en \u00e1cido hialur\u00f3nico de muy bajo y alto peso molecular.<\/p>\n","protected":false},"featured_media":6418,"template":"","meta":{"_acf_changed":false},"product_brand":[],"product_cat":[1824],"product_tag":[1842,1839,1840,1838,421,68,422,140,409,139,1841,896],"class_list":{"0":"post-6415","1":"product","2":"type-product","3":"status-publish","4":"has-post-thumbnail","6":"product_cat-power-hyaluronic","7":"product_tag-cosmeceutica","8":"product_tag-cremas-de-dia","9":"product_tag-cremas-de-noche","10":"product_tag-cuidados-faciales","11":"product_tag-deshidratacion","12":"product_tag-emulsion","13":"product_tag-hidratacion","14":"product_tag-hidratante","15":"product_tag-hombre","16":"product_tag-pieles-mixtas","17":"product_tag-poros-visibles","18":"product_tag-power-hyaluronic","19":"no-featured-image-padding","20":"","21":"woocommerce-text-align-center","22":"woocommerce-image-align-center","24":"first","25":"instock","26":"product-type-simple"},"acf":[],"_links":{"self":[{"href":"https:\/\/hu.skeyndor.com\/es\/wp-json\/wp\/v2\/product\/6415","targetHints":{"allow":["GET"]}}],"collection":[{"href":"https:\/\/hu.skeyndor.com\/es\/wp-json\/wp\/v2\/product"}],"about":[{"href":"https:\/\/hu.skeyndor.com\/es\/wp-json\/wp\/v2\/types\/product"}],"version-history":[{"count":0,"href":"https:\/\/hu.skeyndor.com\/es\/wp-json\/wp\/v2\/product\/6415\/revisions"}],"wp:featuredmedia":[{"embeddable":true,"href":"https:\/\/hu.skeyndor.com\/es\/wp-json\/wp\/v2\/media\/6418"}],"wp:attachment":[{"href":"https:\/\/hu.skeyndor.com\/es\/wp-json\/wp\/v2\/media?parent=6415"}],"wp:term":[{"taxonomy":"product_brand","embeddable":true,"href":"https:\/\/hu.skeyndor.com\/es\/wp-json\/wp\/v2\/product_brand?post=6415"},{"taxonomy":"product_cat","embeddable":true,"href":"https:\/\/hu.skeyndor.com\/es\/wp-json\/wp\/v2\/product_cat?post=6415"},{"taxonomy":"product_tag","embeddable":true,"href":"https:\/\/hu.skeyndor.com\/es\/wp-json\/wp\/v2\/product_tag?post=6415"}],"curies":[{"name":"wp","href":"https:\/\/api.w.org\/{rel}","templated":true}]}}