{"id":6433,"date":"2022-03-16T23:16:37","date_gmt":"2022-03-16T23:16:37","guid":{"rendered":"https:\/\/www2.hu.skeyndor.com\/producto\/gel-refrescante-contorno-de-ojos-y-pestanas-power-hyaluronic\/"},"modified":"2022-04-16T14:50:39","modified_gmt":"2022-04-16T14:50:39","slug":"gel-refrescante-contorno-de-ojos-y-pestanas-power-hyaluronic","status":"publish","type":"product","link":"https:\/\/hu.skeyndor.com\/es\/producto\/gel-refrescante-contorno-de-ojos-y-pestanas-power-hyaluronic\/","title":{"rendered":"Gel refrescante contorno de ojos y pesta\u00f1as- Power Hyaluronic"},"content":{"rendered":"<h4>TIPO DE PIEL<\/h4>\n<p>Todo tipo de piel.<\/p>\n<h4>PRINCIPIOS ACTIVOS<\/h4>\n<p>\u00c1cido hialur\u00f3nico, Biotina-GHK, \u00c1rbol de la seda i Darutosido.<\/p>\n<h4>CONSEJOS DE APLICACI\u00d3N PARA CONTORNO DE OJOS<\/h4>\n<p>Depositar peque\u00f1as dosis de producto en p\u00e1rpados y ojeras, realizar suaves y peque\u00f1os c\u00edrculos con el aplicador sobre el contorno de ojos y sobre las \u201cpatas de gallo\u201d. Realizar puntos de presi\u00f3n sobre el contorno de los ojos y masajear muy suavemente con las yemas de los dedos hasta la completa absorci\u00f3n.<\/p>\n<h4>CONSEJOS DE APLICACI\u00d3N PARA PESTA\u00d1AS<\/h4>\n<p>Depositar una dosis muy peque\u00f1a en la yema de los dedos, aplicar con los ojos cerrados en la franja de las pesta\u00f1as y masajear muy suavemente.<\/p>\n<p> <iframe width=\"560\" height=\"315\" src=\"https:\/\/www.youtube.com\/embed\/HASwitEg-gw\"  frameborder=\"0\" allow=\"accelerometer; autoplay; clipboard-write; encrypted-media; gyroscope; picture-in-picture\" allowfullscreen><\/iframe><\/p>\n","protected":false},"excerpt":{"rendered":"<h2>Gel refrescante para rejuvenecer el contorno de los ojos y fortalecer las pesta\u00f1as. Para un efecto lifting en p\u00e1rpados, alisado en arrugas del contorno y disminuci\u00f3n de las ojeras.<\/h2>\n<p>Fortalece las pesta\u00f1as y proporciona un efecto refrescante inmediato. Proporciona lifting en p\u00e1rpados, alisado en arrugas del contorno, disminuci\u00f3n de las ojeras, fortalece las pesta\u00f1as, efecto refrescante inmediato<\/p>\n","protected":false},"featured_media":6436,"template":"","meta":{"_acf_changed":false},"product_brand":[],"product_cat":[1824],"product_tag":[414,1862,99,1839,1840,1838,409,1514,859,896],"class_list":{"0":"post-6433","1":"product","2":"type-product","3":"status-publish","4":"has-post-thumbnail","6":"product_cat-power-hyaluronic","7":"product_tag-bolsas","8":"product_tag-bolsas-y-ojeras","9":"product_tag-contorno-de-ojos","10":"product_tag-cremas-de-dia","11":"product_tag-cremas-de-noche","12":"product_tag-cuidados-faciales","13":"product_tag-hombre","14":"product_tag-ojeras","15":"product_tag-pestanas","16":"product_tag-power-hyaluronic","17":"no-featured-image-padding","18":"","19":"woocommerce-text-align-center","20":"woocommerce-image-align-center","22":"first","23":"instock","24":"product-type-simple"},"acf":[],"_links":{"self":[{"href":"https:\/\/hu.skeyndor.com\/es\/wp-json\/wp\/v2\/product\/6433","targetHints":{"allow":["GET"]}}],"collection":[{"href":"https:\/\/hu.skeyndor.com\/es\/wp-json\/wp\/v2\/product"}],"about":[{"href":"https:\/\/hu.skeyndor.com\/es\/wp-json\/wp\/v2\/types\/product"}],"version-history":[{"count":0,"href":"https:\/\/hu.skeyndor.com\/es\/wp-json\/wp\/v2\/product\/6433\/revisions"}],"wp:featuredmedia":[{"embeddable":true,"href":"https:\/\/hu.skeyndor.com\/es\/wp-json\/wp\/v2\/media\/6436"}],"wp:attachment":[{"href":"https:\/\/hu.skeyndor.com\/es\/wp-json\/wp\/v2\/media?parent=6433"}],"wp:term":[{"taxonomy":"product_brand","embeddable":true,"href":"https:\/\/hu.skeyndor.com\/es\/wp-json\/wp\/v2\/product_brand?post=6433"},{"taxonomy":"product_cat","embeddable":true,"href":"https:\/\/hu.skeyndor.com\/es\/wp-json\/wp\/v2\/product_cat?post=6433"},{"taxonomy":"product_tag","embeddable":true,"href":"https:\/\/hu.skeyndor.com\/es\/wp-json\/wp\/v2\/product_tag?post=6433"}],"curies":[{"name":"wp","href":"https:\/\/api.w.org\/{rel}","templated":true}]}}