{"id":6439,"date":"2022-03-16T23:16:37","date_gmt":"2022-03-16T23:16:37","guid":{"rendered":"https:\/\/www2.hu.skeyndor.com\/producto\/tratamiento-en-cabina-power-hyaluronic\/"},"modified":"2022-07-22T08:29:20","modified_gmt":"2022-07-22T08:29:20","slug":"tratamiento-en-cabina-power-hyaluronic","status":"publish","type":"product","link":"https:\/\/hu.skeyndor.com\/es\/producto\/tratamiento-en-cabina-power-hyaluronic\/","title":{"rendered":"Tratamiento en cabina Power Hyaluronic"},"content":{"rendered":"<h4>DESCRIPCI\u00d3N<\/h4>\n<p>Tratamiento en cabina Power Hyaluronic 100% ultrahidratante. Equilibra la hidrodin\u00e1mica natural de la piel consigueindo un grado \u00f3ptimo de hidrataci\u00f3n.<br \/>\nHA Dynamic programa profesional contiene: Concentrado intensivo HA<br \/>\n1,5%, Gel masaje acuaporinas, Gel ultrahucmentante HA<br \/>\n0,25%, Agua polarizada, Emulsi\u00f3n hidratante intensiva 0,25% <\/p>\n<h4>TIPO DE PIEL<\/h4>\n<p>Pieles deshidratadas en superficie o<br \/>\nprofundidad con microrelieve cut\u00e1neo irregular y peque\u00f1as arrugas <\/p>\n<h4>BENEFICIOS DEL TRATAMIENTO<\/h4>\n<p>Resultados visibles en una sola sesi\u00f3n profesional 90%<br \/>\nArrugas de deshidrataci\u00f3n mejoradas 100%<br \/>\nEfecto ultrahidratante <\/p>\n","protected":false},"excerpt":{"rendered":"<h2>Tratamiento en cabina Power Hyaluronic<br \/>\nEquilibra la hidrodin\u00e1mica natural de la piel consiguiendo un grado \u00f3ptimo de hidrataci\u00f3n .<\/h2>\n<p>Power Hyaluronic mejora la hidrodin\u00e1mica natural cut\u00e1nea al combinar \u00e1cido hialur\u00f3nico de distintos pesos moleculares y un potente<br \/>\nactivador de las acuaporinas.Resultados visibles en una sola<br \/>\nsesi\u00f3n profesional 100% ultrahidratante 90% arrugas de deshidrataci\u00f3n mejoradas, hidrataci\u00f3n continuada durante 24 horas<\/p>\n","protected":false},"featured_media":7616,"template":"","meta":{"_acf_changed":false},"product_brand":[],"product_cat":[1824,2278],"product_tag":[2087,1838,421,140,2088,409,896,2086,711],"class_list":{"0":"post-6439","1":"product","2":"type-product","3":"status-publish","4":"has-post-thumbnail","6":"product_cat-power-hyaluronic","7":"product_cat-tratamiento-cabina","8":"product_tag-cabina","9":"product_tag-cuidados-faciales","10":"product_tag-deshidratacion","11":"product_tag-hidratante","12":"product_tag-hidrodinamica","13":"product_tag-hombre","14":"product_tag-power-hyaluronic","15":"product_tag-tratamiento-profesional","16":"product_tag-ultrahidratante","17":"no-featured-image-padding","18":"","19":"woocommerce-text-align-center","20":"woocommerce-image-align-center","22":"first","23":"instock","24":"product-type-simple"},"acf":[],"_links":{"self":[{"href":"https:\/\/hu.skeyndor.com\/es\/wp-json\/wp\/v2\/product\/6439","targetHints":{"allow":["GET"]}}],"collection":[{"href":"https:\/\/hu.skeyndor.com\/es\/wp-json\/wp\/v2\/product"}],"about":[{"href":"https:\/\/hu.skeyndor.com\/es\/wp-json\/wp\/v2\/types\/product"}],"version-history":[{"count":0,"href":"https:\/\/hu.skeyndor.com\/es\/wp-json\/wp\/v2\/product\/6439\/revisions"}],"wp:featuredmedia":[{"embeddable":true,"href":"https:\/\/hu.skeyndor.com\/es\/wp-json\/wp\/v2\/media\/7616"}],"wp:attachment":[{"href":"https:\/\/hu.skeyndor.com\/es\/wp-json\/wp\/v2\/media?parent=6439"}],"wp:term":[{"taxonomy":"product_brand","embeddable":true,"href":"https:\/\/hu.skeyndor.com\/es\/wp-json\/wp\/v2\/product_brand?post=6439"},{"taxonomy":"product_cat","embeddable":true,"href":"https:\/\/hu.skeyndor.com\/es\/wp-json\/wp\/v2\/product_cat?post=6439"},{"taxonomy":"product_tag","embeddable":true,"href":"https:\/\/hu.skeyndor.com\/es\/wp-json\/wp\/v2\/product_tag?post=6439"}],"curies":[{"name":"wp","href":"https:\/\/api.w.org\/{rel}","templated":true}]}}