{"id":6441,"date":"2022-03-16T23:16:37","date_gmt":"2022-03-16T23:16:37","guid":{"rendered":"https:\/\/www2.hu.skeyndor.com\/producto\/tratamiento-en-cabina-power-hyaluronic-ojos\/"},"modified":"2022-07-21T17:29:03","modified_gmt":"2022-07-21T17:29:03","slug":"tratamiento-en-cabina-power-hyaluronic-ojos","status":"publish","type":"product","link":"https:\/\/hu.skeyndor.com\/es\/producto\/tratamiento-en-cabina-power-hyaluronic-ojos\/","title":{"rendered":"Tratamiento en cabina Power Hyaluronic Ojos"},"content":{"rendered":"<h4>DESCRIPCI\u00d3N<\/h4>\n<p>Tratamiento en cabina Power Hyaluronic HA Contorno de ojos y pesta\u00f1as. El programa profesional power HA ojos contiene: Mascarilla velo confort,Biol\u00f3gico de masaje efecto lifting,<br \/>\nGel fortalecedor de pesta\u00f1as y Crema iluminadora reparadora de arrugas.<\/p>\n<h4>TIPO DE PIEL<\/h4>\n<p>Para contornos de ojos con signos visibles de<br \/>\nfatiga o de la edad. Pesta\u00f1as d\u00e9biles, delgadas o cortas.<\/p>\n<h4>BENEFICIOS DEL TRATAMIENTO<\/h4>\n<p>-61% Lifting en p\u00e1rpados, 42% Alisado en arrugas del contorno, &#8211; 46% disminuci\u00f3n de ojeras<\/p>\n<p><iframe src=\"https:\/\/www.youtube.com\/embed\/3Ywm7BUTZMA\" width=\"560\" height=\"315\" frameborder=\"0\" allowfullscreen=\"allowfullscreen\"><\/iframe><\/p>\n","protected":false},"excerpt":{"rendered":"<h2>Tratamiento en cabina Power Hyaluronic HA Contorno de ojos y pesta\u00f1as. Las pesta\u00f1as representan una parte<br \/>\nmuy importante de los ojos, ya que cumplen una funci\u00f3n de protecci\u00f3n ante posibles agresiones.<\/h2>\n<p>Malos h\u00e1bitos de desmaquillado, una mala alimentaci\u00f3n, falta de hidrataci\u00f3n, la exposici\u00f3n al sol o simplemente el paso del tiempo, que hacen que las pesta\u00f1as pierdan fuerza y acaben provocando su ruptura o ca\u00edda. Consigue unas pesta\u00f1as fuertes y sanas con el tratamiento en cabina Power Hyaluronic HA Contorno de ojos y pesta\u00f1as.<\/p>\n","protected":false},"featured_media":7222,"template":"","meta":{"_acf_changed":false},"product_brand":[],"product_cat":[2278,1824],"product_tag":[168,3223,414,2087,1838,421,2089,140,2088,409,1514,375,859,72,896,2086,711],"class_list":{"0":"post-6441","1":"product","2":"type-product","3":"status-publish","4":"has-post-thumbnail","6":"product_cat-tratamiento-cabina","7":"product_cat-power-hyaluronic","8":"product_tag-arrugas","9":"product_tag-bolsa","10":"product_tag-bolsas","11":"product_tag-cabina","12":"product_tag-cuidados-faciales","13":"product_tag-deshidratacion","14":"product_tag-fatiga","15":"product_tag-hidratante","16":"product_tag-hidrodinamica","17":"product_tag-hombre","18":"product_tag-ojeras","19":"product_tag-ojos","20":"product_tag-pestanas","21":"product_tag-piel-sensible","22":"product_tag-power-hyaluronic","23":"product_tag-tratamiento-profesional","24":"product_tag-ultrahidratante","25":"no-featured-image-padding","26":"","27":"woocommerce-text-align-center","28":"woocommerce-image-align-center","30":"first","31":"instock","32":"product-type-simple"},"acf":[],"_links":{"self":[{"href":"https:\/\/hu.skeyndor.com\/es\/wp-json\/wp\/v2\/product\/6441","targetHints":{"allow":["GET"]}}],"collection":[{"href":"https:\/\/hu.skeyndor.com\/es\/wp-json\/wp\/v2\/product"}],"about":[{"href":"https:\/\/hu.skeyndor.com\/es\/wp-json\/wp\/v2\/types\/product"}],"version-history":[{"count":0,"href":"https:\/\/hu.skeyndor.com\/es\/wp-json\/wp\/v2\/product\/6441\/revisions"}],"wp:featuredmedia":[{"embeddable":true,"href":"https:\/\/hu.skeyndor.com\/es\/wp-json\/wp\/v2\/media\/7222"}],"wp:attachment":[{"href":"https:\/\/hu.skeyndor.com\/es\/wp-json\/wp\/v2\/media?parent=6441"}],"wp:term":[{"taxonomy":"product_brand","embeddable":true,"href":"https:\/\/hu.skeyndor.com\/es\/wp-json\/wp\/v2\/product_brand?post=6441"},{"taxonomy":"product_cat","embeddable":true,"href":"https:\/\/hu.skeyndor.com\/es\/wp-json\/wp\/v2\/product_cat?post=6441"},{"taxonomy":"product_tag","embeddable":true,"href":"https:\/\/hu.skeyndor.com\/es\/wp-json\/wp\/v2\/product_tag?post=6441"}],"curies":[{"name":"wp","href":"https:\/\/api.w.org\/{rel}","templated":true}]}}