{"id":6463,"date":"2022-03-16T23:16:37","date_gmt":"2022-03-16T23:16:37","guid":{"rendered":"https:\/\/www2.hu.skeyndor.com\/producto\/crema-revitalizante-facial-power-oxigen\/"},"modified":"2024-10-04T14:50:47","modified_gmt":"2024-10-04T12:50:47","slug":"crema-revitalizante-facial-power-oxigen","status":"publish","type":"product","link":"https:\/\/hu.skeyndor.com\/es\/producto\/crema-revitalizante-facial-power-oxigen\/","title":{"rendered":"Crema revitalizante facial &#8211; Power Oxigen"},"content":{"rendered":"<h4>TIPO DE PIEL<\/h4>\n<p>Para pieles normales a secas.<\/p>\n<h4>PRINCIPIOS ACTIVOS<\/h4>\n<p>Perfluorodecalina 2%<br \/>\nExtracto Tropaeolum majus<br \/>\nProtector medioambiental (\u2265 2MDa, efecto barrera)<br \/>\nOligosac\u00e1ridos prebi\u00f3ticos<\/p>\n<h4>CONSEJOS DE APLICACI\u00d3N<\/h4>\n<p>Aplicar de 2 a 3 pulsaciones de s\u00e9rum sobre los dedos. Trabajar y calentar la f\u00f3rmula con los dedos hasta romper las esferas y emulsionarlas con el resto de la f\u00f3rmula. Aplicar tanto de d\u00eda como de noche.<\/p>\n<p><iframe width=\"560\" height=\"315\" src=\"https:\/\/www.youtube.com\/embed\/yiCJjE_ad94\" frameborder=\"0\" allowfullscreen><\/iframe><\/p>\n","protected":false},"excerpt":{"rendered":"<h2>Crema hidratante revitalizante facial para pieles fatigadas por falta de ox\u00edgeno.<\/h2>\n<p> F\u00f3rmula con elevado contenido en Perfluorodecalina, mol\u00e9cula atrapa ox\u00edgeno, su formula combina activos de acci\u00f3n oxigenante, prebi\u00f3tica y de protecci\u00f3n frente a la poluci\u00f3n medioambiental, para un efecto oxigenante revivificante profundo.<\/p>\n","protected":false},"featured_media":6466,"template":"","meta":{"_acf_changed":false},"product_brand":[],"product_cat":[1826],"product_tag":[2095,2093,1053,1842,2051,162,163,153,3241,2073,1838,1052,1038,2089,140,1354,1471,1051,2094,829,2092,713,976],"class_list":{"0":"post-6463","1":"product","2":"type-product","3":"status-publish","4":"has-post-thumbnail","6":"product_cat-power-oxygen","7":"product_tag-block","8":"product_tag-city","9":"product_tag-ciudad","10":"product_tag-cosmeceutica","11":"product_tag-cream","12":"product_tag-crema-de-dia","13":"product_tag-crema-de-noche","14":"product_tag-crema-hidratante","15":"product_tag-cremas-hidratantes","16":"product_tag-cuidado-del-rostro","17":"product_tag-cuidados-faciales","18":"product_tag-efecto-oxigenante","19":"product_tag-facial","20":"product_tag-fatiga","21":"product_tag-hidratante","22":"product_tag-oxigeno","23":"product_tag-piel-estresada","24":"product_tag-pieles-asfixiadas","25":"product_tag-pollution","26":"product_tag-polucion","27":"product_tag-power-oxygen","28":"product_tag-proteccion","29":"product_tag-revitalizante","30":"no-featured-image-padding","31":"","32":"woocommerce-text-align-center","33":"woocommerce-image-align-center","35":"first","36":"instock","37":"product-type-simple"},"acf":[],"_links":{"self":[{"href":"https:\/\/hu.skeyndor.com\/es\/wp-json\/wp\/v2\/product\/6463","targetHints":{"allow":["GET"]}}],"collection":[{"href":"https:\/\/hu.skeyndor.com\/es\/wp-json\/wp\/v2\/product"}],"about":[{"href":"https:\/\/hu.skeyndor.com\/es\/wp-json\/wp\/v2\/types\/product"}],"version-history":[{"count":0,"href":"https:\/\/hu.skeyndor.com\/es\/wp-json\/wp\/v2\/product\/6463\/revisions"}],"wp:featuredmedia":[{"embeddable":true,"href":"https:\/\/hu.skeyndor.com\/es\/wp-json\/wp\/v2\/media\/6466"}],"wp:attachment":[{"href":"https:\/\/hu.skeyndor.com\/es\/wp-json\/wp\/v2\/media?parent=6463"}],"wp:term":[{"taxonomy":"product_brand","embeddable":true,"href":"https:\/\/hu.skeyndor.com\/es\/wp-json\/wp\/v2\/product_brand?post=6463"},{"taxonomy":"product_cat","embeddable":true,"href":"https:\/\/hu.skeyndor.com\/es\/wp-json\/wp\/v2\/product_cat?post=6463"},{"taxonomy":"product_tag","embeddable":true,"href":"https:\/\/hu.skeyndor.com\/es\/wp-json\/wp\/v2\/product_tag?post=6463"}],"curies":[{"name":"wp","href":"https:\/\/api.w.org\/{rel}","templated":true}]}}