{"id":6481,"date":"2022-03-16T23:16:37","date_gmt":"2022-03-16T23:16:37","guid":{"rendered":"https:\/\/www2.hu.skeyndor.com\/producto\/tratamiento-en-cabina-power-oxigen\/"},"modified":"2022-05-19T12:47:49","modified_gmt":"2022-05-19T12:47:49","slug":"tratamiento-en-cabina-power-oxigen","status":"publish","type":"product","link":"https:\/\/hu.skeyndor.com\/es\/producto\/tratamiento-en-cabina-power-oxigen\/","title":{"rendered":"Tratamiento en cabina Power Oxigen"},"content":{"rendered":"<h4>DESCRIPCI\u00d3N<\/h4>\n<p>Tratamiento en cabina Power Oxigen Skin Advanced programme &amp; Pollution Block<\/p>\n<h4>TIPO DE PIEL<\/h4>\n<p>Pieles asfixiadas o estresadas con falta de<br \/>\nox\u00edgeno que conviven en entornos urbanos <\/p>\n<h4>BENEFICIOS DEL TRATAMIENTO<\/h4>\n<p>\nProtege la piel de la poluci\u00f3n ambiental<br \/>\ny proporciona el ox\u00edgeno que necesita. Los resultados de este tratamiento son<br \/>\npiel m\u00e1s uniforme,disminuci\u00f3n y prevenci\u00f3n de arrugas, estimulaci\u00f3n de la producci\u00f3n de col\u00e1geno, reducci\u00f3n del tama\u00f1o de los poros, aspecto saludable, luminosidad y tonificaci\u00f3n y vitalidad\n <\/p>\n<p><iframe width=\"560\" height=\"315\" src=\"https:\/\/www.youtube.com\/embed\/TyziFi0342o\" frameborder=\"0\" allowfullscreen><\/iframe><\/p>\n","protected":false},"excerpt":{"rendered":"<h2>Tratamiento en cabina Power Oxigen Skin Advanced programme &amp; Pollution Block<\/h2>\n<p>La contaminaci\u00f3n y la falta de ox\u00edgeno son dos grandes problemas a los que se enfrenta diariamente nuestra piel . Power oxigen, tiene esta doble acci\u00f3n city pollution block +O2 que protege la piel de la poluci\u00f3n ambiental y proporciona el ox\u00edgeno que necesita.<\/p>\n","protected":false},"featured_media":7230,"template":"","meta":{"_acf_changed":false},"product_brand":[],"product_cat":[1826,2278],"product_tag":[2087,1053,1842,2073,1838,1052,1038,2089,140,1354,1471,92,1051,829,2092,2063,713,976,1800,1667],"class_list":{"0":"post-6481","1":"product","2":"type-product","3":"status-publish","4":"has-post-thumbnail","6":"product_cat-power-oxygen","7":"product_cat-tratamiento-cabina","8":"product_tag-cabina","9":"product_tag-ciudad","10":"product_tag-cosmeceutica","11":"product_tag-cuidado-del-rostro","12":"product_tag-cuidados-faciales","13":"product_tag-efecto-oxigenante","14":"product_tag-facial","15":"product_tag-fatiga","16":"product_tag-hidratante","17":"product_tag-oxigeno","18":"product_tag-piel-estresada","19":"product_tag-piel-grasa","20":"product_tag-pieles-asfixiadas","21":"product_tag-polucion","22":"product_tag-power-oxygen","23":"product_tag-profesional","24":"product_tag-proteccion","25":"product_tag-revitalizante","26":"product_tag-tonificacion","27":"product_tag-tratamiento","28":"no-featured-image-padding","29":"","30":"woocommerce-text-align-center","31":"woocommerce-image-align-center","33":"first","34":"instock","35":"product-type-simple"},"acf":[],"_links":{"self":[{"href":"https:\/\/hu.skeyndor.com\/es\/wp-json\/wp\/v2\/product\/6481","targetHints":{"allow":["GET"]}}],"collection":[{"href":"https:\/\/hu.skeyndor.com\/es\/wp-json\/wp\/v2\/product"}],"about":[{"href":"https:\/\/hu.skeyndor.com\/es\/wp-json\/wp\/v2\/types\/product"}],"version-history":[{"count":0,"href":"https:\/\/hu.skeyndor.com\/es\/wp-json\/wp\/v2\/product\/6481\/revisions"}],"wp:featuredmedia":[{"embeddable":true,"href":"https:\/\/hu.skeyndor.com\/es\/wp-json\/wp\/v2\/media\/7230"}],"wp:attachment":[{"href":"https:\/\/hu.skeyndor.com\/es\/wp-json\/wp\/v2\/media?parent=6481"}],"wp:term":[{"taxonomy":"product_brand","embeddable":true,"href":"https:\/\/hu.skeyndor.com\/es\/wp-json\/wp\/v2\/product_brand?post=6481"},{"taxonomy":"product_cat","embeddable":true,"href":"https:\/\/hu.skeyndor.com\/es\/wp-json\/wp\/v2\/product_cat?post=6481"},{"taxonomy":"product_tag","embeddable":true,"href":"https:\/\/hu.skeyndor.com\/es\/wp-json\/wp\/v2\/product_tag?post=6481"}],"curies":[{"name":"wp","href":"https:\/\/api.w.org\/{rel}","templated":true}]}}