{"id":6537,"date":"2022-03-16T23:17:01","date_gmt":"2022-03-16T23:17:01","guid":{"rendered":"https:\/\/www2.hu.skeyndor.com\/producto\/crema-rellenadora-de-arrugas-corrective\/"},"modified":"2022-05-20T10:59:05","modified_gmt":"2022-05-20T10:59:05","slug":"crema-rellenadora-de-arrugas-corrective","status":"publish","type":"product","link":"https:\/\/hu.skeyndor.com\/es\/producto\/crema-rellenadora-de-arrugas-corrective\/","title":{"rendered":"Crema rellenadora de arrugas- Corrective"},"content":{"rendered":"<h4>TIPO DE PIEL<\/h4>\n<p>Ideal para pieles secas con arrugas profundas y l\u00edneas de expresi\u00f3n.<\/p>\n<h4>PRINCIPIOS ACTIVOS<\/h4>\n<p>Sustancia de relleno r\u00e1pido del tejido superficial.<\/p>\n<p>Redensificantes del tejido interno.<\/p>\n<p>P\u00e9ptidos dermoliftantes pre-sin\u00e1pticos con tecnolog\u00eda DRON COSM\u00c9TICO.<\/p>\n<p>Agentes neuro-inhibidores.<\/p>\n<h4>CONSEJOS DE APLICACI\u00d3N<\/h4>\n<p>Despu\u00e9s de la limpieza habitual, extender una fina capa de producto por cara y cuello y hacerla penetrar suavemente. Realizando su ritual de aplicaci\u00f3n.<\/p>\n<p><iframe width=\"560\" height=\"315\" src=\"https:\/\/www.youtube.com\/embed\/nvr8asXWHFI\" frameborder=\"0\" allowfullscreen><\/iframe><\/p>\n","protected":false},"excerpt":{"rendered":"<h2>Crema correctora de arrugas profundas y l\u00edneas de expresi\u00f3n que rellena y decontrae.<\/h2>\n<p> Combina dos t\u00e9cnicas de relleno, para un aspecto de la piel m\u00e1s lleno y repulpado.<br \/>\nNueva formulaci\u00f3n para una mejor eficacia anti-arrugas. <\/p>\n","protected":false},"featured_media":6540,"template":"","meta":{"_acf_changed":false},"product_brand":[],"product_cat":[1828],"product_tag":[168,1846,1650,1651,1848,354,1839,1838,1652,1847,152,469,1845,1649,1654,1653],"class_list":{"0":"post-6537","1":"product","2":"type-product","3":"status-publish","4":"has-post-thumbnail","6":"product_cat-corrective","7":"product_tag-arrugas","8":"product_tag-arrugas-densidad","9":"product_tag-arrugas-expresion","10":"product_tag-arrugas-profundas","11":"product_tag-corrective","12":"product_tag-crema","13":"product_tag-cremas-de-dia","14":"product_tag-cuidados-faciales","15":"product_tag-decontrae","16":"product_tag-nuevo-corrective","17":"product_tag-piel-seca","18":"product_tag-pieles-secas","19":"product_tag-primeras-arrugas","20":"product_tag-rellenadora","21":"product_tag-repulpado","22":"product_tag-rostro-lleno","23":"no-featured-image-padding","24":"","25":"woocommerce-text-align-center","26":"woocommerce-image-align-center","28":"first","29":"instock","30":"product-type-simple"},"acf":[],"_links":{"self":[{"href":"https:\/\/hu.skeyndor.com\/es\/wp-json\/wp\/v2\/product\/6537","targetHints":{"allow":["GET"]}}],"collection":[{"href":"https:\/\/hu.skeyndor.com\/es\/wp-json\/wp\/v2\/product"}],"about":[{"href":"https:\/\/hu.skeyndor.com\/es\/wp-json\/wp\/v2\/types\/product"}],"version-history":[{"count":0,"href":"https:\/\/hu.skeyndor.com\/es\/wp-json\/wp\/v2\/product\/6537\/revisions"}],"wp:featuredmedia":[{"embeddable":true,"href":"https:\/\/hu.skeyndor.com\/es\/wp-json\/wp\/v2\/media\/6540"}],"wp:attachment":[{"href":"https:\/\/hu.skeyndor.com\/es\/wp-json\/wp\/v2\/media?parent=6537"}],"wp:term":[{"taxonomy":"product_brand","embeddable":true,"href":"https:\/\/hu.skeyndor.com\/es\/wp-json\/wp\/v2\/product_brand?post=6537"},{"taxonomy":"product_cat","embeddable":true,"href":"https:\/\/hu.skeyndor.com\/es\/wp-json\/wp\/v2\/product_cat?post=6537"},{"taxonomy":"product_tag","embeddable":true,"href":"https:\/\/hu.skeyndor.com\/es\/wp-json\/wp\/v2\/product_tag?post=6537"}],"curies":[{"name":"wp","href":"https:\/\/api.w.org\/{rel}","templated":true}]}}