{"id":6543,"date":"2022-03-16T23:17:01","date_gmt":"2022-03-16T23:17:01","guid":{"rendered":"https:\/\/www2.hu.skeyndor.com\/producto\/emulsion-rellenadora-de-arrugas-corrective\/"},"modified":"2024-10-04T14:50:44","modified_gmt":"2024-10-04T12:50:44","slug":"emulsion-rellenadora-de-arrugas-corrective","status":"publish","type":"product","link":"https:\/\/hu.skeyndor.com\/es\/producto\/emulsion-rellenadora-de-arrugas-corrective\/","title":{"rendered":"Emulsi\u00f3n rellenadora de arrugas &#8211; Corrective"},"content":{"rendered":"<h4>TIPO DE PIEL<\/h4>\n<p>Ideal para pieles mixtas, por su textura ligera.<\/p>\n<h4>PRINCIPIOS ACTIVOS<\/h4>\n<p>Sustancia de relleno r\u00e1pido del tejido superficial.<\/p>\n<p>Redensificantes del tejido interno.<\/p>\n<p>P\u00e9ptidos dermoliftantes pre-sin\u00e1pticos con tecnolog\u00eda DRON COSM\u00c9TICO.<\/p>\n<p>Agentes neuro-inhibidores.<\/p>\n<h4>CONSEJOS DE APLICACI\u00d3N<\/h4>\n<p>Despu\u00e9s de la limpieza habitual, extender una fina capa de producto por cara y cuello y hacerla penetrar suavemente. Realizando su ritual de aplicaci\u00f3n.<\/p>\n<p><iframe width=\"560\" height=\"315\" src=\"https:\/\/www.youtube.com\/embed\/nvr8asXWHFI\" frameborder=\"0\" allowfullscreen><\/iframe><\/p>\n","protected":false},"excerpt":{"rendered":"<h2>Emulsi\u00f3n correctora de arrugas profundas y l\u00edneas de expresi\u00f3n formulada para alisar las arrugas de expresi\u00f3n del rostro.<\/h2>\n<p> Combina sustancias de relleno de la piel con activos de acci\u00f3n decontracturante, para aportar un aspecto de la piel m\u00e1s lleno y repulpado. <\/p>\n","protected":false},"featured_media":6546,"template":"","meta":{"_acf_changed":false},"product_brand":[],"product_cat":[1828],"product_tag":[1846,1650,1848,1655,1839,1838,1250,1373,68,948,1847,92,1656,138,91,1845,1268,1649,232],"class_list":{"0":"post-6543","1":"product","2":"type-product","3":"status-publish","4":"has-post-thumbnail","6":"product_cat-corrective","7":"product_tag-arrugas-densidad","8":"product_tag-arrugas-expresion","9":"product_tag-corrective","10":"product_tag-corrector-arrugas","11":"product_tag-cremas-de-dia","12":"product_tag-cuidados-faciales","13":"product_tag-decontractor","14":"product_tag-decontracturante","15":"product_tag-emulsion","16":"product_tag-lineas-de-expresion","17":"product_tag-nuevo-corrective","18":"product_tag-piel-grasa","19":"product_tag-piel-mas-llena","20":"product_tag-piel-mixta","21":"product_tag-pieles-grasas","22":"product_tag-primeras-arrugas","23":"product_tag-rellena","24":"product_tag-rellenadora","25":"product_tag-textura-ligera","26":"no-featured-image-padding","27":"","28":"woocommerce-text-align-center","29":"woocommerce-image-align-center","31":"first","32":"instock","33":"product-type-simple"},"acf":[],"_links":{"self":[{"href":"https:\/\/hu.skeyndor.com\/es\/wp-json\/wp\/v2\/product\/6543","targetHints":{"allow":["GET"]}}],"collection":[{"href":"https:\/\/hu.skeyndor.com\/es\/wp-json\/wp\/v2\/product"}],"about":[{"href":"https:\/\/hu.skeyndor.com\/es\/wp-json\/wp\/v2\/types\/product"}],"version-history":[{"count":0,"href":"https:\/\/hu.skeyndor.com\/es\/wp-json\/wp\/v2\/product\/6543\/revisions"}],"wp:featuredmedia":[{"embeddable":true,"href":"https:\/\/hu.skeyndor.com\/es\/wp-json\/wp\/v2\/media\/6546"}],"wp:attachment":[{"href":"https:\/\/hu.skeyndor.com\/es\/wp-json\/wp\/v2\/media?parent=6543"}],"wp:term":[{"taxonomy":"product_brand","embeddable":true,"href":"https:\/\/hu.skeyndor.com\/es\/wp-json\/wp\/v2\/product_brand?post=6543"},{"taxonomy":"product_cat","embeddable":true,"href":"https:\/\/hu.skeyndor.com\/es\/wp-json\/wp\/v2\/product_cat?post=6543"},{"taxonomy":"product_tag","embeddable":true,"href":"https:\/\/hu.skeyndor.com\/es\/wp-json\/wp\/v2\/product_tag?post=6543"}],"curies":[{"name":"wp","href":"https:\/\/api.w.org\/{rel}","templated":true}]}}