{"id":6555,"date":"2022-03-16T23:17:01","date_gmt":"2022-03-16T23:17:01","guid":{"rendered":"https:\/\/www2.hu.skeyndor.com\/producto\/contorno-de-ojos-rellenador-de-arrugas-corrective\/"},"modified":"2024-10-04T14:50:44","modified_gmt":"2024-10-04T12:50:44","slug":"contorno-de-ojos-rellenador-de-arrugas-corrective","status":"publish","type":"product","link":"https:\/\/hu.skeyndor.com\/es\/producto\/contorno-de-ojos-rellenador-de-arrugas-corrective\/","title":{"rendered":"Contorno de ojos rellenador de arrugas &#8211; Corrective"},"content":{"rendered":"<h4>TIPO DE PIEL<\/h4>\n<p>Para todo tipo de pieles.<\/p>\n<h4>PRINCIPIOS ACTIVOS<\/h4>\n<p>P\u00e9ptidos dermoliftantes pre-sin\u00e1pticos con tecnolog\u00eda DRON COSM\u00c9TICO.<\/p>\n<p>P\u00e9ptidos dermoliftantes post-sin\u00e1pticos.<\/p>\n<p>Agentes neuro-inhibidores.<\/p>\n<p>Sustancia de relleno r\u00e1pido del tejido superficial.<\/p>\n<h4>CONSEJOS DE APLICACI\u00d3N<\/h4>\n<p>Despu\u00e9s de la limpieza habitual, aplicar una ligera capa de producto realizando un suave masaje de dentro hacia fuera insistiendo en las arrugas.<\/p>\n<p><iframe width=\"560\" height=\"315\" src=\"https:\/\/www.youtube.com\/embed\/fWq_QI_xwic\" frameborder=\"0\" allowfullscreen><\/iframe><\/p>\n","protected":false},"excerpt":{"rendered":"<h2>Crema correctora de l\u00edneas de expresi\u00f3n y arrugas profundas en el contorno de los ojos gracias a su combinaci\u00f3n de p\u00e9ptidos y activos que relajan el aspecto de las l\u00edneas de expresi\u00f3n.<\/h2>\n<p> Las ojeras y bolsas se rellenan, a la vez que muestran un aspecto m\u00e1s relajado y descongestionado. Textura gel cremoso y nutritivo, pensado para todo tipo de pieles.<\/p>\n","protected":false},"featured_media":6558,"template":"","meta":{"_acf_changed":false},"product_brand":[],"product_cat":[1828],"product_tag":[1846,1650,861,99,100,1848,1839,1838,1250,1373,1248,1664,1663,1845,1661,1662,1268,1649,951,232,1864],"class_list":{"0":"post-6555","1":"product","2":"type-product","3":"status-publish","4":"has-post-thumbnail","6":"product_cat-corrective","7":"product_tag-arrugas-densidad","8":"product_tag-arrugas-expresion","9":"product_tag-contorno","10":"product_tag-contorno-de-ojos","11":"product_tag-contorno-ojos","12":"product_tag-corrective","13":"product_tag-cremas-de-dia","14":"product_tag-cuidados-faciales","15":"product_tag-decontractor","16":"product_tag-decontracturante","17":"product_tag-lineas-expresion","18":"product_tag-piel-lisa","19":"product_tag-piel-renovada","20":"product_tag-primeras-arrugas","21":"product_tag-refina","22":"product_tag-refinar","23":"product_tag-rellena","24":"product_tag-rellenadora","25":"product_tag-serum","26":"product_tag-textura-ligera","27":"product_tag-todo-tipo-de-piel","28":"no-featured-image-padding","29":"","30":"woocommerce-text-align-center","31":"woocommerce-image-align-center","33":"first","34":"instock","35":"product-type-simple"},"acf":[],"_links":{"self":[{"href":"https:\/\/hu.skeyndor.com\/es\/wp-json\/wp\/v2\/product\/6555","targetHints":{"allow":["GET"]}}],"collection":[{"href":"https:\/\/hu.skeyndor.com\/es\/wp-json\/wp\/v2\/product"}],"about":[{"href":"https:\/\/hu.skeyndor.com\/es\/wp-json\/wp\/v2\/types\/product"}],"version-history":[{"count":0,"href":"https:\/\/hu.skeyndor.com\/es\/wp-json\/wp\/v2\/product\/6555\/revisions"}],"wp:featuredmedia":[{"embeddable":true,"href":"https:\/\/hu.skeyndor.com\/es\/wp-json\/wp\/v2\/media\/6558"}],"wp:attachment":[{"href":"https:\/\/hu.skeyndor.com\/es\/wp-json\/wp\/v2\/media?parent=6555"}],"wp:term":[{"taxonomy":"product_brand","embeddable":true,"href":"https:\/\/hu.skeyndor.com\/es\/wp-json\/wp\/v2\/product_brand?post=6555"},{"taxonomy":"product_cat","embeddable":true,"href":"https:\/\/hu.skeyndor.com\/es\/wp-json\/wp\/v2\/product_cat?post=6555"},{"taxonomy":"product_tag","embeddable":true,"href":"https:\/\/hu.skeyndor.com\/es\/wp-json\/wp\/v2\/product_tag?post=6555"}],"curies":[{"name":"wp","href":"https:\/\/api.w.org\/{rel}","templated":true}]}}