{"id":6593,"date":"2022-03-16T23:17:01","date_gmt":"2022-03-16T23:17:01","guid":{"rendered":"https:\/\/www2.hu.skeyndor.com\/producto\/the-luxury-elixir-timeless-prodigy\/"},"modified":"2022-05-24T12:28:35","modified_gmt":"2022-05-24T12:28:35","slug":"the-luxury-elixir-timeless-prodigy","status":"publish","type":"product","link":"https:\/\/hu.skeyndor.com\/es\/producto\/the-luxury-elixir-timeless-prodigy\/","title":{"rendered":"The Luxury Elixir &#8211; Timeless Prodigy"},"content":{"rendered":"<h4>TIPO DE PIEL<\/h4>\n<p>Para todo tipo de pieles. Dirigido a recuperar los niveles \u00f3ptimos de energ\u00eda de la piel y contrarestar los efectos da\u00f1inos del estr\u00e9s diario.<\/p>\n<h4>PRINCIPIOS ACTIVOS<\/h4>\n<p>Con m\u00e1s de 20 potentes activos como factores de crecimiento , extracto de tephrosia purpurea, c\u00e9lulas madre de rosa damascena y de olivo silvestre para revitalizar la piel desde el interior y conseguir un resultado antiedad de lujo.<\/p>\n<h4>CONSEJOS DE APLICACI\u00d3N<\/h4>\n<p>Aplicar ma\u00f1ana y noche siguiendo el masaje indicado en cada una de las fases. Iniciar aplicando de 3 a 5 pulsaciones de producto en la yema de los dedos. Distribuirlo con suaves roces en frente, p\u00f3mulos, ment\u00f3n y cuello. <br \/> Duraci\u00f3n del tratamiento 30 d\u00edas: Aplicar la Fase 1 los 10 primeros d\u00edas, seguidamente la Fase 2, 10 d\u00edas m\u00e1s y los 10 \u00faltimos d\u00edas la Fase 3.<\/p>\n<p align=\"center\"><iframe width=\"560\" height=\"315\" src=\"https:\/\/www.youtube.com\/embed\/tPS9m0HrLLE\" frameborder=\"0\"><\/iframe><\/p>\n<p align=\"center\"><iframe width=\"560\" height=\"315\" src=\"https:\/\/www.youtube.com\/embed\/OIwcE9hHEDQ\" frameborder=\"0\" allowfullscreen><\/iframe><\/p>\n","protected":false},"excerpt":{"rendered":"<h2>Elixir antiedad de acci\u00f3n progresiva. Exclusivo tratamiento intensivo de 30 d\u00edas, repartida en 3 fases de acci\u00f3n progresiva y aplicaci\u00f3n d\u00eda y noche. <\/h2>\n<p> El exclusivo tratamiento intensivo de acci\u00f3n evolutiva y multig\u00e9nica basada en la fusi\u00f3n perfecta de 3 estrategias de rejuvenecimiento celular. <\/p>\n<p> Phase 1. Activadores de la g\u00e9nesis celular. <br \/> Phase 2. Perfeccionadores de la calidad celular. <br \/> Phase 3. Potenciadores de la funcionalidad celular.<\/p>\n","protected":false},"featured_media":6596,"template":"","meta":{"_acf_changed":false},"product_brand":[],"product_cat":[1831],"product_tag":[168,1846,1384,1838,1607,769,2131,2114,1159,245,1084,2098,1269,2132,1263,2123,2124,2129,1729,937,2128,2120,1667,2075,2130,2125],"class_list":{"0":"post-6593","1":"product","2":"type-product","3":"status-publish","4":"has-post-thumbnail","6":"product_cat-timeless-prodigy","7":"product_tag-arrugas","8":"product_tag-arrugas-densidad","9":"product_tag-ciencia","10":"product_tag-cuidados-faciales","11":"product_tag-detoxifica","12":"product_tag-elixir","13":"product_tag-estres","14":"product_tag-factores-crecimiento","15":"product_tag-hidrata","16":"product_tag-ilumina","17":"product_tag-lujo","18":"product_tag-piel-madura","19":"product_tag-reafirma","20":"product_tag-redensifica","21":"product_tag-rejuvenece","22":"product_tag-resplandor","23":"product_tag-retensa","24":"product_tag-retensa-la-piel","25":"product_tag-revitaliza","26":"product_tag-rostro","27":"product_tag-suaviza","28":"product_tag-timeless-prodigy","29":"product_tag-tratamiento","30":"product_tag-tratamientos-especificos","31":"product_tag-ultra","32":"product_tag-ultra-antiedad","33":"no-featured-image-padding","34":"","35":"woocommerce-text-align-center","36":"woocommerce-image-align-center","38":"first","39":"instock","40":"product-type-simple"},"acf":[],"_links":{"self":[{"href":"https:\/\/hu.skeyndor.com\/es\/wp-json\/wp\/v2\/product\/6593","targetHints":{"allow":["GET"]}}],"collection":[{"href":"https:\/\/hu.skeyndor.com\/es\/wp-json\/wp\/v2\/product"}],"about":[{"href":"https:\/\/hu.skeyndor.com\/es\/wp-json\/wp\/v2\/types\/product"}],"version-history":[{"count":0,"href":"https:\/\/hu.skeyndor.com\/es\/wp-json\/wp\/v2\/product\/6593\/revisions"}],"wp:featuredmedia":[{"embeddable":true,"href":"https:\/\/hu.skeyndor.com\/es\/wp-json\/wp\/v2\/media\/6596"}],"wp:attachment":[{"href":"https:\/\/hu.skeyndor.com\/es\/wp-json\/wp\/v2\/media?parent=6593"}],"wp:term":[{"taxonomy":"product_brand","embeddable":true,"href":"https:\/\/hu.skeyndor.com\/es\/wp-json\/wp\/v2\/product_brand?post=6593"},{"taxonomy":"product_cat","embeddable":true,"href":"https:\/\/hu.skeyndor.com\/es\/wp-json\/wp\/v2\/product_cat?post=6593"},{"taxonomy":"product_tag","embeddable":true,"href":"https:\/\/hu.skeyndor.com\/es\/wp-json\/wp\/v2\/product_tag?post=6593"}],"curies":[{"name":"wp","href":"https:\/\/api.w.org\/{rel}","templated":true}]}}