{"id":6601,"date":"2022-03-16T23:17:28","date_gmt":"2022-03-16T23:17:28","guid":{"rendered":"https:\/\/www2.hu.skeyndor.com\/producto\/concentrado-renewal-peeling-uniqcure\/"},"modified":"2024-10-04T14:50:41","modified_gmt":"2024-10-04T12:50:41","slug":"concentrado-renewal-peeling-uniqcure","status":"publish","type":"product","link":"https:\/\/hu.skeyndor.com\/es\/producto\/concentrado-renewal-peeling-uniqcure\/","title":{"rendered":"Concentrado Renewal Peeling &#8211; Uniqcure"},"content":{"rendered":"<h4>TIPO DE PIEL<\/h4>\n<p>Recomendada para pieles apagadas, gruesas, con poros abiertos o marcas de acn\u00e9.<\/p>\n<h4>INGREDIENTES ACTIVOS<\/h4>\n<p>Glic\u00f3lico, Gluconolactona y F\u00edtico<\/p>\n<h4>BENEFICIOS<\/h4>\n<p>Ampolla peeling leave-on al 15% en \u00e1cidos.<\/p>\n<p>Inspirado en los peeling m\u00e9dico-est\u00e9ticos para su aplicaci\u00f3n sin retirar. Combina 3 tipos de \u00e1cidos (AHA, PHA, PCA).<\/p>\n<h4>CONSEJOS DE APLICACI\u00d3N<\/h4>\n<p>Abrir la ampolla, colocar el aplicador y seguido aplicar el producto en las manos y extender en rostro, cuello y escote mediante lisajes. Haremos un masaje energizante de efecto oxigenante a partir de percusiones, fijamos el producto con las palmas de las manos y aplicamos la crema habitual o la recomendada.<\/p>\n<p><iframe width=\"560\" height=\"315\" src=\"https:\/\/www.youtube.com\/embed\/wkaMMhpOdbk\"  frameborder=\"0\" allow=\"accelerometer; autoplay; clipboard-write; encrypted-media; gyroscope; picture-in-picture\" allowfullscreen><\/iframe><\/p>\n","protected":false},"excerpt":{"rendered":"<h2>Renewal Peeling Concentrate, ampolla peeling leave-on es un concentrado hidrata e ilumina la piel y est\u00e1 insiprado en los mejores peeling medico-est\u00e9ticos. <\/h2>\n<p>Su formula al 15% en \u00e1cidos ayuda a suavizar las pieles gruesas, con poros o marcas de acn\u00e9. Ampolla concentrada peeling leave-on, hidrata e ilumina la piel. Suaviza pieles gruesas con poros o marcas de acn\u00e9. <\/p>\n","protected":false},"featured_media":6604,"template":"","meta":{"_acf_changed":false},"product_brand":[],"product_cat":[1833],"product_tag":[1158,1161,1168,1170,913,959,2073,1838,1159,422,140,245,1160,1166,752,1163,1164,1165,1169,1144,1162,1468],"class_list":{"0":"post-6601","1":"product","2":"type-product","3":"status-publish","4":"has-post-thumbnail","6":"product_cat-uniqcure","7":"product_tag-acido","8":"product_tag-acidos","9":"product_tag-acne","10":"product_tag-ampolla","11":"product_tag-ampollas","12":"product_tag-concentrado","13":"product_tag-cuidado-del-rostro","14":"product_tag-cuidados-faciales","15":"product_tag-hidrata","16":"product_tag-hidratacion","17":"product_tag-hidratante","18":"product_tag-ilumina","19":"product_tag-iluminacion","20":"product_tag-mascara","21":"product_tag-peeling","22":"product_tag-piel-gruesa","23":"product_tag-pieles-gruesas","24":"product_tag-poros","25":"product_tag-renewal","26":"product_tag-renovador","27":"product_tag-suavizar","28":"product_tag-uniqcure","29":"no-featured-image-padding","30":"","31":"woocommerce-text-align-center","32":"woocommerce-image-align-center","34":"first","35":"instock","36":"product-type-simple"},"acf":[],"_links":{"self":[{"href":"https:\/\/hu.skeyndor.com\/es\/wp-json\/wp\/v2\/product\/6601","targetHints":{"allow":["GET"]}}],"collection":[{"href":"https:\/\/hu.skeyndor.com\/es\/wp-json\/wp\/v2\/product"}],"about":[{"href":"https:\/\/hu.skeyndor.com\/es\/wp-json\/wp\/v2\/types\/product"}],"version-history":[{"count":0,"href":"https:\/\/hu.skeyndor.com\/es\/wp-json\/wp\/v2\/product\/6601\/revisions"}],"wp:featuredmedia":[{"embeddable":true,"href":"https:\/\/hu.skeyndor.com\/es\/wp-json\/wp\/v2\/media\/6604"}],"wp:attachment":[{"href":"https:\/\/hu.skeyndor.com\/es\/wp-json\/wp\/v2\/media?parent=6601"}],"wp:term":[{"taxonomy":"product_brand","embeddable":true,"href":"https:\/\/hu.skeyndor.com\/es\/wp-json\/wp\/v2\/product_brand?post=6601"},{"taxonomy":"product_cat","embeddable":true,"href":"https:\/\/hu.skeyndor.com\/es\/wp-json\/wp\/v2\/product_cat?post=6601"},{"taxonomy":"product_tag","embeddable":true,"href":"https:\/\/hu.skeyndor.com\/es\/wp-json\/wp\/v2\/product_tag?post=6601"}],"curies":[{"name":"wp","href":"https:\/\/api.w.org\/{rel}","templated":true}]}}