{"id":6625,"date":"2022-03-16T23:17:28","date_gmt":"2022-03-16T23:17:28","guid":{"rendered":"https:\/\/www2.hu.skeyndor.com\/producto\/concentrado-dark-spot-correcting-uniqcure\/"},"modified":"2024-10-04T14:50:40","modified_gmt":"2024-10-04T12:50:40","slug":"concentrado-dark-spot-correcting-uniqcure","status":"publish","type":"product","link":"https:\/\/hu.skeyndor.com\/es\/producto\/concentrado-dark-spot-correcting-uniqcure\/","title":{"rendered":"Concentrado Dark-Spot correcting &#8211; Uniqcure"},"content":{"rendered":"<h4>TIPO DE PIEL<\/h4>\n<p>Recomendada para pieles con manchas medianas, pieles oscuras o pieles cetrinas.<\/p>\n<h4>INGREDIENTES ACTIVOS<\/h4>\n<p>Hexyl resorcinol, Vit B3, Extractos de Brassica Napus-Salvado de Trigo- Candida Saitoana.<\/p>\n<h4>BENEFICIOS<\/h4>\n<p>Ampolla <strong>correctora del color<\/strong> para una piel de porcelana. Reduce la formaci\u00f3n y distribuci\u00f3n de melanina y la acumulaci\u00f3n de lipofuscina, pigmento de la edad.<\/p>\n<h4>CONSEJOS DE APLICACI\u00d3N<\/h4>\n<p>Abrir la ampolla, colocar el aplicador y seguido aplicar el producto en las manos y extender en rostro, cuello y escote mediante lisajes. Haremos un masaje energizante de efecto corrector a partir de pellizcos, fijamos el producto con las palmas de las manos y aplicamos la crema habitual o la recomendada.<\/p>\n<p><iframe width=\"560\" height=\"315\" src=\"https:\/\/www.youtube.com\/embed\/kyndgIEfxiE\"  frameborder=\"0\" allow=\"accelerometer; autoplay; clipboard-write; encrypted-media; gyroscope; picture-in-picture\" allowfullscreen><\/iframe><\/p>\n","protected":false},"excerpt":{"rendered":"<h2> Dark-Spot Correcting Concentrate de UNIQCURE es una ampolla que unifica el tono de la piel, aclarando el tono amarillo derivado de la edad. <\/h2>\n<p> Ampolla concentrada correctora que suaviza el aspecto de las manchas.<\/p>\n","protected":false},"featured_media":6628,"template":"","meta":{"_acf_changed":false},"product_brand":[],"product_cat":[1833],"product_tag":[1215,1170,913,959,1187,1217,1218,1220,2073,1838,1222,1216,923,1221,1219,937,1224,246,1223,1468],"class_list":{"0":"post-6625","1":"product","2":"type-product","3":"status-publish","4":"has-post-thumbnail","6":"product_cat-uniqcure","7":"product_tag-amarillento","8":"product_tag-ampolla","9":"product_tag-ampollas","10":"product_tag-concentrado","11":"product_tag-concentrate","12":"product_tag-correcting","13":"product_tag-correctora","14":"product_tag-corregir","15":"product_tag-cuidado-del-rostro","16":"product_tag-cuidados-faciales","17":"product_tag-dark-spot-correcting","18":"product_tag-dark-spot","19":"product_tag-manchas","20":"product_tag-manchas-en-la-cara","21":"product_tag-porcelona","22":"product_tag-rostro","23":"product_tag-tono-de-piel","24":"product_tag-unifica","25":"product_tag-unificar-tono","26":"product_tag-uniqcure","27":"no-featured-image-padding","28":"","29":"woocommerce-text-align-center","30":"woocommerce-image-align-center","32":"first","33":"instock","34":"product-type-simple"},"acf":[],"_links":{"self":[{"href":"https:\/\/hu.skeyndor.com\/es\/wp-json\/wp\/v2\/product\/6625","targetHints":{"allow":["GET"]}}],"collection":[{"href":"https:\/\/hu.skeyndor.com\/es\/wp-json\/wp\/v2\/product"}],"about":[{"href":"https:\/\/hu.skeyndor.com\/es\/wp-json\/wp\/v2\/types\/product"}],"version-history":[{"count":0,"href":"https:\/\/hu.skeyndor.com\/es\/wp-json\/wp\/v2\/product\/6625\/revisions"}],"wp:featuredmedia":[{"embeddable":true,"href":"https:\/\/hu.skeyndor.com\/es\/wp-json\/wp\/v2\/media\/6628"}],"wp:attachment":[{"href":"https:\/\/hu.skeyndor.com\/es\/wp-json\/wp\/v2\/media?parent=6625"}],"wp:term":[{"taxonomy":"product_brand","embeddable":true,"href":"https:\/\/hu.skeyndor.com\/es\/wp-json\/wp\/v2\/product_brand?post=6625"},{"taxonomy":"product_cat","embeddable":true,"href":"https:\/\/hu.skeyndor.com\/es\/wp-json\/wp\/v2\/product_cat?post=6625"},{"taxonomy":"product_tag","embeddable":true,"href":"https:\/\/hu.skeyndor.com\/es\/wp-json\/wp\/v2\/product_tag?post=6625"}],"curies":[{"name":"wp","href":"https:\/\/api.w.org\/{rel}","templated":true}]}}