{"id":6661,"date":"2022-03-16T23:17:28","date_gmt":"2022-03-16T23:17:28","guid":{"rendered":"https:\/\/www2.hu.skeyndor.com\/producto\/prebase-de-maquillaje-hyaluron-filler-base\/"},"modified":"2022-04-16T14:50:54","modified_gmt":"2022-04-16T14:50:54","slug":"prebase-de-maquillaje-hyaluron-filler-base","status":"publish","type":"product","link":"https:\/\/hu.skeyndor.com\/es\/producto\/prebase-de-maquillaje-hyaluron-filler-base\/","title":{"rendered":"Prebase de maquillaje &#8211; Hyaluron filler base"},"content":{"rendered":"<h4>TIPO DE PIEL<\/h4>\n<p>Recomendado para todo tipo de pieles, para cualquier edad y unisex<\/p>\n<h4>INGREDIENTES ACTIVOS<\/h4>\n<p>Su f\u00f3rmula incluye \u00e1cido hialur\u00f3nico<br \/>\nde gran poder hidratante y rellenador<br \/>\nde las finas l\u00edneas.<\/p>\n<h4>BENEFICIOS<\/h4>\n<p>Perfeccionador cut\u00e1neo instant\u00e1neo. Prepara la piel antes del maquillaje con un resultado espectacular, que humecta aport\u00e1ndonos frescor y una textura sedosa. Tiene un efecto matificante siendo ideal para hombres.<\/p>\n<h4>MODO DE APLICACI\u00d3N<\/h4>\n<p>Aplicar unas gotas de base y extender. A continuaci\u00f3n maquillar<\/p>\n","protected":false},"excerpt":{"rendered":"<h2>Base profesional (primer) para mejorar y alargar visiblemente los resultados del maquillaje. Perfeccionador cut\u00e1neo.Primer que mejora y alarga visiblemente los resultados del maquillaje.<\/h2>\n<p> The Skin perfectionist. F\u00f3rmula profesional Skeyndor para una piel perfecta que consite en Diagn\u00f3stico, tratamiento y perfeccionamiento.<\/p>\n","protected":false},"featured_media":6664,"template":"","meta":{"_acf_changed":false},"product_brand":[],"product_cat":[1836],"product_tag":[2148,2149,2073,1838,786,226,2152,2151,1503,2147,2146,2150,1705,1724],"class_list":{"0":"post-6661","1":"product","2":"type-product","3":"status-publish","4":"has-post-thumbnail","6":"product_cat-skincare-makeup","7":"product_tag-acido-hialuronico","8":"product_tag-base-profesional","9":"product_tag-cuidado-del-rostro","10":"product_tag-cuidados-faciales","11":"product_tag-makeup","12":"product_tag-maquillaje","13":"product_tag-perfeccion","14":"product_tag-perfeccionador-cutaneo","15":"product_tag-piel-perfecta","16":"product_tag-pre-base","17":"product_tag-prebase","18":"product_tag-primer","19":"product_tag-rellenador","20":"product_tag-skincare-makeup","21":"no-featured-image-padding","22":"","23":"woocommerce-text-align-center","24":"woocommerce-image-align-center","26":"first","27":"instock","28":"product-type-simple"},"acf":[],"_links":{"self":[{"href":"https:\/\/hu.skeyndor.com\/es\/wp-json\/wp\/v2\/product\/6661","targetHints":{"allow":["GET"]}}],"collection":[{"href":"https:\/\/hu.skeyndor.com\/es\/wp-json\/wp\/v2\/product"}],"about":[{"href":"https:\/\/hu.skeyndor.com\/es\/wp-json\/wp\/v2\/types\/product"}],"version-history":[{"count":0,"href":"https:\/\/hu.skeyndor.com\/es\/wp-json\/wp\/v2\/product\/6661\/revisions"}],"wp:featuredmedia":[{"embeddable":true,"href":"https:\/\/hu.skeyndor.com\/es\/wp-json\/wp\/v2\/media\/6664"}],"wp:attachment":[{"href":"https:\/\/hu.skeyndor.com\/es\/wp-json\/wp\/v2\/media?parent=6661"}],"wp:term":[{"taxonomy":"product_brand","embeddable":true,"href":"https:\/\/hu.skeyndor.com\/es\/wp-json\/wp\/v2\/product_brand?post=6661"},{"taxonomy":"product_cat","embeddable":true,"href":"https:\/\/hu.skeyndor.com\/es\/wp-json\/wp\/v2\/product_cat?post=6661"},{"taxonomy":"product_tag","embeddable":true,"href":"https:\/\/hu.skeyndor.com\/es\/wp-json\/wp\/v2\/product_tag?post=6661"}],"curies":[{"name":"wp","href":"https:\/\/api.w.org\/{rel}","templated":true}]}}