{"id":6676,"date":"2022-03-16T23:17:28","date_gmt":"2022-03-16T23:17:28","guid":{"rendered":"https:\/\/www2.hu.skeyndor.com\/producto\/cc-cream-spf30\/"},"modified":"2022-04-16T14:50:55","modified_gmt":"2022-04-16T14:50:55","slug":"cc-cream-spf30","status":"publish","type":"product","link":"https:\/\/hu.skeyndor.com\/es\/producto\/cc-cream-spf30\/","title":{"rendered":"CC cream SPF30"},"content":{"rendered":"<h4>TIPO DE PIEL<\/h4>\n<p>Todo tipo de pieles. Especialmente indicada para pieles con irregularidades crom\u00e1ticas<\/p>\n<h4>PRINCIPIOS ACTIVOS<\/h4>\n<p>Incluye \u00e1cido hialur\u00f3nico de alto peso molecular que hidrata la piel intensamente de acci\u00f3n antiedad y protecci\u00f3n SPF30.Incluye extracto de jamb\u00fa y vitamina C que mejoran las arrugas y ayudan a reafirmar la piel devolviendo un aspecto radiante.<\/p>\n<h4>BENEFICIOS<\/h4>\n<p>                                                                                                                                                                                                                                                                                                                                                         Ilumina y unifica el tono apagado de piel.<br \/>\nHidratante. Antiedad. <\/p>\n<h4>CONSEJOS DE APLICACI\u00d3N<\/h4>\n<p>Aplicar el producto sobre la piel limpia y extenderlo hasta obtener un tono uniforme. Precauci\u00f3n con el contorno de los ojos.<\/p>\n","protected":false},"excerpt":{"rendered":"<h2>Base de maquillaje CC Cream con corrector de color con \u00e1cido hialur\u00f3nico de acci\u00f3n antiedad e hidratante.Maquillaje con tecnolog\u00eda correctora del color con efecto buena cara, corrige peque\u00f1as irregularidades crom\u00e1ticas (rojeces, manchitas, etc., ilumina y unifica el tono apagado de piel.  Disponible en dos tonos.<\/h2>\n<p> The Skin perfectionist. F\u00f3rmula profesional Skeyndor para una piel perfecta que consite en Diagn\u00f3stico, tratamiento y perfeccionamiento.<\/p>\n","protected":false},"featured_media":6679,"template":"","meta":{"_acf_changed":false},"product_brand":[],"product_cat":[1836],"product_tag":[167,227,233,2156,243,241,247,1838,422,140,245,836,923,226,235,2081,783,1724,709,2157,240],"class_list":{"0":"post-6676","1":"product","2":"type-product","3":"status-publish","4":"has-post-thumbnail","6":"product_cat-skincare-makeup","7":"product_tag-antiedad","8":"product_tag-antioxidante","9":"product_tag-base","10":"product_tag-base-de-maquillaje","11":"product_tag-buena-cara","12":"product_tag-cc-cream","13":"product_tag-corrector-color","14":"product_tag-cuidados-faciales","15":"product_tag-hidratacion","16":"product_tag-hidratante","17":"product_tag-ilumina","18":"product_tag-luminosidad","19":"product_tag-manchas","20":"product_tag-maquillaje","21":"product_tag-perfeccionamiento-cutaneo","22":"product_tag-proteccion-facial","23":"product_tag-proteccion-solar","24":"product_tag-skincare-makeup","25":"product_tag-solar","26":"product_tag-spf-30","27":"product_tag-spf30","28":"no-featured-image-padding","29":"","30":"woocommerce-text-align-center","31":"woocommerce-image-align-center","33":"first","34":"instock","35":"product-type-simple"},"acf":[],"_links":{"self":[{"href":"https:\/\/hu.skeyndor.com\/es\/wp-json\/wp\/v2\/product\/6676","targetHints":{"allow":["GET"]}}],"collection":[{"href":"https:\/\/hu.skeyndor.com\/es\/wp-json\/wp\/v2\/product"}],"about":[{"href":"https:\/\/hu.skeyndor.com\/es\/wp-json\/wp\/v2\/types\/product"}],"version-history":[{"count":0,"href":"https:\/\/hu.skeyndor.com\/es\/wp-json\/wp\/v2\/product\/6676\/revisions"}],"wp:featuredmedia":[{"embeddable":true,"href":"https:\/\/hu.skeyndor.com\/es\/wp-json\/wp\/v2\/media\/6679"}],"wp:attachment":[{"href":"https:\/\/hu.skeyndor.com\/es\/wp-json\/wp\/v2\/media?parent=6676"}],"wp:term":[{"taxonomy":"product_brand","embeddable":true,"href":"https:\/\/hu.skeyndor.com\/es\/wp-json\/wp\/v2\/product_brand?post=6676"},{"taxonomy":"product_cat","embeddable":true,"href":"https:\/\/hu.skeyndor.com\/es\/wp-json\/wp\/v2\/product_cat?post=6676"},{"taxonomy":"product_tag","embeddable":true,"href":"https:\/\/hu.skeyndor.com\/es\/wp-json\/wp\/v2\/product_tag?post=6676"}],"curies":[{"name":"wp","href":"https:\/\/api.w.org\/{rel}","templated":true}]}}