{"id":6682,"date":"2022-03-16T23:17:28","date_gmt":"2022-03-16T23:17:28","guid":{"rendered":"https:\/\/www2.hu.skeyndor.com\/producto\/dd-cream-spf50\/"},"modified":"2022-04-16T14:50:55","modified_gmt":"2022-04-16T14:50:55","slug":"dd-cream-spf50","status":"publish","type":"product","link":"https:\/\/hu.skeyndor.com\/es\/producto\/dd-cream-spf50\/","title":{"rendered":"DD cream SPF50"},"content":{"rendered":"<h4>TIPO DE PIEL<\/h4>\n<p>Todo tipo de pieles. Es ideal tras tratamientos l\u00e1ser y peelings.<\/p>\n<h4>PRINCIPIOS ACTIVOS<\/h4>\n<p>Con Extracto de Jengibre, Vitamina E,  \u00e1cido hyaluronico, SPF 50 y Blue Light Technology.<\/p>\n<h4>BENEFICIOS<\/h4>\n<p> Antiedad, Antioxidante natural y protector biol\u00f3gico contra la contaminaci\u00f3n ambiental,  antioxidante y calmante <\/p>\n<h4>CONSEJOS DE APLICACI\u00d3N<\/h4>\n<p>Aplicar el producto sobre la piel limpia y extenderlo hasta obtener un tono uniforme. Precauci\u00f3n con el contorno de los ojos.<\/p>\n","protected":false},"excerpt":{"rendered":"<h2> Base de maquillaje DD Cream que iguala el tono y suaviza la piel.<br \/>\nEs ideal tras tratamientos l\u00e1ser y peelings.<br \/>\nCon \u00c1cido Hialur\u00f3nico, que forma una barrera protectora contra la contaminaci\u00f3n global.<br \/>\n<\/h2>\n<p>The Skin perfectionist. F\u00f3rmula profesional Skeyndor para una piel perfecta que consite en Diagn\u00f3stico, tratamiento y perfeccionamiento.<\/p>\n","protected":false},"featured_media":6685,"template":"","meta":{"_acf_changed":false},"product_brand":[],"product_cat":[1836],"product_tag":[167,227,233,2156,2160,243,247,1838,2159,422,140,245,836,923,226,235,2081,783,1724,709,2158,715],"class_list":{"0":"post-6682","1":"product","2":"type-product","3":"status-publish","4":"has-post-thumbnail","6":"product_cat-skincare-makeup","7":"product_tag-antiedad","8":"product_tag-antioxidante","9":"product_tag-base","10":"product_tag-base-de-maquillaje","11":"product_tag-bluetechnology","12":"product_tag-buena-cara","13":"product_tag-corrector-color","14":"product_tag-cuidados-faciales","15":"product_tag-dd-cream","16":"product_tag-hidratacion","17":"product_tag-hidratante","18":"product_tag-ilumina","19":"product_tag-luminosidad","20":"product_tag-manchas","21":"product_tag-maquillaje","22":"product_tag-perfeccionamiento-cutaneo","23":"product_tag-proteccion-facial","24":"product_tag-proteccion-solar","25":"product_tag-skincare-makeup","26":"product_tag-solar","27":"product_tag-spf-50","28":"product_tag-spf50","29":"no-featured-image-padding","30":"","31":"woocommerce-text-align-center","32":"woocommerce-image-align-center","34":"first","35":"instock","36":"product-type-simple"},"acf":[],"_links":{"self":[{"href":"https:\/\/hu.skeyndor.com\/es\/wp-json\/wp\/v2\/product\/6682","targetHints":{"allow":["GET"]}}],"collection":[{"href":"https:\/\/hu.skeyndor.com\/es\/wp-json\/wp\/v2\/product"}],"about":[{"href":"https:\/\/hu.skeyndor.com\/es\/wp-json\/wp\/v2\/types\/product"}],"version-history":[{"count":0,"href":"https:\/\/hu.skeyndor.com\/es\/wp-json\/wp\/v2\/product\/6682\/revisions"}],"wp:featuredmedia":[{"embeddable":true,"href":"https:\/\/hu.skeyndor.com\/es\/wp-json\/wp\/v2\/media\/6685"}],"wp:attachment":[{"href":"https:\/\/hu.skeyndor.com\/es\/wp-json\/wp\/v2\/media?parent=6682"}],"wp:term":[{"taxonomy":"product_brand","embeddable":true,"href":"https:\/\/hu.skeyndor.com\/es\/wp-json\/wp\/v2\/product_brand?post=6682"},{"taxonomy":"product_cat","embeddable":true,"href":"https:\/\/hu.skeyndor.com\/es\/wp-json\/wp\/v2\/product_cat?post=6682"},{"taxonomy":"product_tag","embeddable":true,"href":"https:\/\/hu.skeyndor.com\/es\/wp-json\/wp\/v2\/product_tag?post=6682"}],"curies":[{"name":"wp","href":"https:\/\/api.w.org\/{rel}","templated":true}]}}