{"id":6688,"date":"2022-03-16T23:17:28","date_gmt":"2022-03-16T23:17:28","guid":{"rendered":"https:\/\/www2.hu.skeyndor.com\/producto\/phenomenon-mascara\/"},"modified":"2022-04-16T14:50:55","modified_gmt":"2022-04-16T14:50:55","slug":"phenomenon-mascara","status":"publish","type":"product","link":"https:\/\/hu.skeyndor.com\/es\/producto\/phenomenon-mascara\/","title":{"rendered":"Phenomenon Mascara"},"content":{"rendered":"<h4>FUNCI\u00d3N<\/h4>\n<p>Mascara de pesta\u00f1as para un look \u201cpesta\u00f1as postizas\u201d, m\u00e1s definidas y con m\u00e1s volumen gracias a su f\u00f3rmula cubriente de alto rendimiento.<\/p>\n<h4>PRINCIPIOS ACTIVOS<\/h4>\n<p>F\u00f3rmula libre de Parabenes y TEA.<\/p>\n<h4>CONSEJOS DE APLICACI\u00d3N<\/h4>\n<p>Aplicar la m\u00e1scara de pesta\u00f1as de forma uniforme modulando sobre las pesta\u00f1as desde la ra\u00edz hasta la punta.<\/p>\n","protected":false},"excerpt":{"rendered":"<h2>M\u00e1scara \u201cLook Pesta\u00f1as Postizas\u201d. Pesta\u00f1as m\u00e1s definidas y gruesas, pesta\u00f1as panor\u00e1micas. F\u00f3rmula &#8221; Build Up&#8221; cubriente de alto rendimiento. <\/h2>\n<p>Cepillo aplicador de 3 cm, tama\u00f1o Jumbo. Forma helicoidal trabajada para un efecto pesta\u00f1as postizas. Las fibras m\u00e1s cortas envuelven las pesta\u00f1as una a una y la separaci\u00f3n entre fibras, deposita una carga de producto para un look extra volumen.<\/p>\n","protected":false},"featured_media":6691,"template":"","meta":{"_acf_changed":false},"product_brand":[],"product_cat":[1836],"product_tag":[2163,2162,786,226,1166,2164,2165,2161,859,1592,1724],"class_list":{"0":"post-6688","1":"product","2":"type-product","3":"status-publish","4":"has-post-thumbnail","6":"product_cat-skincare-makeup","7":"product_tag-extra-volumen","8":"product_tag-look-pestanas-postizas","9":"product_tag-makeup","10":"product_tag-maquillaje","11":"product_tag-mascara","12":"product_tag-mascara-pestanas","13":"product_tag-ojos-y-pestanas","14":"product_tag-pestana","15":"product_tag-pestanas","16":"product_tag-phenomenon","17":"product_tag-skincare-makeup","18":"no-featured-image-padding","19":"","20":"woocommerce-text-align-center","21":"woocommerce-image-align-center","23":"first","24":"instock","25":"product-type-simple"},"acf":[],"_links":{"self":[{"href":"https:\/\/hu.skeyndor.com\/es\/wp-json\/wp\/v2\/product\/6688","targetHints":{"allow":["GET"]}}],"collection":[{"href":"https:\/\/hu.skeyndor.com\/es\/wp-json\/wp\/v2\/product"}],"about":[{"href":"https:\/\/hu.skeyndor.com\/es\/wp-json\/wp\/v2\/types\/product"}],"version-history":[{"count":0,"href":"https:\/\/hu.skeyndor.com\/es\/wp-json\/wp\/v2\/product\/6688\/revisions"}],"wp:featuredmedia":[{"embeddable":true,"href":"https:\/\/hu.skeyndor.com\/es\/wp-json\/wp\/v2\/media\/6691"}],"wp:attachment":[{"href":"https:\/\/hu.skeyndor.com\/es\/wp-json\/wp\/v2\/media?parent=6688"}],"wp:term":[{"taxonomy":"product_brand","embeddable":true,"href":"https:\/\/hu.skeyndor.com\/es\/wp-json\/wp\/v2\/product_brand?post=6688"},{"taxonomy":"product_cat","embeddable":true,"href":"https:\/\/hu.skeyndor.com\/es\/wp-json\/wp\/v2\/product_cat?post=6688"},{"taxonomy":"product_tag","embeddable":true,"href":"https:\/\/hu.skeyndor.com\/es\/wp-json\/wp\/v2\/product_tag?post=6688"}],"curies":[{"name":"wp","href":"https:\/\/api.w.org\/{rel}","templated":true}]}}