{"id":7396,"date":"2022-03-21T19:24:55","date_gmt":"2022-03-21T19:24:55","guid":{"rendered":"https:\/\/www2.hu.skeyndor.com\/producto\/booster-doble-dron-remodelante\/"},"modified":"2022-04-16T14:40:39","modified_gmt":"2022-04-16T14:40:39","slug":"booster-doble-dron-remodelante","status":"publish","type":"product","link":"https:\/\/hu.skeyndor.com\/es\/producto\/booster-doble-dron-remodelante\/","title":{"rendered":"Booster Doble Dron remodelante"},"content":{"rendered":"<h4>TIPO DE PIEL<\/h4>\n<p>Indicado para piel de naranja, volumen y flacidez.<\/p>\n<h4>PRINCIPIOS ACTIVOS<\/h4>\n<p>Dron Anticelul\u00edtico<br \/>\nDron Reafirmante<br \/>\nGlaucina<br \/>\nTM Diente de Leon 10%<br \/>\nCafe\u00edna y derivados 6%<br \/>\nCarnitina 6%<br \/>\nExtracto de Vara de Oro<br \/>\nVitamina B3 (3%)<br \/>\npro-Vitamin B5 (2%).              <\/p>\n<h4>BENEFICIOS<\/h4>\n<p> Mejora la Piel de naranja, Volumen y Flacidez<\/p>\n<h4>CONSEJOS DE APLICACI\u00d3N<\/h4>\n<p>Mezclar en la mano producto de cuidado corporal con un gotero de booster. Aplicar dos veces al d\u00eda. No recomendado en embarazadas, lactantes y personas sensibles a la cafe\u00edna y derivados.<\/p>\n<p><iframe width=\"560\" height=\"315\" src=\"https:\/\/www.youtube.com\/embed\/z7srSuI6rio\"  frameborder=\"0\" allow=\"accelerometer; autoplay; clipboard-write; encrypted-media; gyroscope; picture-in-picture\" allowfullscreen><\/iframe><\/p>\n","protected":false},"excerpt":{"rendered":"<h2>Booster para potenciar el efecto anticelul\u00edtico y remodelante en cosm\u00e9ticos de cuidado corporal.<br \/>\nF\u00f3rmula 30 d\u00edas para suavizar la piel de naranja y reducir el volumen de contorno a trav\u00e9s de la acci\u00f3n de dos Drones Cosm\u00e9ticos\u00ae (dron reafirmante y dron anticelul\u00edtico). <\/h2>\n<p> El dron cosm\u00e9tico es el sistema de liberaci\u00f3n de ingredientes activo m\u00e1s avanzado en la actualidad. Integra diferentes tecnolog\u00edas para dirigir los ingredientes activos directamente a la c\u00e9lula diana y liberarlos all\u00ed donde necesita. Su alta efectividad celular lo hace m\u00e1s eficaz que otros sistemas de liberaci\u00f3n.<\/p>\n","protected":false},"featured_media":6847,"template":"","meta":{"_acf_changed":false},"product_brand":[],"product_cat":[1834],"product_tag":[],"class_list":{"0":"post-7396","1":"product","2":"type-product","3":"status-publish","4":"has-post-thumbnail","6":"product_cat-slim-drone","7":"no-featured-image-padding","8":"","9":"woocommerce-text-align-center","10":"woocommerce-image-align-center","12":"first","13":"instock","14":"product-type-simple"},"acf":[],"_links":{"self":[{"href":"https:\/\/hu.skeyndor.com\/es\/wp-json\/wp\/v2\/product\/7396","targetHints":{"allow":["GET"]}}],"collection":[{"href":"https:\/\/hu.skeyndor.com\/es\/wp-json\/wp\/v2\/product"}],"about":[{"href":"https:\/\/hu.skeyndor.com\/es\/wp-json\/wp\/v2\/types\/product"}],"version-history":[{"count":0,"href":"https:\/\/hu.skeyndor.com\/es\/wp-json\/wp\/v2\/product\/7396\/revisions"}],"wp:featuredmedia":[{"embeddable":true,"href":"https:\/\/hu.skeyndor.com\/es\/wp-json\/wp\/v2\/media\/6847"}],"wp:attachment":[{"href":"https:\/\/hu.skeyndor.com\/es\/wp-json\/wp\/v2\/media?parent=7396"}],"wp:term":[{"taxonomy":"product_brand","embeddable":true,"href":"https:\/\/hu.skeyndor.com\/es\/wp-json\/wp\/v2\/product_brand?post=7396"},{"taxonomy":"product_cat","embeddable":true,"href":"https:\/\/hu.skeyndor.com\/es\/wp-json\/wp\/v2\/product_cat?post=7396"},{"taxonomy":"product_tag","embeddable":true,"href":"https:\/\/hu.skeyndor.com\/es\/wp-json\/wp\/v2\/product_tag?post=7396"}],"curies":[{"name":"wp","href":"https:\/\/api.w.org\/{rel}","templated":true}]}}