{"id":7401,"date":"2022-03-21T19:24:55","date_gmt":"2022-03-21T19:24:55","guid":{"rendered":"https:\/\/www2.hu.skeyndor.com\/producto\/programa-profesional-dron-ledt-h-e-s-piel-de-naranja\/"},"modified":"2022-05-30T10:21:39","modified_gmt":"2022-05-30T10:21:39","slug":"programa-profesional-dron-ledt-h-e-s-piel-de-naranja","status":"publish","type":"product","link":"https:\/\/hu.skeyndor.com\/es\/producto\/programa-profesional-dron-ledt-h-e-s-piel-de-naranja\/","title":{"rendered":"PROGRAMA PROFESIONAL DRON-LED T.H.E.S PIEL DE NARANJA"},"content":{"rendered":"<h4>DESCRIPCI\u00d3N<\/h4>\n<p> PROGRAMAS PROFESIONALESDRON-LEDT.H.E.S PIEL DE NARANJA<br \/>\nCada programa contiene:<br \/>\nEl Producto profesional CONCENTRADOS LEDT.H.E.S (6 sesiones) y el producto en domicilio<br \/>\nGEL-CREMA DOBLE DRON REMODELANTE (30d\u00edas, x1aplic\/d\u00eda)\n<\/p>\n<h4>TIPO DE PIEL<\/h4>\n<p>Celulitis Compacta, Celulitis Blanda, Adiposidad con flacidez <\/p>\n<h4>PRINCIPIOS ACTIVOS<\/h4>\n<p> Fotoestimulador LED, Dron anticelul\u00edtico (lipo-adipoinhibidor), Glaucina (fibrol\u00edtico), Cafe\u00edna y deriv. 4% + Carnitina 4% (quemagrasas)<\/p>\n<h4>BENEFICIOS DEL TRATAMIENTO<\/h4>\n<p> Mejora significativamente el \u00edndice medio de celulitis, mejor\u00eda en el estado y aspecto de la piel, ayuda a reducir talla, reducir flacidez, reducir el volumen del contorno, estilizar la figura, y proporciona una textura m\u00e1s tersa y firme.Tratatamiento que mejora el \u00edndice medio de flacidez, el tono f\u00edsico,  mejora la celulitis, piel de naranja m\u00e1s suavizada y textura m\u00e1s tersa y firme. <\/p>\n<p><iframe width=\"560\" height=\"315\" src=\"https:\/\/www.youtube.com\/embed\/z7srSuI6rio\" frameborder=\"0\" allowfullscreen><\/iframe><\/p>\n","protected":false},"excerpt":{"rendered":"<h2> Tratamiento corporal para aplicar con LEDT.H.E.S BODY SYSTEM. Tratamientos 360\u00ba, incluyen el producto profesional,concentrados LEDT.H.E.S, y el de seguimiento en domicilio, Gel &#8211; crema doble dron remodelante, especialmente indicado para la piel de naranja.<\/h2>\n<p>Slim Drone es la l\u00ednea corporal que incorpora la tecnolog\u00eda dron cosm\u00e9tico. El dron cosm\u00e9tico es el sistema de liberaci\u00f3n de ingredientes activos m\u00e1s avanzado en la actualidad. Integra diferentes tecnolog\u00edas para dirigir los ingredientes activos directamente a la c\u00e9lula diana y liberarlos all\u00ed donde se necesita. Su alta selectividad celular lo hace m\u00e1s eficaz que otros sistemas de liberaci\u00f3n.<\/p>\n","protected":false},"featured_media":7404,"template":"","meta":{"_acf_changed":false},"product_brand":[],"product_cat":[1834,2278],"product_tag":[],"class_list":{"0":"post-7401","1":"product","2":"type-product","3":"status-publish","4":"has-post-thumbnail","6":"product_cat-slim-drone","7":"product_cat-tratamiento-cabina","8":"no-featured-image-padding","9":"","10":"woocommerce-text-align-center","11":"woocommerce-image-align-center","13":"first","14":"instock","15":"product-type-simple"},"acf":[],"_links":{"self":[{"href":"https:\/\/hu.skeyndor.com\/es\/wp-json\/wp\/v2\/product\/7401","targetHints":{"allow":["GET"]}}],"collection":[{"href":"https:\/\/hu.skeyndor.com\/es\/wp-json\/wp\/v2\/product"}],"about":[{"href":"https:\/\/hu.skeyndor.com\/es\/wp-json\/wp\/v2\/types\/product"}],"version-history":[{"count":0,"href":"https:\/\/hu.skeyndor.com\/es\/wp-json\/wp\/v2\/product\/7401\/revisions"}],"wp:featuredmedia":[{"embeddable":true,"href":"https:\/\/hu.skeyndor.com\/es\/wp-json\/wp\/v2\/media\/7404"}],"wp:attachment":[{"href":"https:\/\/hu.skeyndor.com\/es\/wp-json\/wp\/v2\/media?parent=7401"}],"wp:term":[{"taxonomy":"product_brand","embeddable":true,"href":"https:\/\/hu.skeyndor.com\/es\/wp-json\/wp\/v2\/product_brand?post=7401"},{"taxonomy":"product_cat","embeddable":true,"href":"https:\/\/hu.skeyndor.com\/es\/wp-json\/wp\/v2\/product_cat?post=7401"},{"taxonomy":"product_tag","embeddable":true,"href":"https:\/\/hu.skeyndor.com\/es\/wp-json\/wp\/v2\/product_tag?post=7401"}],"curies":[{"name":"wp","href":"https:\/\/api.w.org\/{rel}","templated":true}]}}