{"id":7407,"date":"2022-03-21T19:24:55","date_gmt":"2022-03-21T19:24:55","guid":{"rendered":"https:\/\/www2.hu.skeyndor.com\/producto\/programa-profesional-dron-ledt-h-e-svolumen\/"},"modified":"2022-05-30T10:24:36","modified_gmt":"2022-05-30T10:24:36","slug":"programa-profesional-dron-ledt-h-e-svolumen","status":"publish","type":"product","link":"https:\/\/hu.skeyndor.com\/es\/producto\/programa-profesional-dron-ledt-h-e-svolumen\/","title":{"rendered":"PROGRAMA PROFESIONAL DRON-LED T.H.E.S VOLUMEN"},"content":{"rendered":"<h4>DESCRIPCI\u00d3N<\/h4>\n<p> PROGRAMAS PROFESIONALESDRON-LEDT.H.E.S VOLUMEN<br \/>\nCada programa contiene:<br \/>\nEl Producto profesional CONCENTRADOS LEDT.H.E.S (6 sesiones) y el producto en domicilio<br \/>\nGEL-CREMADOBLEDRON REMODELANTE(30d\u00edas, x1aplic\/d\u00eda)<\/p>\n<h4>TIPO DE PIEL<\/h4>\n<p> Indicado para pieles con celulitis edematosa y adiposidad <\/p>\n<h4>PRINCIPIOS ACTIVOS<\/h4>\n<p> Fotoestimulador LED, Dron anticelul\u00edtico (lipo-adipoinhibidor),  10% Ext. HG Casta\u00f1o Indias (drenante),  Cafeina y deriv. 6% (lipo-drenante)<\/p>\n<h4>BENEFICIOS DEL TRATAMIENTO<\/h4>\n<p>Mejora significativamente el \u00edndice medio de celulitis, mejor\u00eda en el estado y aspecto de la piel, ayuda a reducir talla, reducir flacidez, reducir el volumen del contorno, estilizar la figura, y proporciona una textura m\u00e1s tersa y firme.<br \/>\nTEXTURA M\u00c1S UNIFORMEY SUAVE.<br \/>\n<iframe width=\"560\" height=\"315\" src=\"https:\/\/www.youtube.com\/embed\/z7srSuI6rio\" frameborder=\"0\" allowfullscreen><\/iframe><\/p>\n","protected":false},"excerpt":{"rendered":"<h2> Tratamiento corporal para aplicar con LEDT.H.E.S BODY SYSTEM. Tratamientos 360\u00ba, incluyen el producto profesional,concentrados LEDT.H.E.S, y el de seguimiento en domicilio, Gel &#8211; crema doble dron remodelante, especialmente indicado para tratar el volumen corporal.<\/h2>\n<p> Slim Drone es la l\u00ednea corporal que incorpora la tecnolog\u00eda dron cosm\u00e9tico. El dron cosm\u00e9tico es el sistema de liberaci\u00f3n de ingredientes activos m\u00e1s avanzado en la actualidad. Integra diferentes tecnolog\u00edas para dirigir los ingredientes activos directamente a la c\u00e9lula diana y liberarlos all\u00ed donde se necesita. Su alta selectividad celular lo hace m\u00e1s eficaz que otros sistemas de liberaci\u00f3n.<\/p>\n","protected":false},"featured_media":7410,"template":"","meta":{"_acf_changed":false},"product_brand":[],"product_cat":[1834,2278],"product_tag":[],"class_list":{"0":"post-7407","1":"product","2":"type-product","3":"status-publish","4":"has-post-thumbnail","6":"product_cat-slim-drone","7":"product_cat-tratamiento-cabina","8":"no-featured-image-padding","9":"","10":"woocommerce-text-align-center","11":"woocommerce-image-align-center","13":"first","14":"instock","15":"product-type-simple"},"acf":[],"_links":{"self":[{"href":"https:\/\/hu.skeyndor.com\/es\/wp-json\/wp\/v2\/product\/7407","targetHints":{"allow":["GET"]}}],"collection":[{"href":"https:\/\/hu.skeyndor.com\/es\/wp-json\/wp\/v2\/product"}],"about":[{"href":"https:\/\/hu.skeyndor.com\/es\/wp-json\/wp\/v2\/types\/product"}],"version-history":[{"count":0,"href":"https:\/\/hu.skeyndor.com\/es\/wp-json\/wp\/v2\/product\/7407\/revisions"}],"wp:featuredmedia":[{"embeddable":true,"href":"https:\/\/hu.skeyndor.com\/es\/wp-json\/wp\/v2\/media\/7410"}],"wp:attachment":[{"href":"https:\/\/hu.skeyndor.com\/es\/wp-json\/wp\/v2\/media?parent=7407"}],"wp:term":[{"taxonomy":"product_brand","embeddable":true,"href":"https:\/\/hu.skeyndor.com\/es\/wp-json\/wp\/v2\/product_brand?post=7407"},{"taxonomy":"product_cat","embeddable":true,"href":"https:\/\/hu.skeyndor.com\/es\/wp-json\/wp\/v2\/product_cat?post=7407"},{"taxonomy":"product_tag","embeddable":true,"href":"https:\/\/hu.skeyndor.com\/es\/wp-json\/wp\/v2\/product_tag?post=7407"}],"curies":[{"name":"wp","href":"https:\/\/api.w.org\/{rel}","templated":true}]}}