{"id":7425,"date":"2022-03-21T19:25:43","date_gmt":"2022-03-21T19:25:43","guid":{"rendered":"https:\/\/www2.hu.skeyndor.com\/producto\/programaprofesionalbody-dronpiel-de-naranjavolumen\/"},"modified":"2022-05-02T23:15:58","modified_gmt":"2022-05-02T23:15:58","slug":"programaprofesionalbody-dronpiel-de-naranjavolumen","status":"publish","type":"product","link":"https:\/\/hu.skeyndor.com\/es\/producto\/programaprofesionalbody-dronpiel-de-naranjavolumen\/","title":{"rendered":"PROGRAMA PROFESIONAL BODY DRON PIEL DE NARANJA VOLUMEN"},"content":{"rendered":"<h4>TIPO DE PIEL<\/h4>\n<p> Tratamiento indicado para pieles con celulitis compacta, celulitis edematosa<br \/>\ny con adiposidad<\/p>\n<h4>PRINCIPIOS ACTIVOS<\/h4>\n<p>GLYCO 30<br \/>\n\u00c1cido glic\u00f3lico 32%<br \/>\n(sol. al 70%), pH 3.5-4.0<br \/>\n(exfoliante qu\u00edmico), CONCENTRADO DRON<br \/>\nPIEL DE NARANJA &#8211; VOLUMEN Dron anticelul\u00edtico<br \/>\n(lipo-adipoinhibidor), TM alcachofa 5%<br \/>\n(desintoxicante-drenante), Cafe\u00edna y deriv. 5% + Carnitina 3% (quemagrasas), ENVOLTURA CORPORAL<br \/>\nDRENANTE Ext. Vara de oro y otras plantas drenantes (drenante) TM diente le\u00f3n 5%<br \/>\n(drenante-remineralizante)<\/p>\n<h4>BENEFICIOS DEL PRODUCTO<\/h4>\n<p> Tratamiento drenante-remineralizante, quemagrasas, desintoxicante &#8211; drenante <\/p>\n<p><iframe width=\"560\" height=\"315\" src=\"https:\/\/www.youtube.com\/embed\/z7srSuI6rio\"  frameborder=\"0\" allow=\"accelerometer; autoplay; clipboard-write; encrypted-media; gyroscope; picture-in-picture\" allowfullscreen><\/iframe><\/p>\n","protected":false},"excerpt":{"rendered":"<h2>PROGRAMA PROFESIONAL BODY DRON PIEL DE NARANJA VOLUMEN  <\/h2>\n<p>Slim Drone es la l\u00ednea corporal que incorpora la tecnolog\u00eda dron cosm\u00e9tico. El dron cosm\u00e9tico es el sistema de liberaci\u00f3n de ingredientes activos m\u00e1s avanzado en la actualidad. Integra diferentes tecnolog\u00edas para dirigir los ingredientes activos directamente a la c\u00e9lula diana y liberarlos all\u00ed donde se necesita. Su alta selectividad celular lo hace m\u00e1s eficaz que otros sistemas de liberaci\u00f3n.<\/p>\n","protected":false},"featured_media":7428,"template":"","meta":{"_acf_changed":false},"product_brand":[],"product_cat":[1834,2278],"product_tag":[],"class_list":{"0":"post-7425","1":"product","2":"type-product","3":"status-publish","4":"has-post-thumbnail","6":"product_cat-slim-drone","7":"product_cat-tratamiento-cabina","8":"no-featured-image-padding","9":"","10":"woocommerce-text-align-center","11":"woocommerce-image-align-center","13":"first","14":"instock","15":"product-type-simple"},"acf":[],"_links":{"self":[{"href":"https:\/\/hu.skeyndor.com\/es\/wp-json\/wp\/v2\/product\/7425","targetHints":{"allow":["GET"]}}],"collection":[{"href":"https:\/\/hu.skeyndor.com\/es\/wp-json\/wp\/v2\/product"}],"about":[{"href":"https:\/\/hu.skeyndor.com\/es\/wp-json\/wp\/v2\/types\/product"}],"version-history":[{"count":0,"href":"https:\/\/hu.skeyndor.com\/es\/wp-json\/wp\/v2\/product\/7425\/revisions"}],"wp:featuredmedia":[{"embeddable":true,"href":"https:\/\/hu.skeyndor.com\/es\/wp-json\/wp\/v2\/media\/7428"}],"wp:attachment":[{"href":"https:\/\/hu.skeyndor.com\/es\/wp-json\/wp\/v2\/media?parent=7425"}],"wp:term":[{"taxonomy":"product_brand","embeddable":true,"href":"https:\/\/hu.skeyndor.com\/es\/wp-json\/wp\/v2\/product_brand?post=7425"},{"taxonomy":"product_cat","embeddable":true,"href":"https:\/\/hu.skeyndor.com\/es\/wp-json\/wp\/v2\/product_cat?post=7425"},{"taxonomy":"product_tag","embeddable":true,"href":"https:\/\/hu.skeyndor.com\/es\/wp-json\/wp\/v2\/product_tag?post=7425"}],"curies":[{"name":"wp","href":"https:\/\/api.w.org\/{rel}","templated":true}]}}