{"id":7447,"date":"2022-03-21T19:25:43","date_gmt":"2022-03-21T19:25:43","guid":{"rendered":"https:\/\/www2.hu.skeyndor.com\/producto\/maquillaje-fluido-age-preventing-foundation\/"},"modified":"2024-10-04T14:50:39","modified_gmt":"2024-10-04T12:50:39","slug":"maquillaje-fluido-age-preventing-foundation","status":"publish","type":"product","link":"https:\/\/hu.skeyndor.com\/es\/producto\/maquillaje-fluido-age-preventing-foundation\/","title":{"rendered":"Maquillaje fluido &#8211; Age preventing foundation"},"content":{"rendered":"<h4>TIPO DE PIEL<\/h4>\n<p>Todo tipo de pieles. Especialmente indicado para pieles maduras<\/p>\n<h4>INGREDIENTES ACTIVOS<\/h4>\n<p>Incluye Vitamina C, extracto de algas y un complejo hidratante que mejora la firmeza de la piel.<\/p>\n<h4>BENEFICIOS<\/h4>\n<p>Maquillaje con cobertura build up que proporciona luminosidad y firmeza a la piel<\/p>\n<h4>CONSEJOS DE APLICACI\u00d3N<\/h4>\n<p>Aplicar mediante ligeros toques en el rostro y extender con la yema de los dedos hacia el exterior, efectuando peque\u00f1os movimientos alisantes. Precauci\u00f3n con el contorno de los ojos.<\/p>\n","protected":false},"excerpt":{"rendered":"<h2>Maquillaje fluido de media-alta cobertura de textura fresca. Cubre imperfecciones y unifica el tono de la piel, con una sensaci\u00f3n inmediata de hidrataci\u00f3n y aportando luminosidad. Tiene cobertura &#8220;build up&#8221; y est\u00e1 disponible en 4 tonos diferentes.<\/h2>\n<p>THE SKINCARE MAKE UP, la gama de maquillaje perfeccionadora de la piel. Un completo sistema de diagn\u00f3stico, tratamiento y perfeccionamiento cut\u00e1neo, THE SKIN PERFECTIONIST para conseguir una piel perfecta y un acabado muy natural.<\/p>\n","protected":false},"featured_media":6873,"template":"","meta":{"_acf_changed":false},"product_brand":[],"product_cat":[1836],"product_tag":[],"class_list":{"0":"post-7447","1":"product","2":"type-product","3":"status-publish","4":"has-post-thumbnail","6":"product_cat-skincare-makeup","7":"no-featured-image-padding","8":"","9":"woocommerce-text-align-center","10":"woocommerce-image-align-center","12":"first","13":"instock","14":"product-type-simple"},"acf":[],"_links":{"self":[{"href":"https:\/\/hu.skeyndor.com\/es\/wp-json\/wp\/v2\/product\/7447","targetHints":{"allow":["GET"]}}],"collection":[{"href":"https:\/\/hu.skeyndor.com\/es\/wp-json\/wp\/v2\/product"}],"about":[{"href":"https:\/\/hu.skeyndor.com\/es\/wp-json\/wp\/v2\/types\/product"}],"version-history":[{"count":0,"href":"https:\/\/hu.skeyndor.com\/es\/wp-json\/wp\/v2\/product\/7447\/revisions"}],"wp:featuredmedia":[{"embeddable":true,"href":"https:\/\/hu.skeyndor.com\/es\/wp-json\/wp\/v2\/media\/6873"}],"wp:attachment":[{"href":"https:\/\/hu.skeyndor.com\/es\/wp-json\/wp\/v2\/media?parent=7447"}],"wp:term":[{"taxonomy":"product_brand","embeddable":true,"href":"https:\/\/hu.skeyndor.com\/es\/wp-json\/wp\/v2\/product_brand?post=7447"},{"taxonomy":"product_cat","embeddable":true,"href":"https:\/\/hu.skeyndor.com\/es\/wp-json\/wp\/v2\/product_cat?post=7447"},{"taxonomy":"product_tag","embeddable":true,"href":"https:\/\/hu.skeyndor.com\/es\/wp-json\/wp\/v2\/product_tag?post=7447"}],"curies":[{"name":"wp","href":"https:\/\/api.w.org\/{rel}","templated":true}]}}