{"id":7451,"date":"2022-03-21T19:25:43","date_gmt":"2022-03-21T19:25:43","guid":{"rendered":"https:\/\/www2.hu.skeyndor.com\/producto\/polvos-compactos-de-alta-definicion-high-definition-compact-powder\/"},"modified":"2022-04-16T14:40:43","modified_gmt":"2022-04-16T14:40:43","slug":"polvos-compactos-de-alta-definicion-high-definition-compact-powder","status":"publish","type":"product","link":"https:\/\/hu.skeyndor.com\/es\/producto\/polvos-compactos-de-alta-definicion-high-definition-compact-powder\/","title":{"rendered":"Polvos compactos de alta definici\u00f3n &#8211; High definition compact powder"},"content":{"rendered":"<h4>TIPO DE PIEL<\/h4>\n<p>Todo tipo de pieles, especialmente indicado para pieles grasas.<\/p>\n<h4>INGREDIENTES ACTIVOS<\/h4>\n<p>Incluye un complejo matificante que absorbe gradualmente el exceso de sebo y grasa, oil control.  <\/p>\n<h4>BENEFICIOS<\/h4>\n<p>Textura long lasting y ultra suave. Difumina imperfecciones y proporciona un ligero efecto mate<\/p>\n<h4>CONSEJOS DE APLICACI\u00d3N<\/h4>\n<p>Con la ayuda de una brocha espec\u00edfica para polvos faciales, tomar una peque\u00f1a cantidad de producto y aplicar uniformemente mediante toques sobre el maquillaje. Precauci\u00f3n con el contorno de los ojos.<\/p>\n","protected":false},"excerpt":{"rendered":"<h2>Polvos compactos de alta definici\u00f3n y cobertura totalmente invisible.Difumina imperfecciones y proporciona un ligero efecto mate. Color universal. Ideal para usar encima de Hyaluron Filler Base o de cualquiera de las bases de maquillaje de SKINCARE MAKE UP.<\/h2>\n<p> THE SKINCARE MAKE UP, la gama de maquillaje perfeccionadora de la piel. Un completo sistema de diagn\u00f3stico, tratamiento y perfeccionamiento cut\u00e1neo, THE SKIN PERFECTIONIST para conseguir una piel perfecta y un acabado muy natural.<\/p>\n","protected":false},"featured_media":6885,"template":"","meta":{"_acf_changed":false},"product_brand":[],"product_cat":[1836],"product_tag":[],"class_list":{"0":"post-7451","1":"product","2":"type-product","3":"status-publish","4":"has-post-thumbnail","6":"product_cat-skincare-makeup","7":"no-featured-image-padding","8":"","9":"woocommerce-text-align-center","10":"woocommerce-image-align-center","12":"first","13":"instock","14":"product-type-simple"},"acf":[],"_links":{"self":[{"href":"https:\/\/hu.skeyndor.com\/es\/wp-json\/wp\/v2\/product\/7451","targetHints":{"allow":["GET"]}}],"collection":[{"href":"https:\/\/hu.skeyndor.com\/es\/wp-json\/wp\/v2\/product"}],"about":[{"href":"https:\/\/hu.skeyndor.com\/es\/wp-json\/wp\/v2\/types\/product"}],"version-history":[{"count":0,"href":"https:\/\/hu.skeyndor.com\/es\/wp-json\/wp\/v2\/product\/7451\/revisions"}],"wp:featuredmedia":[{"embeddable":true,"href":"https:\/\/hu.skeyndor.com\/es\/wp-json\/wp\/v2\/media\/6885"}],"wp:attachment":[{"href":"https:\/\/hu.skeyndor.com\/es\/wp-json\/wp\/v2\/media?parent=7451"}],"wp:term":[{"taxonomy":"product_brand","embeddable":true,"href":"https:\/\/hu.skeyndor.com\/es\/wp-json\/wp\/v2\/product_brand?post=7451"},{"taxonomy":"product_cat","embeddable":true,"href":"https:\/\/hu.skeyndor.com\/es\/wp-json\/wp\/v2\/product_cat?post=7451"},{"taxonomy":"product_tag","embeddable":true,"href":"https:\/\/hu.skeyndor.com\/es\/wp-json\/wp\/v2\/product_tag?post=7451"}],"curies":[{"name":"wp","href":"https:\/\/api.w.org\/{rel}","templated":true}]}}