{"id":7453,"date":"2022-03-21T19:25:43","date_gmt":"2022-03-21T19:25:43","guid":{"rendered":"https:\/\/www2.hu.skeyndor.com\/producto\/polvo-compacto-bronceador-vitamin-c-age-preventing-powder\/"},"modified":"2022-04-16T14:40:43","modified_gmt":"2022-04-16T14:40:43","slug":"polvo-compacto-bronceador-vitamin-c-age-preventing-powder","status":"publish","type":"product","link":"https:\/\/hu.skeyndor.com\/es\/producto\/polvo-compacto-bronceador-vitamin-c-age-preventing-powder\/","title":{"rendered":"Polvo compacto bronceador &#8211; Vitamin C Age Preventing powder"},"content":{"rendered":"<h4>TIPO DE PIEL<\/h4>\n<p>Todo tipo de pieles y apto incluso para pieles secas o estresadas por el sol.<\/p>\n<h4>INGREDIENTES ACTIVOS<\/h4>\n<p>Con Vitamina C que mejora luminosidad y la hidrataci\u00f3n. Con tecnolog\u00eda Matrix, proporciona una cantidad superior de emolientes que aseguran un mayor confort cut\u00e1neo.  <\/p>\n<h4>BENEFICIOS<\/h4>\n<p>La textura polvo suaviza la piel, la vitamina C y las ceramidas mejoran la luminosidad y el nivel de hidrataci\u00f3n natural de la peil y la tecnolog\u00eda matrix aporta comfort cut\u00e1neo. <\/p>\n<h4>CONSEJOS DE APLICACI\u00d3N<\/h4>\n<p>Con la ayuda de una brocha espec\u00edfica para polvos faciales, tomar una peque\u00f1a cantidad de producto y aplicar uniformmente mediante toques sobre el maquillaje. Precauci\u00f3n con el contorno de los ojos.<\/p>\n","protected":false},"excerpt":{"rendered":"<h2>Polvos compactos bronceadores de alta cobertura. Inspirados en tratamientos de cuidado cut\u00e1neo. De textura en polvo que retexturiza y suaviza la piel como una crema. Incluye vitamina C y ceramidas que mejoran la luminosidad y el nivel de hidrataci\u00f3n natural de la piel. Se fusiona a la piel con un acabado suave, satinado lleno de confort incluso en pieles secas o estresadas por el sol. Con tecnolog\u00eda Matrix, proporciona una cantidad superior de emolientes que aseguran un mayor confort cut\u00e1neo. Disponible en 2 tonos diferentes.<\/h2>\n<p> THE SKINCARE MAKE UP, la gama de maquillaje perfeccionadora de la piel. Un completo sistema de diagn\u00f3stico, tratamiento y perfeccionamiento cut\u00e1neo, THE SKIN PERFECTIONIST para conseguir una piel perfecta y un acabado muy natural.<\/p>\n","protected":false},"featured_media":6891,"template":"","meta":{"_acf_changed":false},"product_brand":[],"product_cat":[1836],"product_tag":[],"class_list":{"0":"post-7453","1":"product","2":"type-product","3":"status-publish","4":"has-post-thumbnail","6":"product_cat-skincare-makeup","7":"no-featured-image-padding","8":"","9":"woocommerce-text-align-center","10":"woocommerce-image-align-center","12":"first","13":"instock","14":"product-type-simple"},"acf":[],"_links":{"self":[{"href":"https:\/\/hu.skeyndor.com\/es\/wp-json\/wp\/v2\/product\/7453","targetHints":{"allow":["GET"]}}],"collection":[{"href":"https:\/\/hu.skeyndor.com\/es\/wp-json\/wp\/v2\/product"}],"about":[{"href":"https:\/\/hu.skeyndor.com\/es\/wp-json\/wp\/v2\/types\/product"}],"version-history":[{"count":0,"href":"https:\/\/hu.skeyndor.com\/es\/wp-json\/wp\/v2\/product\/7453\/revisions"}],"wp:featuredmedia":[{"embeddable":true,"href":"https:\/\/hu.skeyndor.com\/es\/wp-json\/wp\/v2\/media\/6891"}],"wp:attachment":[{"href":"https:\/\/hu.skeyndor.com\/es\/wp-json\/wp\/v2\/media?parent=7453"}],"wp:term":[{"taxonomy":"product_brand","embeddable":true,"href":"https:\/\/hu.skeyndor.com\/es\/wp-json\/wp\/v2\/product_brand?post=7453"},{"taxonomy":"product_cat","embeddable":true,"href":"https:\/\/hu.skeyndor.com\/es\/wp-json\/wp\/v2\/product_cat?post=7453"},{"taxonomy":"product_tag","embeddable":true,"href":"https:\/\/hu.skeyndor.com\/es\/wp-json\/wp\/v2\/product_tag?post=7453"}],"curies":[{"name":"wp","href":"https:\/\/api.w.org\/{rel}","templated":true}]}}