{"id":7455,"date":"2022-03-21T19:25:43","date_gmt":"2022-03-21T19:25:43","guid":{"rendered":"https:\/\/www2.hu.skeyndor.com\/producto\/polvos-ultra-suaves-highlight-powder-duo\/"},"modified":"2022-04-16T14:40:44","modified_gmt":"2022-04-16T14:40:44","slug":"polvos-ultra-suaves-highlight-powder-duo","status":"publish","type":"product","link":"https:\/\/hu.skeyndor.com\/es\/producto\/polvos-ultra-suaves-highlight-powder-duo\/","title":{"rendered":"Polvos ultra-suaves &#8211; Highlight powder duo"},"content":{"rendered":"<h4>TIPO DE PIEL<\/h4>\n<p>Todo tipo de pieles.<\/p>\n<h4>INGREDIENTES ACTIVOS<\/h4>\n<p>Incluye tecnolog\u00eda FOCUS y LIGHT FLEX que asegura un acabado suave, ligero y luminoso sobre la piel  <\/p>\n<h4>BENEFICIOS<\/h4>\n<p> Proporciona un acabado luminoso perlado totalmente modulable.Es un producto vers\u00e1til, puede usarse como iluminador focal sobre zonas espec\u00edficas, colorete, potenciador del bronceado, contouring y tambi\u00e9n como sombra de ojos. <\/p>\n<h4>CONSEJOS DE APLICACI\u00d3N<\/h4>\n<p>Con la ayuda de una brocha espec\u00edfica para polvos faciales, tomar una peque\u00f1a cantidad de producto y aplicar uniformmente mediante toques sobre el maquillaje. Precauci\u00f3n con el contorno de los ojos.<\/p>\n","protected":false},"excerpt":{"rendered":"<h2>Polvos ultra-suaves y d\u00fao tono &#8221; Build up&#8221; que pueden usarse como iluminador, colorete, potenciador del bronceado, contouring e incluso como sombra de ojos. Proporciona un acabado luminoso perlado totalmente modulable. Incluye tecnolog\u00eda FOCUS y LIGHT FLEX que asegura un acabado suave, ligero y luminoso sobre la piel. Producto vers\u00e1til, puede usarse como iluminador focal sobre zonas espec\u00edficas, colorete, potenciador del bronceado, contouring e incluso como sombra de ojos.<\/h2>\n<p>THE SKINCARE MAKE UP, la gama de maquillaje perfeccionadora de la piel. Un completo sistema de diagn\u00f3stico, tratamiento y perfeccionamiento cut\u00e1neo, THE SKIN PERFECTIONIST para conseguir una piel perfecta y un acabado muy natural.<\/p>\n","protected":false},"featured_media":6897,"template":"","meta":{"_acf_changed":false},"product_brand":[],"product_cat":[1836],"product_tag":[],"class_list":{"0":"post-7455","1":"product","2":"type-product","3":"status-publish","4":"has-post-thumbnail","6":"product_cat-skincare-makeup","7":"no-featured-image-padding","8":"","9":"woocommerce-text-align-center","10":"woocommerce-image-align-center","12":"first","13":"instock","14":"product-type-simple"},"acf":[],"_links":{"self":[{"href":"https:\/\/hu.skeyndor.com\/es\/wp-json\/wp\/v2\/product\/7455","targetHints":{"allow":["GET"]}}],"collection":[{"href":"https:\/\/hu.skeyndor.com\/es\/wp-json\/wp\/v2\/product"}],"about":[{"href":"https:\/\/hu.skeyndor.com\/es\/wp-json\/wp\/v2\/types\/product"}],"version-history":[{"count":0,"href":"https:\/\/hu.skeyndor.com\/es\/wp-json\/wp\/v2\/product\/7455\/revisions"}],"wp:featuredmedia":[{"embeddable":true,"href":"https:\/\/hu.skeyndor.com\/es\/wp-json\/wp\/v2\/media\/6897"}],"wp:attachment":[{"href":"https:\/\/hu.skeyndor.com\/es\/wp-json\/wp\/v2\/media?parent=7455"}],"wp:term":[{"taxonomy":"product_brand","embeddable":true,"href":"https:\/\/hu.skeyndor.com\/es\/wp-json\/wp\/v2\/product_brand?post=7455"},{"taxonomy":"product_cat","embeddable":true,"href":"https:\/\/hu.skeyndor.com\/es\/wp-json\/wp\/v2\/product_cat?post=7455"},{"taxonomy":"product_tag","embeddable":true,"href":"https:\/\/hu.skeyndor.com\/es\/wp-json\/wp\/v2\/product_tag?post=7455"}],"curies":[{"name":"wp","href":"https:\/\/api.w.org\/{rel}","templated":true}]}}