{"id":9093,"date":"2022-04-16T14:33:23","date_gmt":"2022-04-16T14:33:23","guid":{"rendered":"https:\/\/www2.hu.skeyndor.com\/producto\/body-plan-365-kit-slim-drone\/"},"modified":"2024-10-04T14:50:38","modified_gmt":"2024-10-04T12:50:38","slug":"ritual-reductor-slim-drone","status":"publish","type":"product","link":"https:\/\/hu.skeyndor.com\/es\/producto\/ritual-reductor-slim-drone\/","title":{"rendered":"Ritual reductor -Slim Drone"},"content":{"rendered":"<h4>CONTENIDO DEL KIT<\/h4>\n<p>El ritual reductor contiene el <a href=\"https:\/\/hu.skeyndor.com\/producto\/slim-drone-gel-crema-doble-dron-remodelante\/\">gel crema de Slim Drone<\/a> de 150ml. Gracias a la tecnolog\u00eda doble dron (anticelul\u00edtico y reafirmante) es un producto con acci\u00f3n global remodelante, adecuado para la piel de naranja, el exceso de volumen y la flacidez. Contiene tambi\u00e9n otros ingredientes activos, como la cafe\u00edna, que ayudan a redefinir el contorno corporal. Adem\u00e1s consigue como regalo, un rodillo de maderoterapia para potenciar los efectos del GEL CREMA REMODELANTE.<br \/>\nCon la combinaci\u00f3n del GEL CREMA REMODELANTE y el rodillo de maderoterapia se consigue remodelar la silueta y eliminar la grasa acumulada de manera mucho m\u00e1s eficaz y con mejores resultados.<\/p>\n<h4>TIPO DE PIEL<\/h4>\n<p>Indicado para todo tipo de pieles, especialmente pieles con flacidez, celulitis blanda, celulitis compacta, celulitis edematosa y con adiposidad.<\/p>\n<h4>BENEFICIOS<\/h4>\n<p>Con el tratamiento en cabina y seguimiento en casa, mejora la piel de naranja, reduce el contorno y el volumen y reafirma el abdomen, y consigue una piel sana y cuidada.<br \/>\nConsigue unos resultados de hasta 5CM menos de ABDOMEN Y HASTA 6 CM menos de CADERA.<\/p>\n<h4>MODO DE APLICACION<\/h4>\n<p>Mira en este video el modo de aplicaci\u00f3n del rodillo, para obtener mejores resultados con el RITUAL REDUCTOR.<\/p>\n<div style=\"padding: 56.25% 0 0 0; position: relative;\"><iframe style=\"position: absolute; top: 0; left: 0; width: 100%; height: 100%;\"  src=\"https:\/\/player.vimeo.com\/video\/906360974?badge=0&amp;autopause=0&amp;player_id=0&amp;app_id=58479\" frameborder=\"0\"><\/iframe><\/div>\n<p><script src=\"https:\/\/player.vimeo.com\/api\/player.js\"><\/script><\/p>\n<p>&nbsp;<\/p>\n<p>Descubre tambi\u00e9n el <a href=\"https:\/\/hu.skeyndor.com\/producto\/ritual-relajante-spa-senses\/\" target=\"_blank\" rel=\"noopener\">Ritual relajante de Spa Senses<\/a><br \/>\n<a href=\"https:\/\/hu.skeyndor.com\/producto\/ritual-relajante-spa-senses\/\" target=\"_blank\" rel=\"noopener\"><img fetchpriority=\"high\" decoding=\"async\" class=\"aligncenter size-full wp-image-29283\" src=\"https:\/\/hu.skeyndor.com\/wp-content\/uploads\/sites\/2\/2023\/01\/410_2S4A2118-scaled.jpg\" alt=\"\" width=\"2560\" height=\"1707\" srcset=\"https:\/\/hu.skeyndor.com\/wp-content\/uploads\/sites\/2\/2023\/01\/410_2S4A2118-scaled.jpg 2560w, https:\/\/hu.skeyndor.com\/wp-content\/uploads\/sites\/2\/2023\/01\/410_2S4A2118-300x200.jpg 300w, https:\/\/hu.skeyndor.com\/wp-content\/uploads\/sites\/2\/2023\/01\/410_2S4A2118-1024x683.jpg 1024w, https:\/\/hu.skeyndor.com\/wp-content\/uploads\/sites\/2\/2023\/01\/410_2S4A2118-768x512.jpg 768w, https:\/\/hu.skeyndor.com\/wp-content\/uploads\/sites\/2\/2023\/01\/410_2S4A2118-1536x1024.jpg 1536w, https:\/\/hu.skeyndor.com\/wp-content\/uploads\/sites\/2\/2023\/01\/410_2S4A2118-2048x1365.jpg 2048w, https:\/\/hu.skeyndor.com\/wp-content\/uploads\/sites\/2\/2023\/01\/410_2S4A2118-600x400.jpg 600w, https:\/\/hu.skeyndor.com\/wp-content\/uploads\/sites\/2\/2023\/01\/410_2S4A2118-64x43.jpg 64w\" sizes=\"(max-width: 2560px) 100vw, 2560px\" \/><\/a><\/p>\n","protected":false},"excerpt":{"rendered":"<h2>Ritual reductor Slim drone<\/h2>\n<p>Conectar y cuidar todo tu cuerpo, el alma y la mente para sacar lo mejor de ti.<br \/>\nSe pueden combinar tratamientos reductores, anticelul\u00edticos y reafirmantes, siguiendo la prescripci\u00f3n de la esteticista, que consiste en el DIAGNOSTICO CORPORAL que se realiza en cabina previamente y se hace seguimiento en casa con la combinaci\u00f3n del Gel Crema doble Dron remodelante y el rodillo remodelante de maderoterapia.<\/p>\n","protected":false},"featured_media":29200,"template":"","meta":{"_acf_changed":false},"product_brand":[],"product_cat":[1874],"product_tag":[509,1787,2030,2039,2036,506,383,492,822,869,508,2033,2034],"class_list":{"0":"post-9093","1":"product","2":"type-product","3":"status-publish","4":"has-post-thumbnail","6":"product_cat-regala-belleza","7":"product_tag-anticelulitis","8":"product_tag-body","9":"product_tag-body-kit","10":"product_tag-bodyplan","11":"product_tag-cellulite","12":"product_tag-celulitis","13":"product_tag-corporal","14":"product_tag-crema-corporal","15":"product_tag-kit","16":"product_tag-naranja","17":"product_tag-piel-de-naranja","18":"product_tag-remodelling","19":"product_tag-slimdrone","20":"no-featured-image-padding","21":"","22":"woocommerce-text-align-center","23":"woocommerce-image-align-center","25":"first","26":"instock","27":"purchasable","28":"product-type-simple"},"acf":[],"_links":{"self":[{"href":"https:\/\/hu.skeyndor.com\/es\/wp-json\/wp\/v2\/product\/9093","targetHints":{"allow":["GET"]}}],"collection":[{"href":"https:\/\/hu.skeyndor.com\/es\/wp-json\/wp\/v2\/product"}],"about":[{"href":"https:\/\/hu.skeyndor.com\/es\/wp-json\/wp\/v2\/types\/product"}],"version-history":[{"count":0,"href":"https:\/\/hu.skeyndor.com\/es\/wp-json\/wp\/v2\/product\/9093\/revisions"}],"wp:featuredmedia":[{"embeddable":true,"href":"https:\/\/hu.skeyndor.com\/es\/wp-json\/wp\/v2\/media\/29200"}],"wp:attachment":[{"href":"https:\/\/hu.skeyndor.com\/es\/wp-json\/wp\/v2\/media?parent=9093"}],"wp:term":[{"taxonomy":"product_brand","embeddable":true,"href":"https:\/\/hu.skeyndor.com\/es\/wp-json\/wp\/v2\/product_brand?post=9093"},{"taxonomy":"product_cat","embeddable":true,"href":"https:\/\/hu.skeyndor.com\/es\/wp-json\/wp\/v2\/product_cat?post=9093"},{"taxonomy":"product_tag","embeddable":true,"href":"https:\/\/hu.skeyndor.com\/es\/wp-json\/wp\/v2\/product_tag?post=9093"}],"curies":[{"name":"wp","href":"https:\/\/api.w.org\/{rel}","templated":true}]}}